{"id":9606,"date":"2024-08-20T13:17:53","date_gmt":"2024-08-20T11:17:53","guid":{"rendered":"https:\/\/luxe-vakantiehuis-dordogne-wordpress.clweb.nl\/our-tips-perigord-blanc\/"},"modified":"2024-10-31T07:21:43","modified_gmt":"2024-10-31T06:21:43","slug":"our-tips-perigord-blanc","status":"publish","type":"page","link":"https:\/\/luxevakantiehuis-dordogne.com\/en\/our-tips-perigord-blanc\/","title":{"rendered":"Our tips: P\u00e9rigord Blanc"},"content":{"rendered":"\n<div class=\"wp-block-media-text has-media-on-the-right is-stacked-on-mobile is-vertically-aligned-top left\" style=\"grid-template-columns:auto 66%\"><div class=\"wp-block-media-text__content\">\n<h4 class=\"wp-block-heading\">Our tips for the area<\/h4>\n\n\n\n<h2 class=\"wp-block-heading\">P\u00e9rigord Blanc<\/h2>\n\n\n<div id=\"divider-wrapperblock_ead349a14e9dbdb499e6969d59444931\" class=\"divider-wrap narrow\">\r\n        <div class=\"divider red\"><\/div> \r\n    <\/div>\r\n\r\n\n\n\n<ul class=\"wp-block-list\">\n<li>Perigueux Cathedral<\/li>\n\n\n\n<li>Picturesque Neuvic and Saint-Astier<\/li>\n\n\n\n<li>Truffle town Sorges<\/li>\n<\/ul>\n\n\n\n<p>Explore the enchanting P\u00e9rigord Blanc, the heart of the Dordogne, where white limestone shapes the landscape.  <\/p>\n\n\n\n<p>Visit <strong><a href=\"https:\/\/luxevakantiehuis-dordogne.com\/en\/our-tips\/perigueux-travel-guide\/\" data-type=\"onze-tips\" data-id=\"4928\">P\u00e9rigueux<\/a><\/strong>, a city full of charm, known for its magnificent cathedral and atmospheric medieval streets. Head west to discover <strong>Neuvic<\/strong> and <strong>Saint-Astier<\/strong>, where history and local culture invite you to explore. Venture east to <strong><a href=\"https:\/\/luxevakantiehuis-dordogne.com\/en\/our-tips\/sorges-truffle-capital\/\" data-type=\"onze-tips\" data-id=\"4594\">Sorges, the truffle capital<\/a><\/strong>, and unlock the culinary secrets of the famous black truffles.   <\/p>\n\n\n\n<p>The P\u00e9rigord Blanc is a hidden gem, perfect for hiking and cycling enthusiasts!<span style=\"font-family: Arial, Helvetica, sans-serif; white-space-collapse: collapse; font-size: 14px;\"><\/span><\/p>\n\n\n\n<p>Click here for the <a href=\"https:\/\/www.google.com\/maps\/d\/u\/0\/viewer?mid=1OzFr5EYrCY2ycun5BVS4pnkK6Nc&amp;femb=1&amp;ll=45.14256420588107%2C0.5145730000000182&amp;z=10\" target=\"_blank\" rel=\"noreferrer noopener\">Pre-Holiday Map<\/a> and <a href=\"https:\/\/luxevakantiehuis-dordogne.com\/en\/holiday-tips\/\" data-type=\"page\" data-id=\"3983\">ask Wendy<\/a> about a personalised VIP package.<\/p>\n<\/div><figure class=\"wp-block-media-text__media\"><img loading=\"lazy\" decoding=\"async\" width=\"1024\" height=\"841\" src=\"https:\/\/luxevakantiehuis-dordogne.com\/wp-content\/uploads\/2024\/08\/kaart-perigord-blanc-luxe-vakantiehuis-dordogne-1024x841.jpg\" alt=\"Map Perigord Blanc Luxury Rentals Dordogne\" class=\"wp-image-1184 size-full\" srcset=\"https:\/\/luxevakantiehuis-dordogne.com\/wp-content\/uploads\/2024\/08\/kaart-perigord-blanc-luxe-vakantiehuis-dordogne-1024x841.jpg 1024w, https:\/\/luxevakantiehuis-dordogne.com\/wp-content\/uploads\/2024\/08\/kaart-perigord-blanc-luxe-vakantiehuis-dordogne-300x247.jpg 300w, https:\/\/luxevakantiehuis-dordogne.com\/wp-content\/uploads\/2024\/08\/kaart-perigord-blanc-luxe-vakantiehuis-dordogne-768x631.jpg 768w, https:\/\/luxevakantiehuis-dordogne.com\/wp-content\/uploads\/2024\/08\/kaart-perigord-blanc-luxe-vakantiehuis-dordogne.jpg 1200w\" sizes=\"auto, (max-width: 1024px) 100vw, 1024px\" \/><\/figure><\/div>\n\n<div class=\"wp-block-group margin-bottom-small is-layout-constrained wp-block-group-is-layout-constrained\"><div class=\"wp-block-group__inner-container\">\n<div class=\"wp-block-buttons is-content-justification-space-between is-layout-flex wp-container-core-buttons-is-layout-b2891da8 wp-block-buttons-is-layout-flex\">\n<div class=\"wp-block-button\"><a class=\"wp-block-button__link has-ast-global-color-5-color has-text-color has-link-color wp-element-button\" href=\"https:\/\/luxevakantiehuis-dordogne.com\/en\/our-tips-charente\/\">Charente<\/a><\/div>\n\n\n\n<div class=\"wp-block-button\"><a class=\"wp-block-button__link has-ast-global-color-5-color has-text-color has-link-color wp-element-button\" href=\"https:\/\/luxevakantiehuis-dordogne.com\/en\/our-tips-lot-et-garonne\/\">Lot-et-Garonne<\/a><\/div>\n\n\n\n<div class=\"wp-block-button\"><a class=\"wp-block-button__link has-ast-global-color-5-color has-text-color has-link-color wp-element-button\" href=\"https:\/\/luxevakantiehuis-dordogne.com\/category\/our-tips-perigord-noir\/\">P\u00e9rigord Noir<\/a><\/div>\n\n\n\n<div class=\"wp-block-button\"><a class=\"wp-block-button__link has-ast-global-color-5-color has-text-color has-link-color wp-element-button\" href=\"https:\/\/luxevakantiehuis-dordogne.com\/en\/our-tips-perigord-pourpre\/\">P\u00e9rigord Pourpre<\/a><\/div>\n\n\n\n<div class=\"wp-block-button\"><a class=\"wp-block-button__link has-ast-global-color-5-color has-text-color has-link-color wp-element-button\" href=\"https:\/\/luxevakantiehuis-dordogne.com\/en\/our-tips-perigord-vert\/\">P\u00e9rigord Vert<\/a><\/div>\n<\/div>\n<\/div><\/div>\n\n<div class=\"wp-block-group is-layout-constrained wp-block-group-is-layout-constrained\"><div class=\"wp-block-group__inner-container\">\n\t\t\t<div class=\"wp-block-uagb-post-grid uagb-post-grid  uagb-post__image-position-top uagb-post__image-enabled uagb-block-a06b10ca     uagb-post__items uagb-post__columns-3 is-grid uagb-post__columns-tablet-2 uagb-post__columns-mobile-1 uagb-post__equal-height\" data-total=\"1\" style=\"\">\n\n\t\t\t\t\t\t\t\t\t\t\t\t<article class=\"uagb-post__inner-wrap\">\t\t\t\t\t\t\t\t<div class='uagb-post__image'>\n\t\t\t\t\t\t\t\t\t<a href=\"https:\/\/luxevakantiehuis-dordogne.com\/en\/our-tips\/perigueux-travel-guide\/\" target=\"_self\" rel=\"bookmark noopener noreferrer\" class='uagb-image-ratio-inherit'><img loading=\"lazy\" decoding=\"async\" width=\"1024\" height=\"670\" src=\"https:\/\/luxevakantiehuis-dordogne.com\/wp-content\/uploads\/2024\/10\/perigueux-luxe-vakantiehuis-dordogne-1024x670.jpg\" class=\"attachment-large size-large\" alt=\"perigueux luxe vakantiehuis dordogne\" srcset=\"https:\/\/luxevakantiehuis-dordogne.com\/wp-content\/uploads\/2024\/10\/perigueux-luxe-vakantiehuis-dordogne-1024x670.jpg 1024w, https:\/\/luxevakantiehuis-dordogne.com\/wp-content\/uploads\/2024\/10\/perigueux-luxe-vakantiehuis-dordogne-300x196.jpg 300w, https:\/\/luxevakantiehuis-dordogne.com\/wp-content\/uploads\/2024\/10\/perigueux-luxe-vakantiehuis-dordogne-768x503.jpg 768w, https:\/\/luxevakantiehuis-dordogne.com\/wp-content\/uploads\/2024\/10\/perigueux-luxe-vakantiehuis-dordogne.jpg 1100w\" sizes=\"auto, (max-width: 1024px) 100vw, 1024px\" \/>\t\t\t\t\t<\/a>\n\t\t\t\t\t\t\t<\/div>\n\t\t\t\t\t\t<h4 class=\"uagb-post__title uagb-post__text\">\n\t\t\t\t<a href=\"https:\/\/luxevakantiehuis-dordogne.com\/en\/our-tips\/perigueux-travel-guide\/\" target=\"_self\" rel=\"bookmark noopener noreferrer\">P\u00e9rigueux travel guide<\/a>\n\t\t\t<\/h4>\n\t\t\t\t\t\t<div class='uagb-post__text uagb-post-grid-byline'>\n\t\t\t\t\t\t\t<\/div>\n\t\t\t\t\t\t\t<div class='uagb-post__text uagb-post__excerpt'>\n\t\t\t\t\t<p>P\u00e9rigueux is the capital of P\u00e9rigord Blanc. Located 66 kilometres north-west of Sarlat, this historic town offers a rich mix&#8230;\t\t\t\t<\/div>\n\t\t\t\t\t\t<div class=\"uagb-post__text uagb-post__cta wp-block-button\">\n\t\t\t\t<a class=\"wp-block-button__link uagb-text-link\" style=\"\" href=\"https:\/\/luxevakantiehuis-dordogne.com\/en\/our-tips\/perigueux-travel-guide\/\" target=\"_self\" rel=\"bookmark noopener noreferrer\">Read More<\/a>\n\t\t\t<\/div>\n\t\t\t\n\t\t\t\t\t\t\t\t\t<\/article>\n\t\t\t\t\t\t\t\t\t\t\t\t\t\t\t\t<article class=\"uagb-post__inner-wrap\">\t\t\t\t\t\t\t\t<div class='uagb-post__image'>\n\t\t\t\t\t\t\t\t\t<a href=\"https:\/\/luxevakantiehuis-dordogne.com\/en\/our-tips\/sorges-truffle-capital\/\" target=\"_self\" rel=\"bookmark noopener noreferrer\" class='uagb-image-ratio-inherit'><img loading=\"lazy\" decoding=\"async\" width=\"1024\" height=\"670\" src=\"https:\/\/luxevakantiehuis-dordogne.com\/wp-content\/uploads\/2024\/10\/perigord-vert-sorges-truffel-luxevakantiehuisdordogne-1024x670.jpg\" class=\"attachment-large size-large\" alt=\"Sorges, de hoofdstad van de truffel - Luxe Vakantiehuis Dordogne\" srcset=\"https:\/\/luxevakantiehuis-dordogne.com\/wp-content\/uploads\/2024\/10\/perigord-vert-sorges-truffel-luxevakantiehuisdordogne-1024x670.jpg 1024w, https:\/\/luxevakantiehuis-dordogne.com\/wp-content\/uploads\/2024\/10\/perigord-vert-sorges-truffel-luxevakantiehuisdordogne-300x196.jpg 300w, https:\/\/luxevakantiehuis-dordogne.com\/wp-content\/uploads\/2024\/10\/perigord-vert-sorges-truffel-luxevakantiehuisdordogne-768x503.jpg 768w, https:\/\/luxevakantiehuis-dordogne.com\/wp-content\/uploads\/2024\/10\/perigord-vert-sorges-truffel-luxevakantiehuisdordogne.jpg 1100w\" sizes=\"auto, (max-width: 1024px) 100vw, 1024px\" \/>\t\t\t\t\t<\/a>\n\t\t\t\t\t\t\t<\/div>\n\t\t\t\t\t\t<h4 class=\"uagb-post__title uagb-post__text\">\n\t\t\t\t<a href=\"https:\/\/luxevakantiehuis-dordogne.com\/en\/our-tips\/sorges-truffle-capital\/\" target=\"_self\" rel=\"bookmark noopener noreferrer\">Sorges: truffle capital<\/a>\n\t\t\t<\/h4>\n\t\t\t\t\t\t<div class='uagb-post__text uagb-post-grid-byline'>\n\t\t\t\t\t\t\t<\/div>\n\t\t\t\t\t\t\t<div class='uagb-post__text uagb-post__excerpt'>\n\t\t\t\t\t<p>Known as the \u2018truffle centre\u2019 of France, this charming village is the proud keeper of a centuries-old tradition: the cultivation&#8230;\t\t\t\t<\/div>\n\t\t\t\t\t\t<div class=\"uagb-post__text uagb-post__cta wp-block-button\">\n\t\t\t\t<a class=\"wp-block-button__link uagb-text-link\" style=\"\" href=\"https:\/\/luxevakantiehuis-dordogne.com\/en\/our-tips\/sorges-truffle-capital\/\" target=\"_self\" rel=\"bookmark noopener noreferrer\">Read More<\/a>\n\t\t\t<\/div>\n\t\t\t\n\t\t\t\t\t\t\t\t\t<\/article>\n\t\t\t\t\t\t\t\t\t\t\t\t\t\t\t\t<article class=\"uagb-post__inner-wrap\">\t\t\t\t\t\t\t\t<div class='uagb-post__image'>\n\t\t\t\t\t\t\t\t\t<a href=\"https:\/\/luxevakantiehuis-dordogne.com\/en\/our-tips\/lessentiel-a-taste-of-the-perigord\/\" target=\"_self\" rel=\"bookmark noopener noreferrer\" class='uagb-image-ratio-inherit'><img loading=\"lazy\" decoding=\"async\" width=\"1024\" height=\"670\" src=\"https:\/\/luxevakantiehuis-dordogne.com\/wp-content\/uploads\/2024\/10\/essentiel-restaurant-perigueux-luxuryrentalsdordogne-1024x670.jpg\" class=\"attachment-large size-large\" alt=\"Culinaire creaties bij L\u2019Essentiel in P\u00e9rigueux, waar lokale smaken en moderne gerechten samenkomen.\" srcset=\"https:\/\/luxevakantiehuis-dordogne.com\/wp-content\/uploads\/2024\/10\/essentiel-restaurant-perigueux-luxuryrentalsdordogne-1024x670.jpg 1024w, https:\/\/luxevakantiehuis-dordogne.com\/wp-content\/uploads\/2024\/10\/essentiel-restaurant-perigueux-luxuryrentalsdordogne-300x196.jpg 300w, https:\/\/luxevakantiehuis-dordogne.com\/wp-content\/uploads\/2024\/10\/essentiel-restaurant-perigueux-luxuryrentalsdordogne-768x503.jpg 768w, https:\/\/luxevakantiehuis-dordogne.com\/wp-content\/uploads\/2024\/10\/essentiel-restaurant-perigueux-luxuryrentalsdordogne.jpg 1100w\" sizes=\"auto, (max-width: 1024px) 100vw, 1024px\" \/>\t\t\t\t\t<\/a>\n\t\t\t\t\t\t\t<\/div>\n\t\t\t\t\t\t<h4 class=\"uagb-post__title uagb-post__text\">\n\t\t\t\t<a href=\"https:\/\/luxevakantiehuis-dordogne.com\/en\/our-tips\/lessentiel-a-taste-of-the-perigord\/\" target=\"_self\" rel=\"bookmark noopener noreferrer\">L&#8217;Essentiel: a taste of the P\u00e9rigord<\/a>\n\t\t\t<\/h4>\n\t\t\t\t\t\t<div class='uagb-post__text uagb-post-grid-byline'>\n\t\t\t\t\t\t\t<\/div>\n\t\t\t\t\t\t\t<div class='uagb-post__text uagb-post__excerpt'>\n\t\t\t\t\t<p>Want to experience P\u00e9rigord at its best? At L&#8217;Essentiel in P\u00e9rigueux, you&#8217;ll find modern dishes that combine the traditions of&#8230;\t\t\t\t<\/div>\n\t\t\t\t\t\t<div class=\"uagb-post__text uagb-post__cta wp-block-button\">\n\t\t\t\t<a class=\"wp-block-button__link uagb-text-link\" style=\"\" href=\"https:\/\/luxevakantiehuis-dordogne.com\/en\/our-tips\/lessentiel-a-taste-of-the-perigord\/\" target=\"_self\" rel=\"bookmark noopener noreferrer\">Read More<\/a>\n\t\t\t<\/div>\n\t\t\t\n\t\t\t\t\t\t\t\t\t<\/article>\n\t\t\t\t\t\t\t\t\t\t\t\t\t\t\t\t<article class=\"uagb-post__inner-wrap\">\t\t\t\t\t\t\t\t<div class='uagb-post__image'>\n\t\t\t\t\t\t\t\t\t<a href=\"https:\/\/luxevakantiehuis-dordogne.com\/en\/our-tips\/caviar-tasting-in-the-perigord-blanc\/\" target=\"_self\" rel=\"bookmark noopener noreferrer\" class='uagb-image-ratio-inherit'><img loading=\"lazy\" decoding=\"async\" width=\"1024\" height=\"670\" src=\"https:\/\/luxevakantiehuis-dordogne.com\/wp-content\/uploads\/2024\/10\/caviar-neuvic-4-1024x670.jpg\" class=\"attachment-large size-large\" alt=\"caviar neuvic\" srcset=\"https:\/\/luxevakantiehuis-dordogne.com\/wp-content\/uploads\/2024\/10\/caviar-neuvic-4-1024x670.jpg 1024w, https:\/\/luxevakantiehuis-dordogne.com\/wp-content\/uploads\/2024\/10\/caviar-neuvic-4-300x196.jpg 300w, https:\/\/luxevakantiehuis-dordogne.com\/wp-content\/uploads\/2024\/10\/caviar-neuvic-4-768x503.jpg 768w, https:\/\/luxevakantiehuis-dordogne.com\/wp-content\/uploads\/2024\/10\/caviar-neuvic-4.jpg 1100w\" sizes=\"auto, (max-width: 1024px) 100vw, 1024px\" \/>\t\t\t\t\t<\/a>\n\t\t\t\t\t\t\t<\/div>\n\t\t\t\t\t\t<h4 class=\"uagb-post__title uagb-post__text\">\n\t\t\t\t<a href=\"https:\/\/luxevakantiehuis-dordogne.com\/en\/our-tips\/caviar-tasting-in-the-perigord-blanc\/\" target=\"_self\" rel=\"bookmark noopener noreferrer\">Caviar tasting in the P\u00e9rigord Blanc<\/a>\n\t\t\t<\/h4>\n\t\t\t\t\t\t<div class='uagb-post__text uagb-post-grid-byline'>\n\t\t\t\t\t\t\t<\/div>\n\t\t\t\t\t\t\t<div class='uagb-post__text uagb-post__excerpt'>\n\t\t\t\t\t<p>Visit sturgeon farm \u2018Caviar de Neuvic\u2019 and take a look behind the scenes. A guide will take you around the&#8230;\t\t\t\t<\/div>\n\t\t\t\t\t\t<div class=\"uagb-post__text uagb-post__cta wp-block-button\">\n\t\t\t\t<a class=\"wp-block-button__link uagb-text-link\" style=\"\" href=\"https:\/\/luxevakantiehuis-dordogne.com\/en\/our-tips\/caviar-tasting-in-the-perigord-blanc\/\" target=\"_self\" rel=\"bookmark noopener noreferrer\">Read More<\/a>\n\t\t\t<\/div>\n\t\t\t\n\t\t\t\t\t\t\t\t\t<\/article>\n\t\t\t\t\t\t\t\t\t\t\t\t\t\t\t\t<article class=\"uagb-post__inner-wrap\">\t\t\t\t\t\t\t\t<div class='uagb-post__image'>\n\t\t\t\t\t\t\t\t\t<a href=\"https:\/\/luxevakantiehuis-dordogne.com\/en\/our-tips\/bike-rental-at-perigueux\/\" target=\"_self\" rel=\"bookmark noopener noreferrer\" class='uagb-image-ratio-inherit'><img loading=\"lazy\" decoding=\"async\" width=\"1024\" height=\"670\" src=\"https:\/\/luxevakantiehuis-dordogne.com\/wp-content\/uploads\/2024\/10\/3a-bikes-trelissac-1024x670.jpg\" class=\"attachment-large size-large\" alt=\"Fietsen langs de Voie Vert in P\u00e9rigueux, ideaal voor een ontspannen ontdekkingstocht.\" srcset=\"https:\/\/luxevakantiehuis-dordogne.com\/wp-content\/uploads\/2024\/10\/3a-bikes-trelissac-1024x670.jpg 1024w, https:\/\/luxevakantiehuis-dordogne.com\/wp-content\/uploads\/2024\/10\/3a-bikes-trelissac-300x196.jpg 300w, https:\/\/luxevakantiehuis-dordogne.com\/wp-content\/uploads\/2024\/10\/3a-bikes-trelissac-768x503.jpg 768w, https:\/\/luxevakantiehuis-dordogne.com\/wp-content\/uploads\/2024\/10\/3a-bikes-trelissac.jpg 1100w\" sizes=\"auto, (max-width: 1024px) 100vw, 1024px\" \/>\t\t\t\t\t<\/a>\n\t\t\t\t\t\t\t<\/div>\n\t\t\t\t\t\t<h4 class=\"uagb-post__title uagb-post__text\">\n\t\t\t\t<a href=\"https:\/\/luxevakantiehuis-dordogne.com\/en\/our-tips\/bike-rental-at-perigueux\/\" target=\"_self\" rel=\"bookmark noopener noreferrer\">Bike rental at Perigueux<\/a>\n\t\t\t<\/h4>\n\t\t\t\t\t\t<div class='uagb-post__text uagb-post-grid-byline'>\n\t\t\t\t\t\t\t<\/div>\n\t\t\t\t\t\t\t<div class='uagb-post__text uagb-post__excerpt'>\n\t\t\t\t\t<p>3A Bikes rents out bikes near P\u00e9rigueux. Great fun to explore the city at your own pace. Wide cycle paths&#8230;\t\t\t\t<\/div>\n\t\t\t\t\t\t<div class=\"uagb-post__text uagb-post__cta wp-block-button\">\n\t\t\t\t<a class=\"wp-block-button__link uagb-text-link\" style=\"\" href=\"https:\/\/luxevakantiehuis-dordogne.com\/en\/our-tips\/bike-rental-at-perigueux\/\" target=\"_self\" rel=\"bookmark noopener noreferrer\">Read More<\/a>\n\t\t\t<\/div>\n\t\t\t\n\t\t\t\t\t\t\t\t\t<\/article>\n\t\t\t\t\t\t\t\t\t\t\t<\/div>\n\t\t\t<\/div><\/div>\n\n<div class=\"wp-block-group left is-layout-constrained wp-block-group-is-layout-constrained\"><div class=\"wp-block-group__inner-container\">\n<h4 class=\"wp-block-heading\">Even More Tips from Us and Our Homeowners<\/h4>\n\n\n\n<h2 class=\"wp-block-heading\">Pre-Holiday Map<\/h2>\n\n\n<div id=\"divider-wrapperblock_ead349a14e9dbdb499e6969d59444931\" class=\"divider-wrap narrow\">\r\n        <div class=\"divider red\"><\/div> \r\n    <\/div>\r\n\r\n\n\n\n<p><strong>Map instructions<\/strong><br\/>1. Open the map in a new window by clicking the &#8216;square&#8217; icon in the top right corner.<br\/>2. Zoom in or out as needed.<br\/>3. Use the search bar to find your home and explore the surrounding area.<br\/>You can also search for activities or places.<\/p>\n\n\n\n<iframe loading=\"lazy\" src=\"https:\/\/www.google.com\/maps\/d\/embed?mid=1OzFr5EYrCY2ycun5BVS4pnkK6Nc&#038;ehbc=2E312F\" width=\"100%\" height=\"554\"><\/iframe>\n<\/div><\/div>\n","protected":false},"excerpt":{"rendered":"<p>Even More Tips from Us and Our Homeowners Pre-Holiday Map Map instructions1. Open the map in a new window by clicking the &#8216;square&#8217; icon in the top right corner.2. Zoom in or out as needed.3. Use the search bar to find your home and explore the surrounding area.You can also search for activities or places.<\/p>\n","protected":false},"author":5,"featured_media":4474,"parent":0,"menu_order":0,"comment_status":"closed","ping_status":"closed","template":"page-tips.php","meta":{"_acf_changed":false,"_seopress_robots_primary_cat":"","_seopress_titles_title":"Discover the P\u00e9rigord Blanc: Tips from Luxury Rentals Dordogne","_seopress_titles_desc":"Explore the P\u00e9rigord Blanc with tips for P\u00e9rigueux, truffles, and more. Enjoy a luxury holiday home in the beautiful Dordogne! ","_seopress_robots_index":"","_uag_custom_page_level_css":"","site-sidebar-layout":"default","site-content-layout":"","ast-site-content-layout":"default","site-content-style":"default","site-sidebar-style":"default","ast-global-header-display":"","ast-banner-title-visibility":"","ast-main-header-display":"","ast-hfb-above-header-display":"","ast-hfb-below-header-display":"","ast-hfb-mobile-header-display":"","site-post-title":"","ast-breadcrumbs-content":"","ast-featured-img":"","footer-sml-layout":"","ast-disable-related-posts":"","theme-transparent-header-meta":"","adv-header-id-meta":"","stick-header-meta":"","header-above-stick-meta":"","header-main-stick-meta":"","header-below-stick-meta":"","astra-migrate-meta-layouts":"default","ast-page-background-enabled":"default","ast-page-background-meta":{"desktop":{"background-color":"var(--ast-global-color-4)","background-image":"","background-repeat":"repeat","background-position":"center center","background-size":"auto","background-attachment":"scroll","background-type":"","background-media":"","overlay-type":"","overlay-color":"","overlay-opacity":"","overlay-gradient":""},"tablet":{"background-color":"","background-image":"","background-repeat":"repeat","background-position":"center center","background-size":"auto","background-attachment":"scroll","background-type":"","background-media":"","overlay-type":"","overlay-color":"","overlay-opacity":"","overlay-gradient":""},"mobile":{"background-color":"","background-image":"","background-repeat":"repeat","background-position":"center center","background-size":"auto","background-attachment":"scroll","background-type":"","background-media":"","overlay-type":"","overlay-color":"","overlay-opacity":"","overlay-gradient":""}},"ast-content-background-meta":{"desktop":{"background-color":"var(--ast-global-color-5)","background-image":"","background-repeat":"repeat","background-position":"center center","background-size":"auto","background-attachment":"scroll","background-type":"","background-media":"","overlay-type":"","overlay-color":"","overlay-opacity":"","overlay-gradient":""},"tablet":{"background-color":"var(--ast-global-color-5)","background-image":"","background-repeat":"repeat","background-position":"center center","background-size":"auto","background-attachment":"scroll","background-type":"","background-media":"","overlay-type":"","overlay-color":"","overlay-opacity":"","overlay-gradient":""},"mobile":{"background-color":"var(--ast-global-color-5)","background-image":"","background-repeat":"repeat","background-position":"center center","background-size":"auto","background-attachment":"scroll","background-type":"","background-media":"","overlay-type":"","overlay-color":"","overlay-opacity":"","overlay-gradient":""}},"footnotes":""},"class_list":["post-9606","page","type-page","status-publish","has-post-thumbnail","hentry"],"acf":[],"uagb_featured_image_src":{"full":["https:\/\/luxevakantiehuis-dordogne.com\/wp-content\/uploads\/2024\/10\/perigord-blanc-perigueux2-luxevakantiehuisdordogne-aspect-ratio-500-333.jpg",1130,753,false],"thumbnail":["https:\/\/luxevakantiehuis-dordogne.com\/wp-content\/uploads\/2024\/10\/perigord-blanc-perigueux2-luxevakantiehuisdordogne-aspect-ratio-500-333-150x150.jpg",150,150,true],"medium":["https:\/\/luxevakantiehuis-dordogne.com\/wp-content\/uploads\/2024\/10\/perigord-blanc-perigueux2-luxevakantiehuisdordogne-aspect-ratio-500-333-300x200.jpg",300,200,true],"medium_large":["https:\/\/luxevakantiehuis-dordogne.com\/wp-content\/uploads\/2024\/10\/perigord-blanc-perigueux2-luxevakantiehuisdordogne-aspect-ratio-500-333-768x512.jpg",768,512,true],"large":["https:\/\/luxevakantiehuis-dordogne.com\/wp-content\/uploads\/2024\/10\/perigord-blanc-perigueux2-luxevakantiehuisdordogne-aspect-ratio-500-333-1024x682.jpg",1024,682,true],"1536x1536":["https:\/\/luxevakantiehuis-dordogne.com\/wp-content\/uploads\/2024\/10\/perigord-blanc-perigueux2-luxevakantiehuisdordogne-aspect-ratio-500-333.jpg",1130,753,false],"2048x2048":["https:\/\/luxevakantiehuis-dordogne.com\/wp-content\/uploads\/2024\/10\/perigord-blanc-perigueux2-luxevakantiehuisdordogne-aspect-ratio-500-333.jpg",1130,753,false],"gform-image-choice-sm":["https:\/\/luxevakantiehuis-dordogne.com\/wp-content\/uploads\/2024\/10\/perigord-blanc-perigueux2-luxevakantiehuisdordogne-aspect-ratio-500-333.jpg",300,200,false],"gform-image-choice-md":["https:\/\/luxevakantiehuis-dordogne.com\/wp-content\/uploads\/2024\/10\/perigord-blanc-perigueux2-luxevakantiehuisdordogne-aspect-ratio-500-333.jpg",400,267,false],"gform-image-choice-lg":["https:\/\/luxevakantiehuis-dordogne.com\/wp-content\/uploads\/2024\/10\/perigord-blanc-perigueux2-luxevakantiehuisdordogne-aspect-ratio-500-333.jpg",600,400,false]},"uagb_author_info":{"display_name":"Boris Hoekmeijer","author_link":"https:\/\/luxevakantiehuis-dordogne.com\/en\/author\/admbo_lx3v4kan-drdgn\/"},"uagb_comment_info":0,"uagb_excerpt":"Even More Tips from Us and Our Homeowners Pre-Holiday Map Map instructions1. Open the map in a new window by clicking the &#8216;square&#8217; icon in the top right corner.2. Zoom in or out as needed.3. Use the search bar to find your home and explore the surrounding area.You can also search for activities or places.","_links":{"self":[{"href":"https:\/\/luxevakantiehuis-dordogne.com\/en\/wp-json\/wp\/v2\/pages\/9606","targetHints":{"allow":["GET"]}}],"collection":[{"href":"https:\/\/luxevakantiehuis-dordogne.com\/en\/wp-json\/wp\/v2\/pages"}],"about":[{"href":"https:\/\/luxevakantiehuis-dordogne.com\/en\/wp-json\/wp\/v2\/types\/page"}],"author":[{"embeddable":true,"href":"https:\/\/luxevakantiehuis-dordogne.com\/en\/wp-json\/wp\/v2\/users\/5"}],"replies":[{"embeddable":true,"href":"https:\/\/luxevakantiehuis-dordogne.com\/en\/wp-json\/wp\/v2\/comments?post=9606"}],"version-history":[{"count":0,"href":"https:\/\/luxevakantiehuis-dordogne.com\/en\/wp-json\/wp\/v2\/pages\/9606\/revisions"}],"wp:featuredmedia":[{"embeddable":true,"href":"https:\/\/luxevakantiehuis-dordogne.com\/en\/wp-json\/wp\/v2\/media\/4474"}],"wp:attachment":[{"href":"https:\/\/luxevakantiehuis-dordogne.com\/en\/wp-json\/wp\/v2\/media?parent=9606"}],"curies":[{"name":"wp","href":"https:\/\/api.w.org\/{rel}","templated":true}]}}