{"id":13474,"date":"2024-10-02T10:01:17","date_gmt":"2024-10-02T08:01:17","guid":{"rendered":"https:\/\/luxe-vakantiehuis-dordogne-wordpress.clweb.nl\/proprietaires\/"},"modified":"2024-12-13T09:19:25","modified_gmt":"2024-12-13T08:19:25","slug":"proprietaires","status":"publish","type":"page","link":"https:\/\/luxevakantiehuis-dordogne.com\/fr\/proprietaires\/","title":{"rendered":"Propri\u00e9taires"},"content":{"rendered":"\n<div class=\"wp-block-group grijs is-layout-flow wp-block-group-is-layout-flow\"><div class=\"wp-block-group__inner-container\">\n<h5 class=\"wp-block-heading has-text-align-center\">POURQUOI CHOISIR LUXURY RENTALS DORDOGNE ?<\/h5>\n\n\n\n<h2 class=\"wp-block-heading has-text-align-center\">Une Location R\u00e9ussie et Sans Tracas<\/h2>\n\n\n<div id=\"divider-wrapperblock_818b7732aaca20c48e0f4d9c7a5a6361\" class=\"divider-wrap narrow\">\r\n        <div class=\"divider red\"><\/div> \r\n    <\/div>\r\n\r\n\n\n\n<p class=\"has-text-align-center\">Vous recherchez un moyen fiable de louer votre maison de vacances de luxe en Dordogne ? Nous sommes l\u00e0 pour vous aider \u00e0 tout organiser de A \u00e0 Z, de la premi\u00e8re r\u00e9servation jusqu&rsquo;\u00e0 ce que des clients satisfaits reviennent chaque ann\u00e9e. Avec notre principe \u00ab pas de r\u00e9sultat, pas de paiement \u00bb, nous contribuons ensemble \u00e0 la r\u00e9ussite de votre location.  <\/p>\n<\/div><\/div>\n\n\n\n<div class=\"wp-block-media-text has-media-on-the-right is-stacked-on-mobile is-vertically-aligned-top\"><div class=\"wp-block-media-text__content\">\n<h2 class=\"wp-block-heading has-text-align-center\">Approche Personnalis\u00e9e<\/h2>\n\n\n<div id=\"divider-wrapperblock_e22a0cf4ab3db819873a0fa22e73bd14\" class=\"divider-wrap narrow\">\r\n        <div class=\"divider red\"><\/div> \r\n    <\/div>\r\n\r\n\n\n\n<p class=\"has-text-align-left\">Chez <strong>Luxury Rentals Dordogne<\/strong>, nous sommes fiers d&rsquo;\u00eatre une petite \u00e9quipe d\u00e9vou\u00e9e. Chez nous, vous n&rsquo;\u00eates pas qu\u2019un num\u00e9ro, mais un partenaire estim\u00e9. Nous croyons au contact personnel et sommes toujours \u00e0 l\u2019\u00e9coute de vos souhaits. En tant que propri\u00e9taire, vous avez r\u00e9ellement votre mot \u00e0 dire. Ensemble, nous essayons de trouver la meilleure <strong>strat\u00e9gie de location<\/strong> et nous veillons \u00e0 ce que votre logement soit lou\u00e9 de la mani\u00e8re qui vous convient.    <\/p>\n\n\n\n<p>Nous croyons \u00e0 la qualit\u00e9 et non \u00e0 la quantit\u00e9, et cela se refl\u00e8te dans notre travail. Notre objectif n&rsquo;est pas de g\u00e9rer un maximum de maisons, mais de prendre en charge avec soin les plus belles maisons de vacances avec une attention aux d\u00e9tails. <\/p>\n<\/div><figure class=\"wp-block-media-text__media\"><img loading=\"lazy\" decoding=\"async\" width=\"700\" height=\"467\" src=\"https:\/\/luxevakantiehuis-dordogne.com\/wp-content\/uploads\/2024\/10\/eigenaar-dordogne-luxuryrentalsdordogne.jpg\" alt=\"propri\u00e9taire dordogne luxury rentals dordogne\" class=\"wp-image-4286 size-full\" srcset=\"https:\/\/luxevakantiehuis-dordogne.com\/wp-content\/uploads\/2024\/10\/eigenaar-dordogne-luxuryrentalsdordogne.jpg 700w, https:\/\/luxevakantiehuis-dordogne.com\/wp-content\/uploads\/2024\/10\/eigenaar-dordogne-luxuryrentalsdordogne-300x200.jpg 300w\" sizes=\"auto, (max-width: 700px) 100vw, 700px\" \/><\/figure><\/div>\n\n\n\n<div class=\"wp-block-media-text is-stacked-on-mobile is-vertically-aligned-top\"><figure class=\"wp-block-media-text__media\"><img loading=\"lazy\" decoding=\"async\" width=\"700\" height=\"467\" src=\"https:\/\/luxevakantiehuis-dordogne.com\/wp-content\/uploads\/2024\/10\/eigenaar-dordogne2-luxuryrentalsdordogne.jpg\" alt=\"propri\u00e9taire dordogne2 luxuryrentalsdordogne\" class=\"wp-image-4290 size-full\" srcset=\"https:\/\/luxevakantiehuis-dordogne.com\/wp-content\/uploads\/2024\/10\/eigenaar-dordogne2-luxuryrentalsdordogne.jpg 700w, https:\/\/luxevakantiehuis-dordogne.com\/wp-content\/uploads\/2024\/10\/eigenaar-dordogne2-luxuryrentalsdordogne-300x200.jpg 300w\" sizes=\"auto, (max-width: 700px) 100vw, 700px\" \/><\/figure><div class=\"wp-block-media-text__content\">\n<h2 class=\"wp-block-heading has-text-align-center\">Une location r\u00e9ussie<\/h2>\n\n\n<div id=\"divider-wrapperblock_e22a0cf4ab3db819873a0fa22e73bd14\" class=\"divider-wrap narrow\">\r\n        <div class=\"divider red\"><\/div> \r\n    <\/div>\r\n\r\n\n\n\n<p class=\"has-text-align-left\">Nous sommes particuli\u00e8rement attentifs \u00e0 ce que votre maison ne disparaisse pas parmi des milliers d&rsquo;autres maisons de vacances. Gr\u00e2ce \u00e0 notre approche personnelle et \u00e0 notre souci du d\u00e9tail, nous mettons <strong>votre maison \u00e0 l&rsquo;honneur <\/strong>en insistant sur sa sp\u00e9cificit\u00e9, ainsi que d&rsquo;autres maisons uniques et insolites. Notre objectif est une location r\u00e9ussie, aboutissant \u00e0 un grand nombre de <strong>locataires fiables et fid\u00e8les<\/strong>.   <\/p>\n\n\n\n<p>Votre maison re\u00e7oit l\u2019attention qu\u2019elle m\u00e9rite, car nous savons qu\u2019elle est tr\u00e8s sp\u00e9ciale pour vous. Ensemble, nous veillons \u00e0 ce que les locataires la voient \u00e9galement ainsi. <\/p>\n\n\n\n<p class=\"has-text-align-left\"><\/p>\n<\/div><\/div>\n\n\n\n<div class=\"wp-block-media-text has-media-on-the-right is-stacked-on-mobile is-vertically-aligned-top\"><div class=\"wp-block-media-text__content\">\n<h2 class=\"wp-block-heading has-text-align-center\">Nous Comprenons Vos Besoins<\/h2>\n\n\n<div id=\"divider-wrapperblock_e22a0cf4ab3db819873a0fa22e73bd14\" class=\"divider-wrap narrow\">\r\n        <div class=\"divider red\"><\/div> \r\n    <\/div>\r\n\r\n\n\n\n<p class=\"has-text-align-left\">Chez <strong>Luxury Rentals Dordogne<\/strong>, nous comprenons qu&rsquo;en tant que propri\u00e9taire, vous avez une vie bien remplie et que vous recherchez un partenaire fiable pour s&rsquo;occuper de l&rsquo;ensemble du processus de location pour vous. Que ce soit le marketing, les photos et vid\u00e9os professionnelles, en passant par les r\u00e9seaux sociaux, les contrats de location et l\u2019\u00e9change avec les locataires, nous nous occupons de tout. Vous pouvez ainsi compter sur nous de A \u00e0 Z, de la toute premi\u00e8re r\u00e9servation jusqu\u2019au contact direct avec les locataires.  <\/p>\n<\/div><figure class=\"wp-block-media-text__media\"><img loading=\"lazy\" decoding=\"async\" width=\"1024\" height=\"683\" src=\"https:\/\/luxevakantiehuis-dordogne.com\/wp-content\/uploads\/2024\/10\/eigenaar-dordogne3-luxuryrentalsdordogne-1024x683.jpg\" alt=\"propri\u00e9taire dordogne3 luxuryrentalsdordogne\" class=\"wp-image-4294 size-full\" srcset=\"https:\/\/luxevakantiehuis-dordogne.com\/wp-content\/uploads\/2024\/10\/eigenaar-dordogne3-luxuryrentalsdordogne-1024x683.jpg 1024w, https:\/\/luxevakantiehuis-dordogne.com\/wp-content\/uploads\/2024\/10\/eigenaar-dordogne3-luxuryrentalsdordogne-300x200.jpg 300w, https:\/\/luxevakantiehuis-dordogne.com\/wp-content\/uploads\/2024\/10\/eigenaar-dordogne3-luxuryrentalsdordogne-768x512.jpg 768w, https:\/\/luxevakantiehuis-dordogne.com\/wp-content\/uploads\/2024\/10\/eigenaar-dordogne3-luxuryrentalsdordogne-1536x1024.jpg 1536w, https:\/\/luxevakantiehuis-dordogne.com\/wp-content\/uploads\/2024\/10\/eigenaar-dordogne3-luxuryrentalsdordogne.jpg 1600w\" sizes=\"auto, (max-width: 1024px) 100vw, 1024px\" \/><\/figure><\/div>\n\n\n\n<div class=\"wp-block-media-text is-stacked-on-mobile is-vertically-aligned-top\"><figure class=\"wp-block-media-text__media\"><img loading=\"lazy\" decoding=\"async\" width=\"1024\" height=\"670\" src=\"https:\/\/luxevakantiehuis-dordogne.com\/wp-content\/uploads\/2024\/10\/castelnaud1-luxevakantiehuisdordogne-1024x670.jpg\" alt=\"Ch\u00e2teau de Castelnaud : impressionnant ch\u00e2teau m\u00e9di\u00e9val surplombant la rivi\u00e8re Dordogne\" class=\"wp-image-4638 size-full\" srcset=\"https:\/\/luxevakantiehuis-dordogne.com\/wp-content\/uploads\/2024\/10\/castelnaud1-luxevakantiehuisdordogne-1024x670.jpg 1024w, https:\/\/luxevakantiehuis-dordogne.com\/wp-content\/uploads\/2024\/10\/castelnaud1-luxevakantiehuisdordogne-300x196.jpg 300w, https:\/\/luxevakantiehuis-dordogne.com\/wp-content\/uploads\/2024\/10\/castelnaud1-luxevakantiehuisdordogne-768x503.jpg 768w, https:\/\/luxevakantiehuis-dordogne.com\/wp-content\/uploads\/2024\/10\/castelnaud1-luxevakantiehuisdordogne.jpg 1100w\" sizes=\"auto, (max-width: 1024px) 100vw, 1024px\" \/><\/figure><div class=\"wp-block-media-text__content\">\n<h2 class=\"wp-block-heading has-text-align-center\">V\u00e9ritable Sp\u00e9cialiste de La Dordogne<\/h2>\n\n\n<div id=\"divider-wrapperblock_e22a0cf4ab3db819873a0fa22e73bd14\" class=\"divider-wrap narrow\">\r\n        <div class=\"divider red\"><\/div> \r\n    <\/div>\r\n\r\n\n\n\n<p class=\"has-text-align-left\">Notre enthousiasme pour la Dordogne s&rsquo;est r\u00e9v\u00e9l\u00e9 payant.<\/p>\n\n\n\n<p class=\"has-text-align-left\">En tant que v\u00e9ritable sp\u00e9cialistes de la Dordogne, nous combinons notre passion pour les b\u00e2tisses de luxe authentiques avec des solutions de vacances personnelles sur mesure. Ce qui a commenc\u00e9 comme un amour pour la r\u00e9gion est devenu notre travail quotidien. Notre passion pour le caract\u00e8re exclusif de la Dordogne attire les locataires amoureux du luxe, du confort et de l&rsquo;authenticit\u00e9 pure. 40% de nos clients sont fid\u00e8les d\u2019ann\u00e9e en ann\u00e9e.   <\/p>\n\n\n\n<p class=\"has-text-align-left\">Chez <strong>Luxury Rentals Dordogne<\/strong>, votre maison fera partie de cet environnement exclusif, o\u00f9 nos connaissances sp\u00e9cialis\u00e9es font la diff\u00e9rence.<\/p>\n<\/div><\/div>\n","protected":false},"excerpt":{"rendered":"<p>POURQUOI CHOISIR LUXURY RENTALS DORDOGNE ? Une Location R\u00e9ussie et Sans Tracas Vous recherchez un moyen fiable de louer votre maison de vacances de luxe en Dordogne ? Nous sommes l\u00e0 pour vous aider \u00e0 tout organiser de A \u00e0 Z, de la premi\u00e8re r\u00e9servation jusqu&rsquo;\u00e0 ce que des clients satisfaits reviennent chaque ann\u00e9e. Avec [&hellip;]<\/p>\n","protected":false},"author":6,"featured_media":4286,"parent":0,"menu_order":0,"comment_status":"closed","ping_status":"closed","template":"page-dordogne.php","meta":{"_acf_changed":false,"_seopress_robots_primary_cat":"","_seopress_titles_title":"Louez votre maison de vacances de luxe en Dordogne en toute confiance","_seopress_titles_desc":"Louez votre maison de vacances de luxe sans souci avec Luxury Rentals Dordogne. Nous garantissons une attention personnelle, la confiance et des locations sur mesure r\u00e9ussies.","_seopress_robots_index":"","_uag_custom_page_level_css":"","site-sidebar-layout":"default","site-content-layout":"","ast-site-content-layout":"default","site-content-style":"default","site-sidebar-style":"default","ast-global-header-display":"","ast-banner-title-visibility":"","ast-main-header-display":"","ast-hfb-above-header-display":"","ast-hfb-below-header-display":"","ast-hfb-mobile-header-display":"","site-post-title":"disabled","ast-breadcrumbs-content":"","ast-featured-img":"","footer-sml-layout":"","ast-disable-related-posts":"","theme-transparent-header-meta":"","adv-header-id-meta":"","stick-header-meta":"","header-above-stick-meta":"","header-main-stick-meta":"","header-below-stick-meta":"","astra-migrate-meta-layouts":"set","ast-page-background-enabled":"default","ast-page-background-meta":{"desktop":{"background-color":"var(--ast-global-color-4)","background-image":"","background-repeat":"repeat","background-position":"center center","background-size":"auto","background-attachment":"scroll","background-type":"","background-media":"","overlay-type":"","overlay-color":"","overlay-opacity":"","overlay-gradient":""},"tablet":{"background-color":"","background-image":"","background-repeat":"repeat","background-position":"center center","background-size":"auto","background-attachment":"scroll","background-type":"","background-media":"","overlay-type":"","overlay-color":"","overlay-opacity":"","overlay-gradient":""},"mobile":{"background-color":"","background-image":"","background-repeat":"repeat","background-position":"center center","background-size":"auto","background-attachment":"scroll","background-type":"","background-media":"","overlay-type":"","overlay-color":"","overlay-opacity":"","overlay-gradient":""}},"ast-content-background-meta":{"desktop":{"background-color":"var(--ast-global-color-5)","background-image":"","background-repeat":"repeat","background-position":"center center","background-size":"auto","background-attachment":"scroll","background-type":"","background-media":"","overlay-type":"","overlay-color":"","overlay-opacity":"","overlay-gradient":""},"tablet":{"background-color":"var(--ast-global-color-5)","background-image":"","background-repeat":"repeat","background-position":"center center","background-size":"auto","background-attachment":"scroll","background-type":"","background-media":"","overlay-type":"","overlay-color":"","overlay-opacity":"","overlay-gradient":""},"mobile":{"background-color":"var(--ast-global-color-5)","background-image":"","background-repeat":"repeat","background-position":"center center","background-size":"auto","background-attachment":"scroll","background-type":"","background-media":"","overlay-type":"","overlay-color":"","overlay-opacity":"","overlay-gradient":""}},"footnotes":""},"class_list":["post-13474","page","type-page","status-publish","has-post-thumbnail","hentry"],"acf":[],"uagb_featured_image_src":{"full":["https:\/\/luxevakantiehuis-dordogne.com\/wp-content\/uploads\/2024\/10\/eigenaar-dordogne-luxuryrentalsdordogne.jpg",700,467,false],"thumbnail":["https:\/\/luxevakantiehuis-dordogne.com\/wp-content\/uploads\/2024\/10\/eigenaar-dordogne-luxuryrentalsdordogne-150x150.jpg",150,150,true],"medium":["https:\/\/luxevakantiehuis-dordogne.com\/wp-content\/uploads\/2024\/10\/eigenaar-dordogne-luxuryrentalsdordogne-300x200.jpg",300,200,true],"medium_large":["https:\/\/luxevakantiehuis-dordogne.com\/wp-content\/uploads\/2024\/10\/eigenaar-dordogne-luxuryrentalsdordogne.jpg",700,467,false],"large":["https:\/\/luxevakantiehuis-dordogne.com\/wp-content\/uploads\/2024\/10\/eigenaar-dordogne-luxuryrentalsdordogne.jpg",700,467,false],"1536x1536":["https:\/\/luxevakantiehuis-dordogne.com\/wp-content\/uploads\/2024\/10\/eigenaar-dordogne-luxuryrentalsdordogne.jpg",700,467,false],"2048x2048":["https:\/\/luxevakantiehuis-dordogne.com\/wp-content\/uploads\/2024\/10\/eigenaar-dordogne-luxuryrentalsdordogne.jpg",700,467,false],"gform-image-choice-sm":["https:\/\/luxevakantiehuis-dordogne.com\/wp-content\/uploads\/2024\/10\/eigenaar-dordogne-luxuryrentalsdordogne.jpg",300,200,false],"gform-image-choice-md":["https:\/\/luxevakantiehuis-dordogne.com\/wp-content\/uploads\/2024\/10\/eigenaar-dordogne-luxuryrentalsdordogne.jpg",400,267,false],"gform-image-choice-lg":["https:\/\/luxevakantiehuis-dordogne.com\/wp-content\/uploads\/2024\/10\/eigenaar-dordogne-luxuryrentalsdordogne.jpg",600,400,false]},"uagb_author_info":{"display_name":"Zsuzsi &amp; Floris","author_link":"https:\/\/luxevakantiehuis-dordogne.com\/fr\/author\/zsuzsi_flor1s-luxevhddgn3\/"},"uagb_comment_info":0,"uagb_excerpt":"POURQUOI CHOISIR LUXURY RENTALS DORDOGNE ? Une Location R\u00e9ussie et Sans Tracas Vous recherchez un moyen fiable de louer votre maison de vacances de luxe en Dordogne ? Nous sommes l\u00e0 pour vous aider \u00e0 tout organiser de A \u00e0 Z, de la premi\u00e8re r\u00e9servation jusqu&rsquo;\u00e0 ce que des clients satisfaits reviennent chaque ann\u00e9e. Avec\u2026","_links":{"self":[{"href":"https:\/\/luxevakantiehuis-dordogne.com\/fr\/wp-json\/wp\/v2\/pages\/13474","targetHints":{"allow":["GET"]}}],"collection":[{"href":"https:\/\/luxevakantiehuis-dordogne.com\/fr\/wp-json\/wp\/v2\/pages"}],"about":[{"href":"https:\/\/luxevakantiehuis-dordogne.com\/fr\/wp-json\/wp\/v2\/types\/page"}],"author":[{"embeddable":true,"href":"https:\/\/luxevakantiehuis-dordogne.com\/fr\/wp-json\/wp\/v2\/users\/6"}],"replies":[{"embeddable":true,"href":"https:\/\/luxevakantiehuis-dordogne.com\/fr\/wp-json\/wp\/v2\/comments?post=13474"}],"version-history":[{"count":0,"href":"https:\/\/luxevakantiehuis-dordogne.com\/fr\/wp-json\/wp\/v2\/pages\/13474\/revisions"}],"wp:featuredmedia":[{"embeddable":true,"href":"https:\/\/luxevakantiehuis-dordogne.com\/fr\/wp-json\/wp\/v2\/media\/4286"}],"wp:attachment":[{"href":"https:\/\/luxevakantiehuis-dordogne.com\/fr\/wp-json\/wp\/v2\/media?parent=13474"}],"curies":[{"name":"wp","href":"https:\/\/api.w.org\/{rel}","templated":true}]}}