{"id":13508,"date":"2024-09-03T17:19:34","date_gmt":"2024-09-03T15:19:34","guid":{"rendered":"https:\/\/luxe-vakantiehuis-dordogne-wordpress.clweb.nl\/la-dordogne-les-regions\/"},"modified":"2024-12-04T10:48:39","modified_gmt":"2024-12-04T09:48:39","slug":"la-dordogne-les-regions","status":"publish","type":"page","link":"https:\/\/luxevakantiehuis-dordogne.com\/fr\/la-dordogne-les-regions\/","title":{"rendered":"La Dordogne: Les R\u00e9gions"},"content":{"rendered":"\n<div class=\"wp-block-group grijs is-layout-constrained wp-block-group-is-layout-constrained\"><div class=\"wp-block-group__inner-container\">\n<h5 class=\"wp-block-heading\">AUCUNE R\u00c9GION N&rsquo;EST PLUS COLOR\u00c9E QUE LA DORDOGNE<\/h5>\n\n\n\n<h2 class=\"wp-block-heading\">Noir, pourpre, vert en blanc \u2013 D\u00e9couvrez les quatre P\u00e9rigords<\/h2>\n\n\n<div id=\"divider-wrapperblock_42d2488e3f18bcc3e1de7624101b751c\" class=\"divider-wrap narrow\">\r\n        <div class=\"divider red\"><\/div> \r\n    <\/div>\r\n\r\n\n\n\n<p class=\"has-text-align-center\">Tout ce qui est beau sur terre se divise en quatre. Cela vaut \u00e9galement pour la Dordogne ! Cette r\u00e9gion est compos\u00e9e de quatre P\u00e9rigords enchanteurs : le Noir, le Poupre, le Vert et le Blanc. Chaque P\u00e9rigord offre des exp\u00e9riences uniques et une histoire culturelle riche. Le chiffre quatre est magique : on peut aller dans quatre directions cardinales, et profiter de quatre saisons. Les quatre \u00e9l\u00e9ments \u2013 terre, eau, air et feu \u2013 se retrouvent \u00e9galement dans les quatre P\u00e9rigords. D\u00e9couvrez la magie de la Dordogne sous toutes ses facettes !      <\/p>\n\n\n\n<p class=\"has-text-align-center\">Le <strong>Lot-et-Garonne<\/strong> et la <strong>Charente<\/strong>, d\u00e9partements voisins, offrent un d\u00e9licieux m\u00e9lange de culture, de paysages \u00e9poustouflants et de traditions culinaires savoureuses. Id\u00e9als pour ceux qui souhaitent d\u00e9couvrir le charme authentique de la France.<\/p>\n<\/div><\/div>\n\n\n\n<div class=\"wp-block-group is-layout-constrained wp-block-group-is-layout-constrained\"><div class=\"wp-block-group__inner-container\">\n\t\t\t<div class=\"wp-block-uagb-post-grid uagb-post-grid  uagb-post__image-position-top uagb-post__image-enabled uagb-block-839024ad     uagb-post__items uagb-post__columns-3 is-grid uagb-post__columns-tablet-2 uagb-post__columns-mobile-1 uagb-post__equal-height\" data-total=\"1\" style=\"\">\n\n\t\t\t\t\t\t\t\t\t\t\t\t<article class=\"uagb-post__inner-wrap\">\t\t\t\t\t\t\t\t<div class='uagb-post__image'>\n\t\t\t\t\t\t\t\t\t<a href=\"https:\/\/luxevakantiehuis-dordogne.com\/fr\/nos-conseils\/perigord-noir\/\" target=\"_self\" rel=\"bookmark noopener noreferrer\" class='uagb-image-ratio-inherit'><img loading=\"lazy\" decoding=\"async\" width=\"1024\" height=\"841\" src=\"https:\/\/luxevakantiehuis-dordogne.com\/wp-content\/uploads\/2024\/08\/kaart-perigord-noir-luxe-vakantiehuis-dordogne-1024x841.jpg\" class=\"attachment-large size-large\" alt=\"\" srcset=\"https:\/\/luxevakantiehuis-dordogne.com\/wp-content\/uploads\/2024\/08\/kaart-perigord-noir-luxe-vakantiehuis-dordogne-1024x841.jpg 1024w, https:\/\/luxevakantiehuis-dordogne.com\/wp-content\/uploads\/2024\/08\/kaart-perigord-noir-luxe-vakantiehuis-dordogne-300x247.jpg 300w, https:\/\/luxevakantiehuis-dordogne.com\/wp-content\/uploads\/2024\/08\/kaart-perigord-noir-luxe-vakantiehuis-dordogne-768x631.jpg 768w, https:\/\/luxevakantiehuis-dordogne.com\/wp-content\/uploads\/2024\/08\/kaart-perigord-noir-luxe-vakantiehuis-dordogne.jpg 1200w\" sizes=\"auto, (max-width: 1024px) 100vw, 1024px\" \/>\t\t\t\t\t<\/a>\n\t\t\t\t\t\t\t<\/div>\n\t\t\t\t\t\t<h4 class=\"uagb-post__title uagb-post__text\">\n\t\t\t\t<a href=\"https:\/\/luxevakantiehuis-dordogne.com\/fr\/nos-conseils\/perigord-noir\/\" target=\"_self\" rel=\"bookmark noopener noreferrer\">P\u00e9rigord Noir<\/a>\n\t\t\t<\/h4>\n\t\t\t\t\t\t<div class='uagb-post__text uagb-post-grid-byline'>\n\t\t\t\t\t\t\t<\/div>\n\t\t\t\t\t\t\t<div class='uagb-post__text uagb-post__excerpt'>\n\t\t\t\t\t<p>C\u00e9l\u00e8bre pour ses for\u00eats de ch\u00eanes sombres, ses villages m\u00e9di\u00e9vaux et ses grottes pr\u00e9historiques, telles que Lascaux. Sarlat est le&#8230;\t\t\t\t<\/div>\n\t\t\t\t\t\t<div class=\"uagb-post__text uagb-post__cta wp-block-button\">\n\t\t\t\t<a class=\"wp-block-button__link uagb-text-link\" style=\"\" href=\"https:\/\/luxevakantiehuis-dordogne.com\/fr\/nos-conseils\/perigord-noir\/\" target=\"_self\" rel=\"bookmark noopener noreferrer\">Lire la suite<\/a>\n\t\t\t<\/div>\n\t\t\t\n\t\t\t\t\t\t\t\t\t<\/article>\n\t\t\t\t\t\t\t\t\t\t\t\t\t\t\t\t<article class=\"uagb-post__inner-wrap\">\t\t\t\t\t\t\t\t<div class='uagb-post__image'>\n\t\t\t\t\t\t\t\t\t<a href=\"https:\/\/luxevakantiehuis-dordogne.com\/fr\/nos-conseils\/perigord-pourpre\/\" target=\"_self\" rel=\"bookmark noopener noreferrer\" class='uagb-image-ratio-inherit'><img loading=\"lazy\" decoding=\"async\" width=\"1024\" height=\"841\" src=\"https:\/\/luxevakantiehuis-dordogne.com\/wp-content\/uploads\/2024\/08\/kaart-perigord-pourpre-luxe-vakantiehuis-dordogne-1024x841.jpg\" class=\"attachment-large size-large\" alt=\"Kaart Perigord Pourpre Luxe Vakantiehuis Dordogne\" srcset=\"https:\/\/luxevakantiehuis-dordogne.com\/wp-content\/uploads\/2024\/08\/kaart-perigord-pourpre-luxe-vakantiehuis-dordogne-1024x841.jpg 1024w, https:\/\/luxevakantiehuis-dordogne.com\/wp-content\/uploads\/2024\/08\/kaart-perigord-pourpre-luxe-vakantiehuis-dordogne-300x247.jpg 300w, https:\/\/luxevakantiehuis-dordogne.com\/wp-content\/uploads\/2024\/08\/kaart-perigord-pourpre-luxe-vakantiehuis-dordogne-768x631.jpg 768w, https:\/\/luxevakantiehuis-dordogne.com\/wp-content\/uploads\/2024\/08\/kaart-perigord-pourpre-luxe-vakantiehuis-dordogne.jpg 1200w\" sizes=\"auto, (max-width: 1024px) 100vw, 1024px\" \/>\t\t\t\t\t<\/a>\n\t\t\t\t\t\t\t<\/div>\n\t\t\t\t\t\t<h4 class=\"uagb-post__title uagb-post__text\">\n\t\t\t\t<a href=\"https:\/\/luxevakantiehuis-dordogne.com\/fr\/nos-conseils\/perigord-pourpre\/\" target=\"_self\" rel=\"bookmark noopener noreferrer\">P\u00e9rigord Pourpre<\/a>\n\t\t\t<\/h4>\n\t\t\t\t\t\t<div class='uagb-post__text uagb-post-grid-byline'>\n\t\t\t\t\t\t\t<\/div>\n\t\t\t\t\t\t\t<div class='uagb-post__text uagb-post__excerpt'>\n\t\t\t\t\t<p>Elle est connue pour ses vignobles et sa viticulture, avec Bergerac comme centre important. De belles bastides comme Monpazier, Issigeac&#8230;\t\t\t\t<\/div>\n\t\t\t\t\t\t<div class=\"uagb-post__text uagb-post__cta wp-block-button\">\n\t\t\t\t<a class=\"wp-block-button__link uagb-text-link\" style=\"\" href=\"https:\/\/luxevakantiehuis-dordogne.com\/fr\/nos-conseils\/perigord-pourpre\/\" target=\"_self\" rel=\"bookmark noopener noreferrer\">Lire la suite<\/a>\n\t\t\t<\/div>\n\t\t\t\n\t\t\t\t\t\t\t\t\t<\/article>\n\t\t\t\t\t\t\t\t\t\t\t\t\t\t\t\t<article class=\"uagb-post__inner-wrap\">\t\t\t\t\t\t\t\t<div class='uagb-post__image'>\n\t\t\t\t\t\t\t\t\t<a href=\"https:\/\/luxevakantiehuis-dordogne.com\/fr\/nos-conseils\/lot-et-garonne\/\" target=\"_self\" rel=\"bookmark noopener noreferrer\" class='uagb-image-ratio-inherit'><img loading=\"lazy\" decoding=\"async\" width=\"1024\" height=\"841\" src=\"https:\/\/luxevakantiehuis-dordogne.com\/wp-content\/uploads\/2024\/08\/kaart-lot-et-garonne-luxe-vakantiehuis-dordogne-1024x841.jpg\" class=\"attachment-large size-large\" alt=\"Kaart Lot Et Garonne Luxe Vakantiehuis Dordogne\" srcset=\"https:\/\/luxevakantiehuis-dordogne.com\/wp-content\/uploads\/2024\/08\/kaart-lot-et-garonne-luxe-vakantiehuis-dordogne-1024x841.jpg 1024w, https:\/\/luxevakantiehuis-dordogne.com\/wp-content\/uploads\/2024\/08\/kaart-lot-et-garonne-luxe-vakantiehuis-dordogne-300x247.jpg 300w, https:\/\/luxevakantiehuis-dordogne.com\/wp-content\/uploads\/2024\/08\/kaart-lot-et-garonne-luxe-vakantiehuis-dordogne-768x631.jpg 768w, https:\/\/luxevakantiehuis-dordogne.com\/wp-content\/uploads\/2024\/08\/kaart-lot-et-garonne-luxe-vakantiehuis-dordogne.jpg 1200w\" sizes=\"auto, (max-width: 1024px) 100vw, 1024px\" \/>\t\t\t\t\t<\/a>\n\t\t\t\t\t\t\t<\/div>\n\t\t\t\t\t\t<h4 class=\"uagb-post__title uagb-post__text\">\n\t\t\t\t<a href=\"https:\/\/luxevakantiehuis-dordogne.com\/fr\/nos-conseils\/lot-et-garonne\/\" target=\"_self\" rel=\"bookmark noopener noreferrer\">Lot-et-Garonne<\/a>\n\t\t\t<\/h4>\n\t\t\t\t\t\t<div class='uagb-post__text uagb-post-grid-byline'>\n\t\t\t\t\t\t\t<\/div>\n\t\t\t\t\t\t\t<div class='uagb-post__text uagb-post__excerpt'>\n\t\t\t\t\t<p>Ce d\u00e9partement est connu pour ses collines ondulantes, ses villages pittoresques et sa riche gastronomie. Une destination id\u00e9ale pour les&#8230;\t\t\t\t<\/div>\n\t\t\t\t\t\t<div class=\"uagb-post__text uagb-post__cta wp-block-button\">\n\t\t\t\t<a class=\"wp-block-button__link uagb-text-link\" style=\"\" href=\"https:\/\/luxevakantiehuis-dordogne.com\/fr\/nos-conseils\/lot-et-garonne\/\" target=\"_self\" rel=\"bookmark noopener noreferrer\">Lire la suite<\/a>\n\t\t\t<\/div>\n\t\t\t\n\t\t\t\t\t\t\t\t\t<\/article>\n\t\t\t\t\t\t\t\t\t\t\t\t\t\t\t\t<article class=\"uagb-post__inner-wrap\">\t\t\t\t\t\t\t\t<div class='uagb-post__image'>\n\t\t\t\t\t\t\t\t\t<a href=\"https:\/\/luxevakantiehuis-dordogne.com\/fr\/nos-conseils\/charente\/\" target=\"_self\" rel=\"bookmark noopener noreferrer\" class='uagb-image-ratio-inherit'><img loading=\"lazy\" decoding=\"async\" width=\"1024\" height=\"841\" src=\"https:\/\/luxevakantiehuis-dordogne.com\/wp-content\/uploads\/2024\/08\/kaart-charente-luxe-vakantiehuis-dordogne-1024x841.jpg\" class=\"attachment-large size-large\" alt=\"Kaart Charente Luxe Vakantiehuis Dordogne\" srcset=\"https:\/\/luxevakantiehuis-dordogne.com\/wp-content\/uploads\/2024\/08\/kaart-charente-luxe-vakantiehuis-dordogne-1024x841.jpg 1024w, https:\/\/luxevakantiehuis-dordogne.com\/wp-content\/uploads\/2024\/08\/kaart-charente-luxe-vakantiehuis-dordogne-300x247.jpg 300w, https:\/\/luxevakantiehuis-dordogne.com\/wp-content\/uploads\/2024\/08\/kaart-charente-luxe-vakantiehuis-dordogne-768x631.jpg 768w, https:\/\/luxevakantiehuis-dordogne.com\/wp-content\/uploads\/2024\/08\/kaart-charente-luxe-vakantiehuis-dordogne.jpg 1200w\" sizes=\"auto, (max-width: 1024px) 100vw, 1024px\" \/>\t\t\t\t\t<\/a>\n\t\t\t\t\t\t\t<\/div>\n\t\t\t\t\t\t<h4 class=\"uagb-post__title uagb-post__text\">\n\t\t\t\t<a href=\"https:\/\/luxevakantiehuis-dordogne.com\/fr\/nos-conseils\/charente\/\" target=\"_self\" rel=\"bookmark noopener noreferrer\">Charente<\/a>\n\t\t\t<\/h4>\n\t\t\t\t\t\t<div class='uagb-post__text uagb-post-grid-byline'>\n\t\t\t\t\t\t\t<\/div>\n\t\t\t\t\t\t\t<div class='uagb-post__text uagb-post__excerpt'>\n\t\t\t\t\t<p>La Charente est un fleuve et une r\u00e9gion de l&rsquo;ouest de la France, connue pour ses villes historiques telles que&#8230;\t\t\t\t<\/div>\n\t\t\t\t\t\t<div class=\"uagb-post__text uagb-post__cta wp-block-button\">\n\t\t\t\t<a class=\"wp-block-button__link uagb-text-link\" style=\"\" href=\"https:\/\/luxevakantiehuis-dordogne.com\/fr\/nos-conseils\/charente\/\" target=\"_self\" rel=\"bookmark noopener noreferrer\">Lire la suite<\/a>\n\t\t\t<\/div>\n\t\t\t\n\t\t\t\t\t\t\t\t\t<\/article>\n\t\t\t\t\t\t\t\t\t\t\t\t\t\t\t\t<article class=\"uagb-post__inner-wrap\">\t\t\t\t\t\t\t\t<div class='uagb-post__image'>\n\t\t\t\t\t\t\t\t\t<a href=\"https:\/\/luxevakantiehuis-dordogne.com\/fr\/nos-conseils\/perigord-vert\/\" target=\"_self\" rel=\"bookmark noopener noreferrer\" class='uagb-image-ratio-inherit'><img loading=\"lazy\" decoding=\"async\" width=\"1024\" height=\"841\" src=\"https:\/\/luxevakantiehuis-dordogne.com\/wp-content\/uploads\/2024\/08\/kaart-perigord-vert-luxe-vakantiehuis-dordogne-1024x841.jpg\" class=\"attachment-large size-large\" alt=\"\" srcset=\"https:\/\/luxevakantiehuis-dordogne.com\/wp-content\/uploads\/2024\/08\/kaart-perigord-vert-luxe-vakantiehuis-dordogne-1024x841.jpg 1024w, https:\/\/luxevakantiehuis-dordogne.com\/wp-content\/uploads\/2024\/08\/kaart-perigord-vert-luxe-vakantiehuis-dordogne-300x247.jpg 300w, https:\/\/luxevakantiehuis-dordogne.com\/wp-content\/uploads\/2024\/08\/kaart-perigord-vert-luxe-vakantiehuis-dordogne-768x631.jpg 768w, https:\/\/luxevakantiehuis-dordogne.com\/wp-content\/uploads\/2024\/08\/kaart-perigord-vert-luxe-vakantiehuis-dordogne.jpg 1200w\" sizes=\"auto, (max-width: 1024px) 100vw, 1024px\" \/>\t\t\t\t\t<\/a>\n\t\t\t\t\t\t\t<\/div>\n\t\t\t\t\t\t<h4 class=\"uagb-post__title uagb-post__text\">\n\t\t\t\t<a href=\"https:\/\/luxevakantiehuis-dordogne.com\/fr\/nos-conseils\/perigord-vert\/\" target=\"_self\" rel=\"bookmark noopener noreferrer\">P\u00e9rigord Vert<\/a>\n\t\t\t<\/h4>\n\t\t\t\t\t\t<div class='uagb-post__text uagb-post-grid-byline'>\n\t\t\t\t\t\t\t<\/div>\n\t\t\t\t\t\t\t<div class='uagb-post__text uagb-post__excerpt'>\n\t\t\t\t\t<p>Connue pour ses paysages verdoyants, ses for\u00eats et ses rivi\u00e8res. Situ\u00e9e au nord de la Dordogne. Nos conseils : P\u00e9rigord&#8230;\t\t\t\t<\/div>\n\t\t\t\t\t\t<div class=\"uagb-post__text uagb-post__cta wp-block-button\">\n\t\t\t\t<a class=\"wp-block-button__link uagb-text-link\" style=\"\" href=\"https:\/\/luxevakantiehuis-dordogne.com\/fr\/nos-conseils\/perigord-vert\/\" target=\"_self\" rel=\"bookmark noopener noreferrer\">Lire la suite<\/a>\n\t\t\t<\/div>\n\t\t\t\n\t\t\t\t\t\t\t\t\t<\/article>\n\t\t\t\t\t\t\t\t\t\t\t\t\t\t\t\t<article class=\"uagb-post__inner-wrap\">\t\t\t\t\t\t\t\t<div class='uagb-post__image'>\n\t\t\t\t\t\t\t\t\t<a href=\"https:\/\/luxevakantiehuis-dordogne.com\/fr\/nos-conseils\/perigord-blanc\/\" target=\"_self\" rel=\"bookmark noopener noreferrer\" class='uagb-image-ratio-inherit'><img loading=\"lazy\" decoding=\"async\" width=\"1024\" height=\"841\" src=\"https:\/\/luxevakantiehuis-dordogne.com\/wp-content\/uploads\/2024\/08\/kaart-perigord-blanc-luxe-vakantiehuis-dordogne-1024x841.jpg\" class=\"attachment-large size-large\" alt=\"\" srcset=\"https:\/\/luxevakantiehuis-dordogne.com\/wp-content\/uploads\/2024\/08\/kaart-perigord-blanc-luxe-vakantiehuis-dordogne-1024x841.jpg 1024w, https:\/\/luxevakantiehuis-dordogne.com\/wp-content\/uploads\/2024\/08\/kaart-perigord-blanc-luxe-vakantiehuis-dordogne-300x247.jpg 300w, https:\/\/luxevakantiehuis-dordogne.com\/wp-content\/uploads\/2024\/08\/kaart-perigord-blanc-luxe-vakantiehuis-dordogne-768x631.jpg 768w, https:\/\/luxevakantiehuis-dordogne.com\/wp-content\/uploads\/2024\/08\/kaart-perigord-blanc-luxe-vakantiehuis-dordogne.jpg 1200w\" sizes=\"auto, (max-width: 1024px) 100vw, 1024px\" \/>\t\t\t\t\t<\/a>\n\t\t\t\t\t\t\t<\/div>\n\t\t\t\t\t\t<h4 class=\"uagb-post__title uagb-post__text\">\n\t\t\t\t<a href=\"https:\/\/luxevakantiehuis-dordogne.com\/fr\/nos-conseils\/perigord-blanc\/\" target=\"_self\" rel=\"bookmark noopener noreferrer\">P\u00e9rigord Blanc<\/a>\n\t\t\t<\/h4>\n\t\t\t\t\t\t<div class='uagb-post__text uagb-post-grid-byline'>\n\t\t\t\t\t\t\t<\/div>\n\t\t\t\t\t\t\t<div class='uagb-post__text uagb-post__excerpt'>\n\t\t\t\t\t<p>Caract\u00e9ris\u00e9 par des plateaux calcaires et des b\u00e2timents en pierre blanche. Autour de P\u00e9rigueux, capitale de la Dordogne. Nos conseils&#8230;\t\t\t\t<\/div>\n\t\t\t\t\t\t<div class=\"uagb-post__text uagb-post__cta wp-block-button\">\n\t\t\t\t<a class=\"wp-block-button__link uagb-text-link\" style=\"\" href=\"https:\/\/luxevakantiehuis-dordogne.com\/fr\/nos-conseils\/perigord-blanc\/\" target=\"_self\" rel=\"bookmark noopener noreferrer\">Lire la suite<\/a>\n\t\t\t<\/div>\n\t\t\t\n\t\t\t\t\t\t\t\t\t<\/article>\n\t\t\t\t\t\t\t\t\t\t\t<\/div>\n\t\t\t<\/div><\/div>\n","protected":false},"excerpt":{"rendered":"<p>AUCUNE R\u00c9GION N&rsquo;EST PLUS COLOR\u00c9E QUE LA DORDOGNE Noir, pourpre, vert en blanc \u2013 D\u00e9couvrez les quatre P\u00e9rigords Tout ce qui est beau sur terre se divise en quatre. Cela vaut \u00e9galement pour la Dordogne ! Cette r\u00e9gion est compos\u00e9e de quatre P\u00e9rigords enchanteurs : le Noir, le Poupre, le Vert et le Blanc. Chaque [&hellip;]<\/p>\n","protected":false},"author":5,"featured_media":4329,"parent":0,"menu_order":0,"comment_status":"closed","ping_status":"closed","template":"page-dordogne.php","meta":{"_acf_changed":false,"_seopress_robots_primary_cat":"","_seopress_titles_title":"A la d\u00e9couverte des 4 P\u00e9rigords | Luxury Rentals Dordogne","_seopress_titles_desc":"D\u00e9couvrez le charme des 4 P\u00e9rigords et le Lot-et-Garonne et la Charente, d\u00e9partements voisins. Profitez des ch\u00e2teaux, des villages pittoresques et d'une culture riche depuis votre villa de luxe.","_seopress_robots_index":"","_uag_custom_page_level_css":"","site-sidebar-layout":"default","site-content-layout":"","ast-site-content-layout":"default","site-content-style":"default","site-sidebar-style":"default","ast-global-header-display":"","ast-banner-title-visibility":"","ast-main-header-display":"","ast-hfb-above-header-display":"","ast-hfb-below-header-display":"","ast-hfb-mobile-header-display":"","site-post-title":"","ast-breadcrumbs-content":"","ast-featured-img":"","footer-sml-layout":"","ast-disable-related-posts":"","theme-transparent-header-meta":"","adv-header-id-meta":"","stick-header-meta":"","header-above-stick-meta":"","header-main-stick-meta":"","header-below-stick-meta":"","astra-migrate-meta-layouts":"set","ast-page-background-enabled":"default","ast-page-background-meta":{"desktop":{"background-color":"var(--ast-global-color-4)","background-image":"","background-repeat":"repeat","background-position":"center center","background-size":"auto","background-attachment":"scroll","background-type":"","background-media":"","overlay-type":"","overlay-color":"","overlay-opacity":"","overlay-gradient":""},"tablet":{"background-color":"","background-image":"","background-repeat":"repeat","background-position":"center center","background-size":"auto","background-attachment":"scroll","background-type":"","background-media":"","overlay-type":"","overlay-color":"","overlay-opacity":"","overlay-gradient":""},"mobile":{"background-color":"","background-image":"","background-repeat":"repeat","background-position":"center center","background-size":"auto","background-attachment":"scroll","background-type":"","background-media":"","overlay-type":"","overlay-color":"","overlay-opacity":"","overlay-gradient":""}},"ast-content-background-meta":{"desktop":{"background-color":"var(--ast-global-color-5)","background-image":"","background-repeat":"repeat","background-position":"center center","background-size":"auto","background-attachment":"scroll","background-type":"","background-media":"","overlay-type":"","overlay-color":"","overlay-opacity":"","overlay-gradient":""},"tablet":{"background-color":"var(--ast-global-color-5)","background-image":"","background-repeat":"repeat","background-position":"center center","background-size":"auto","background-attachment":"scroll","background-type":"","background-media":"","overlay-type":"","overlay-color":"","overlay-opacity":"","overlay-gradient":""},"mobile":{"background-color":"var(--ast-global-color-5)","background-image":"","background-repeat":"repeat","background-position":"center center","background-size":"auto","background-attachment":"scroll","background-type":"","background-media":"","overlay-type":"","overlay-color":"","overlay-opacity":"","overlay-gradient":""}},"footnotes":""},"class_list":["post-13508","page","type-page","status-publish","has-post-thumbnail","hentry"],"acf":[],"uagb_featured_image_src":{"full":["https:\/\/luxevakantiehuis-dordogne.com\/wp-content\/uploads\/2024\/10\/dordogne-gebieden-sl-luxuryrentalsdordogne-1-aspect-ratio-500-333.jpg",1131,753,false],"thumbnail":["https:\/\/luxevakantiehuis-dordogne.com\/wp-content\/uploads\/2024\/10\/dordogne-gebieden-sl-luxuryrentalsdordogne-1-aspect-ratio-500-333-150x150.jpg",150,150,true],"medium":["https:\/\/luxevakantiehuis-dordogne.com\/wp-content\/uploads\/2024\/10\/dordogne-gebieden-sl-luxuryrentalsdordogne-1-aspect-ratio-500-333-300x200.jpg",300,200,true],"medium_large":["https:\/\/luxevakantiehuis-dordogne.com\/wp-content\/uploads\/2024\/10\/dordogne-gebieden-sl-luxuryrentalsdordogne-1-aspect-ratio-500-333-768x511.jpg",768,511,true],"large":["https:\/\/luxevakantiehuis-dordogne.com\/wp-content\/uploads\/2024\/10\/dordogne-gebieden-sl-luxuryrentalsdordogne-1-aspect-ratio-500-333-1024x682.jpg",1024,682,true],"1536x1536":["https:\/\/luxevakantiehuis-dordogne.com\/wp-content\/uploads\/2024\/10\/dordogne-gebieden-sl-luxuryrentalsdordogne-1-aspect-ratio-500-333.jpg",1131,753,false],"2048x2048":["https:\/\/luxevakantiehuis-dordogne.com\/wp-content\/uploads\/2024\/10\/dordogne-gebieden-sl-luxuryrentalsdordogne-1-aspect-ratio-500-333.jpg",1131,753,false],"gform-image-choice-sm":["https:\/\/luxevakantiehuis-dordogne.com\/wp-content\/uploads\/2024\/10\/dordogne-gebieden-sl-luxuryrentalsdordogne-1-aspect-ratio-500-333.jpg",300,200,false],"gform-image-choice-md":["https:\/\/luxevakantiehuis-dordogne.com\/wp-content\/uploads\/2024\/10\/dordogne-gebieden-sl-luxuryrentalsdordogne-1-aspect-ratio-500-333.jpg",400,266,false],"gform-image-choice-lg":["https:\/\/luxevakantiehuis-dordogne.com\/wp-content\/uploads\/2024\/10\/dordogne-gebieden-sl-luxuryrentalsdordogne-1-aspect-ratio-500-333.jpg",600,399,false]},"uagb_author_info":{"display_name":"Boris Hoekmeijer","author_link":"https:\/\/luxevakantiehuis-dordogne.com\/fr\/author\/admbo_lx3v4kan-drdgn\/"},"uagb_comment_info":0,"uagb_excerpt":"AUCUNE R\u00c9GION N&rsquo;EST PLUS COLOR\u00c9E QUE LA DORDOGNE Noir, pourpre, vert en blanc \u2013 D\u00e9couvrez les quatre P\u00e9rigords Tout ce qui est beau sur terre se divise en quatre. Cela vaut \u00e9galement pour la Dordogne ! Cette r\u00e9gion est compos\u00e9e de quatre P\u00e9rigords enchanteurs : le Noir, le Poupre, le Vert et le Blanc. Chaque\u2026","_links":{"self":[{"href":"https:\/\/luxevakantiehuis-dordogne.com\/fr\/wp-json\/wp\/v2\/pages\/13508","targetHints":{"allow":["GET"]}}],"collection":[{"href":"https:\/\/luxevakantiehuis-dordogne.com\/fr\/wp-json\/wp\/v2\/pages"}],"about":[{"href":"https:\/\/luxevakantiehuis-dordogne.com\/fr\/wp-json\/wp\/v2\/types\/page"}],"author":[{"embeddable":true,"href":"https:\/\/luxevakantiehuis-dordogne.com\/fr\/wp-json\/wp\/v2\/users\/5"}],"replies":[{"embeddable":true,"href":"https:\/\/luxevakantiehuis-dordogne.com\/fr\/wp-json\/wp\/v2\/comments?post=13508"}],"version-history":[{"count":0,"href":"https:\/\/luxevakantiehuis-dordogne.com\/fr\/wp-json\/wp\/v2\/pages\/13508\/revisions"}],"wp:featuredmedia":[{"embeddable":true,"href":"https:\/\/luxevakantiehuis-dordogne.com\/fr\/wp-json\/wp\/v2\/media\/4329"}],"wp:attachment":[{"href":"https:\/\/luxevakantiehuis-dordogne.com\/fr\/wp-json\/wp\/v2\/media?parent=13508"}],"curies":[{"name":"wp","href":"https:\/\/api.w.org\/{rel}","templated":true}]}}