{"id":13548,"date":"2024-08-20T13:20:23","date_gmt":"2024-08-20T11:20:23","guid":{"rendered":"https:\/\/luxe-vakantiehuis-dordogne-wordpress.clweb.nl\/nos-conseils-lot-et-garonne\/"},"modified":"2024-11-05T15:12:41","modified_gmt":"2024-11-05T14:12:41","slug":"nos-conseils-lot-et-garonne","status":"publish","type":"page","link":"https:\/\/luxevakantiehuis-dordogne.com\/fr\/nos-conseils-lot-et-garonne\/","title":{"rendered":"Nos conseils : Lot-et-Garonne"},"content":{"rendered":"\n<div class=\"wp-block-media-text has-media-on-the-right is-stacked-on-mobile is-vertically-aligned-top left\" style=\"grid-template-columns:auto 66%\"><div class=\"wp-block-media-text__content\">\n<h4 class=\"wp-block-heading\">Nos conseils \u00e0 proximit\u00e9<\/h4>\n\n\n\n<h2 class=\"wp-block-heading\">Lot-et-Garonne<\/h2>\n\n\n<div id=\"divider-wrapperblock_90189abb124d8348de09bf405bc4119d\" class=\"divider-wrap narrow\">\r\n        <div class=\"divider red\"><\/div> \r\n    <\/div>\r\n\r\n\n\n\n<ul class=\"wp-block-list\">\n<li>Mmmm&#8230; March\u00e9 Gourmand <\/li>\n\n\n\n<li>Splash en Garonne<\/li>\n\n\n\n<li>400 pistes cyclables et sentiers de randonn\u00e9e<\/li>\n<\/ul>\n\n\n\n<p>Le Lot-et-Garonne, juste en dessous de la Dordogne, offre un paysage pittoresque de collines, de vignes et de champs de tournesols. <\/p>\n\n\n\n<p>Les rivi\u00e8res de la Garonne et du Lot sont parfaites pour faire du cano\u00eb, se baigner ou pique-niquer. Avec plus de 400 pistes cyclables et sentiers p\u00e9destres, vous aurez des kilom\u00e8tres \u00e0 sillonner. Visitez de charmantes <strong><a href=\"https:\/\/luxevakantiehuis-dordogne.com\/fr\/nos-conseils\/les-belles-bastides-du-sud-ouest-de-la-france\/\" data-type=\"onze-tips\" data-id=\"4763\">bastides<\/a><\/strong> comme <strong>Viller\u00e9al<\/strong> et <strong>Monflanquin<\/strong>, ou la pittoresque <strong>Villeneuve-sur-Lot<\/strong> avec son march\u00e9 anim\u00e9.   <\/p>\n\n\n\n<p>Pour les amateurs de cuisine, les <strong>march\u00e9s gourmands<\/strong> sont un incontournable : des march\u00e9s nocturnes o\u00f9 vous pourrez d\u00e9guster les sp\u00e9cialit\u00e9s r\u00e9gionales autour de longues tables ! Ces march\u00e9s alimentaires deviennent de plus en plus populaires. R\u00e9galez-vous !  <\/p>\n\n\n\n<p>Cliquez ici pour obtenir la <a href=\"https:\/\/www.google.com\/maps\/d\/u\/0\/viewer?mid=1OzFr5EYrCY2ycun5BVS4pnkK6Nc&amp;femb=1&amp;ll=44.510276167609156%2C0.7589387499999845&amp;z=10\" target=\"_blank\" rel=\"noreferrer noopener\">carte de pr\u00e9paration<\/a> et <a href=\"https:\/\/luxevakantiehuis-dordogne.com\/fr\/conseils-de-vacances\/\" data-type=\"page\" data-id=\"3983\">demandez \u00e0 Wendy<\/a> un devis VIP personnalis\u00e9.<\/p>\n<\/div><figure class=\"wp-block-media-text__media\"><img loading=\"lazy\" decoding=\"async\" width=\"1024\" height=\"841\" src=\"https:\/\/luxevakantiehuis-dordogne.com\/wp-content\/uploads\/2024\/08\/kaart-lot-et-garonne-luxe-vakantiehuis-dordogne-1024x841.jpg\" alt=\"Carte Lot Et Garonne Luxury Rentals Dordogne\" class=\"wp-image-1192 size-full\" srcset=\"https:\/\/luxevakantiehuis-dordogne.com\/wp-content\/uploads\/2024\/08\/kaart-lot-et-garonne-luxe-vakantiehuis-dordogne-1024x841.jpg 1024w, https:\/\/luxevakantiehuis-dordogne.com\/wp-content\/uploads\/2024\/08\/kaart-lot-et-garonne-luxe-vakantiehuis-dordogne-300x247.jpg 300w, https:\/\/luxevakantiehuis-dordogne.com\/wp-content\/uploads\/2024\/08\/kaart-lot-et-garonne-luxe-vakantiehuis-dordogne-768x631.jpg 768w, https:\/\/luxevakantiehuis-dordogne.com\/wp-content\/uploads\/2024\/08\/kaart-lot-et-garonne-luxe-vakantiehuis-dordogne.jpg 1200w\" sizes=\"auto, (max-width: 1024px) 100vw, 1024px\" \/><\/figure><\/div>\n\n<div class=\"wp-block-group margin-bottom-small is-layout-constrained wp-block-group-is-layout-constrained\"><div class=\"wp-block-group__inner-container\">\n<div class=\"wp-block-buttons is-content-justification-space-between is-layout-flex wp-container-core-buttons-is-layout-b2891da8 wp-block-buttons-is-layout-flex\">\n<div class=\"wp-block-button\"><a class=\"wp-block-button__link has-ast-global-color-5-color has-text-color has-link-color wp-element-button\" href=\"https:\/\/luxevakantiehuis-dordogne.com\/fr\/nos-conseils-charente\/\">Charente<\/a><\/div>\n\n\n\n<div class=\"wp-block-button\"><a class=\"wp-block-button__link has-ast-global-color-5-color has-text-color has-link-color wp-element-button\" href=\"https:\/\/luxevakantiehuis-dordogne.com\/fr\/nos-conseils-perigord-blanc\/\">P\u00e9rigord Blanc<\/a><\/div>\n\n\n\n<div class=\"wp-block-button\"><a class=\"wp-block-button__link has-ast-global-color-5-color has-text-color has-link-color wp-element-button\" href=\"https:\/\/luxevakantiehuis-dordogne.com\/fr\/nos-conseils-perigord-noir\/\">P\u00e9rigord Noir<\/a><\/div>\n\n\n\n<div class=\"wp-block-button\"><a class=\"wp-block-button__link has-ast-global-color-5-color has-text-color has-link-color wp-element-button\" href=\"https:\/\/luxevakantiehuis-dordogne.com\/fr\/nos-conseils-perigord-pourpre\/\">P\u00e9rigord Pourpre<\/a><\/div>\n\n\n\n<div class=\"wp-block-button\"><a class=\"wp-block-button__link has-ast-global-color-5-color has-text-color has-link-color wp-element-button\" href=\"https:\/\/luxevakantiehuis-dordogne.com\/fr\/nos-conseils-perigord-vert\/\">P\u00e9rigord Vert<\/a><\/div>\n<\/div>\n<\/div><\/div>\n\n<div class=\"wp-block-group is-layout-constrained wp-block-group-is-layout-constrained\"><div class=\"wp-block-group__inner-container\">\n\t\t\t<div class=\"wp-block-uagb-post-grid uagb-post-grid  uagb-post__image-position-top uagb-post__image-enabled uagb-block-e726944a     uagb-post__items uagb-post__columns-3 is-grid uagb-post__columns-tablet-2 uagb-post__columns-mobile-1 uagb-post__equal-height\" data-total=\"1\" style=\"\">\n\n\t\t\t\t\t\t\t\t\t\t\t\t<article class=\"uagb-post__inner-wrap\">\t\t\t\t\t\t\t\t<div class='uagb-post__image'>\n\t\t\t\t\t\t\t\t\t<a href=\"https:\/\/luxevakantiehuis-dordogne.com\/fr\/nos-conseils\/fietsverhuur-cyclexplore\/\" target=\"_self\" rel=\"bookmark noopener noreferrer\" class='uagb-image-ratio-inherit'><img loading=\"lazy\" decoding=\"async\" width=\"1024\" height=\"670\" src=\"https:\/\/luxevakantiehuis-dordogne.com\/wp-content\/uploads\/2026\/01\/cyclexplore-1024x670.jpg\" class=\"attachment-large size-large\" alt=\"Historic castle and Gothic architecture in Dordogne. Perfect for a luxury holiday home experience.\" srcset=\"https:\/\/luxevakantiehuis-dordogne.com\/wp-content\/uploads\/2026\/01\/cyclexplore-1024x670.jpg 1024w, https:\/\/luxevakantiehuis-dordogne.com\/wp-content\/uploads\/2026\/01\/cyclexplore-300x196.jpg 300w, https:\/\/luxevakantiehuis-dordogne.com\/wp-content\/uploads\/2026\/01\/cyclexplore-768x503.jpg 768w, https:\/\/luxevakantiehuis-dordogne.com\/wp-content\/uploads\/2026\/01\/cyclexplore.jpg 1100w\" sizes=\"auto, (max-width: 1024px) 100vw, 1024px\" \/>\t\t\t\t\t<\/a>\n\t\t\t\t\t\t\t<\/div>\n\t\t\t\t\t\t<h4 class=\"uagb-post__title uagb-post__text\">\n\t\t\t\t<a href=\"https:\/\/luxevakantiehuis-dordogne.com\/fr\/nos-conseils\/fietsverhuur-cyclexplore\/\" target=\"_self\" rel=\"bookmark noopener noreferrer\">Location de v\u00e9los Cyclexplore<\/a>\n\t\t\t<\/h4>\n\t\t\t\t\t\t<div class='uagb-post__text uagb-post-grid-byline'>\n\t\t\t\t\t\t\t<\/div>\n\t\t\t\t\t\t\t<div class='uagb-post__text uagb-post__excerpt'>\n\t\t\t\t\t<p>Cyclexplore vous propose la&nbsp;location de v\u00e9los \u00e9lectriques&nbsp;pour explorer les richesses touristiques du&nbsp;P\u00e9rigord&nbsp;et du&nbsp;Lot-et-Garonne. Avec&nbsp;deux magasins, \u00e0 Viller\u00e9al et \u00e0 Monpazier,&#8230;\t\t\t\t<\/div>\n\t\t\t\t\t\t<div class=\"uagb-post__text uagb-post__cta wp-block-button\">\n\t\t\t\t<a class=\"wp-block-button__link uagb-text-link\" style=\"\" href=\"https:\/\/luxevakantiehuis-dordogne.com\/fr\/nos-conseils\/fietsverhuur-cyclexplore\/\" target=\"_self\" rel=\"bookmark noopener noreferrer\">Lire la suite<\/a>\n\t\t\t<\/div>\n\t\t\t\n\t\t\t\t\t\t\t\t\t<\/article>\n\t\t\t\t\t\t\t\t\t\t\t\t\t\t\t\t<article class=\"uagb-post__inner-wrap\">\t\t\t\t\t\t\t\t<div class='uagb-post__image'>\n\t\t\t\t\t\t\t\t\t<a href=\"https:\/\/luxevakantiehuis-dordogne.com\/fr\/nos-conseils\/belles-bastides-sud-ouest-france\/\" target=\"_self\" rel=\"bookmark noopener noreferrer\" class='uagb-image-ratio-inherit'><img loading=\"lazy\" decoding=\"async\" width=\"1024\" height=\"670\" src=\"https:\/\/luxevakantiehuis-dordogne.com\/wp-content\/uploads\/2024\/10\/pujols-bastide-luxuryrentalsdordogne-1024x670.jpg\" class=\"attachment-large size-large\" alt=\"Geometrisch geplande straten van een bastidedorp in Zuidwest-Frankrijk, met een levendige markt en historische architectuur.\" srcset=\"https:\/\/luxevakantiehuis-dordogne.com\/wp-content\/uploads\/2024\/10\/pujols-bastide-luxuryrentalsdordogne-1024x670.jpg 1024w, https:\/\/luxevakantiehuis-dordogne.com\/wp-content\/uploads\/2024\/10\/pujols-bastide-luxuryrentalsdordogne-300x196.jpg 300w, https:\/\/luxevakantiehuis-dordogne.com\/wp-content\/uploads\/2024\/10\/pujols-bastide-luxuryrentalsdordogne-768x503.jpg 768w, https:\/\/luxevakantiehuis-dordogne.com\/wp-content\/uploads\/2024\/10\/pujols-bastide-luxuryrentalsdordogne.jpg 1100w\" sizes=\"auto, (max-width: 1024px) 100vw, 1024px\" \/>\t\t\t\t\t<\/a>\n\t\t\t\t\t\t\t<\/div>\n\t\t\t\t\t\t<h4 class=\"uagb-post__title uagb-post__text\">\n\t\t\t\t<a href=\"https:\/\/luxevakantiehuis-dordogne.com\/fr\/nos-conseils\/belles-bastides-sud-ouest-france\/\" target=\"_self\" rel=\"bookmark noopener noreferrer\">Les belles bastides du sud-ouest de la France<\/a>\n\t\t\t<\/h4>\n\t\t\t\t\t\t<div class='uagb-post__text uagb-post-grid-byline'>\n\t\t\t\t\t\t\t<\/div>\n\t\t\t\t\t\t\t<div class='uagb-post__text uagb-post__excerpt'>\n\t\t\t\t\t<p>Les bastides du Lot-et-Garonne et de la Dordogne, comme Monflanquin et Viller\u00e9al, sont de magnifiques \u00e9tablissements m\u00e9di\u00e9vaux au riche pass\u00e9&#8230;.\t\t\t\t<\/div>\n\t\t\t\t\t\t<div class=\"uagb-post__text uagb-post__cta wp-block-button\">\n\t\t\t\t<a class=\"wp-block-button__link uagb-text-link\" style=\"\" href=\"https:\/\/luxevakantiehuis-dordogne.com\/fr\/nos-conseils\/belles-bastides-sud-ouest-france\/\" target=\"_self\" rel=\"bookmark noopener noreferrer\">Lire la suite<\/a>\n\t\t\t<\/div>\n\t\t\t\n\t\t\t\t\t\t\t\t\t<\/article>\n\t\t\t\t\t\t\t\t\t\t\t\t\t\t\t\t<article class=\"uagb-post__inner-wrap\">\t\t\t\t\t\t\t\t<div class='uagb-post__image'>\n\t\t\t\t\t\t\t\t\t<a href=\"https:\/\/luxevakantiehuis-dordogne.com\/fr\/nos-conseils\/aquafun-park-de-casteljaloux\/\" target=\"_self\" rel=\"bookmark noopener noreferrer\" class='uagb-image-ratio-inherit'><img loading=\"lazy\" decoding=\"async\" width=\"1024\" height=\"670\" src=\"https:\/\/luxevakantiehuis-dordogne.com\/wp-content\/uploads\/2024\/10\/aqua-fun-parc-casteljaloux-luxuryrentalsdordogne-1024x670.jpg\" class=\"attachment-large size-large\" alt=\"AquaFun Park de Casteljaloux met opblaasbare waterattracties en glijbanen, ideaal voor een dag vol plezier aan het meer.\" srcset=\"https:\/\/luxevakantiehuis-dordogne.com\/wp-content\/uploads\/2024\/10\/aqua-fun-parc-casteljaloux-luxuryrentalsdordogne-1024x670.jpg 1024w, https:\/\/luxevakantiehuis-dordogne.com\/wp-content\/uploads\/2024\/10\/aqua-fun-parc-casteljaloux-luxuryrentalsdordogne-300x196.jpg 300w, https:\/\/luxevakantiehuis-dordogne.com\/wp-content\/uploads\/2024\/10\/aqua-fun-parc-casteljaloux-luxuryrentalsdordogne-768x503.jpg 768w, https:\/\/luxevakantiehuis-dordogne.com\/wp-content\/uploads\/2024\/10\/aqua-fun-parc-casteljaloux-luxuryrentalsdordogne.jpg 1100w\" sizes=\"auto, (max-width: 1024px) 100vw, 1024px\" \/>\t\t\t\t\t<\/a>\n\t\t\t\t\t\t\t<\/div>\n\t\t\t\t\t\t<h4 class=\"uagb-post__title uagb-post__text\">\n\t\t\t\t<a href=\"https:\/\/luxevakantiehuis-dordogne.com\/fr\/nos-conseils\/aquafun-park-de-casteljaloux\/\" target=\"_self\" rel=\"bookmark noopener noreferrer\">AquaFun Park de Casteljaloux<\/a>\n\t\t\t<\/h4>\n\t\t\t\t\t\t<div class='uagb-post__text uagb-post-grid-byline'>\n\t\t\t\t\t\t\t<\/div>\n\t\t\t\t\t\t\t<div class='uagb-post__text uagb-post__excerpt'>\n\t\t\t\t\t<p>L&rsquo;AquaFun Park de Casteljaloux est situ\u00e9 \u00e0 40 minutes d&rsquo;Agen et \u00e0 1 heure de Bordeaux. Ce parc, situ\u00e9 sur&#8230;\t\t\t\t<\/div>\n\t\t\t\t\t\t<div class=\"uagb-post__text uagb-post__cta wp-block-button\">\n\t\t\t\t<a class=\"wp-block-button__link uagb-text-link\" style=\"\" href=\"https:\/\/luxevakantiehuis-dordogne.com\/fr\/nos-conseils\/aquafun-park-de-casteljaloux\/\" target=\"_self\" rel=\"bookmark noopener noreferrer\">Lire la suite<\/a>\n\t\t\t<\/div>\n\t\t\t\n\t\t\t\t\t\t\t\t\t<\/article>\n\t\t\t\t\t\t\t\t\t\t\t\t\t\t\t\t<article class=\"uagb-post__inner-wrap\">\t\t\t\t\t\t\t\t<div class='uagb-post__image'>\n\t\t\t\t\t\t\t\t\t<a href=\"https:\/\/luxevakantiehuis-dordogne.com\/fr\/nos-conseils\/parc-daventure-happy-forest\/\" target=\"_self\" rel=\"bookmark noopener noreferrer\" class='uagb-image-ratio-inherit'><img loading=\"lazy\" decoding=\"async\" width=\"1024\" height=\"670\" src=\"https:\/\/luxevakantiehuis-dordogne.com\/wp-content\/uploads\/2024\/10\/Avonturenpark-Happy-Forest-luxevakantiehuisdordogne-1024x670.jpg\" class=\"attachment-large size-large\" alt=\"Avonturenpark Happy Forest met verschillende speelparcours en dieren in een groene omgeving.\" srcset=\"https:\/\/luxevakantiehuis-dordogne.com\/wp-content\/uploads\/2024\/10\/Avonturenpark-Happy-Forest-luxevakantiehuisdordogne-1024x670.jpg 1024w, https:\/\/luxevakantiehuis-dordogne.com\/wp-content\/uploads\/2024\/10\/Avonturenpark-Happy-Forest-luxevakantiehuisdordogne-300x196.jpg 300w, https:\/\/luxevakantiehuis-dordogne.com\/wp-content\/uploads\/2024\/10\/Avonturenpark-Happy-Forest-luxevakantiehuisdordogne-768x503.jpg 768w, https:\/\/luxevakantiehuis-dordogne.com\/wp-content\/uploads\/2024\/10\/Avonturenpark-Happy-Forest-luxevakantiehuisdordogne.jpg 1100w\" sizes=\"auto, (max-width: 1024px) 100vw, 1024px\" \/>\t\t\t\t\t<\/a>\n\t\t\t\t\t\t\t<\/div>\n\t\t\t\t\t\t<h4 class=\"uagb-post__title uagb-post__text\">\n\t\t\t\t<a href=\"https:\/\/luxevakantiehuis-dordogne.com\/fr\/nos-conseils\/parc-daventure-happy-forest\/\" target=\"_self\" rel=\"bookmark noopener noreferrer\">Parc d&rsquo;aventure Happy Forest<\/a>\n\t\t\t<\/h4>\n\t\t\t\t\t\t<div class='uagb-post__text uagb-post-grid-byline'>\n\t\t\t\t\t\t\t<\/div>\n\t\t\t\t\t\t\t<div class='uagb-post__text uagb-post__excerpt'>\n\t\t\t\t\t<p>Dans ce parc d&rsquo;aventures situ\u00e9 au milieu d&rsquo;une ancienne for\u00eat de ch\u00eanes, vous ferez l&rsquo;exp\u00e9rience de l&rsquo;ultime plaisir en plein&#8230;\t\t\t\t<\/div>\n\t\t\t\t\t\t<div class=\"uagb-post__text uagb-post__cta wp-block-button\">\n\t\t\t\t<a class=\"wp-block-button__link uagb-text-link\" style=\"\" href=\"https:\/\/luxevakantiehuis-dordogne.com\/fr\/nos-conseils\/parc-daventure-happy-forest\/\" target=\"_self\" rel=\"bookmark noopener noreferrer\">Lire la suite<\/a>\n\t\t\t<\/div>\n\t\t\t\n\t\t\t\t\t\t\t\t\t<\/article>\n\t\t\t\t\t\t\t\t\t\t\t\t\t\t\t\t<article class=\"uagb-post__inner-wrap\">\t\t\t\t\t\t\t\t<div class='uagb-post__image'>\n\t\t\t\t\t\t\t\t\t<a href=\"https:\/\/luxevakantiehuis-dordogne.com\/fr\/nos-conseils\/chateau-de-bonaguil\/\" target=\"_self\" rel=\"bookmark noopener noreferrer\" class='uagb-image-ratio-inherit'><img loading=\"lazy\" decoding=\"async\" width=\"1024\" height=\"670\" src=\"https:\/\/luxevakantiehuis-dordogne.com\/wp-content\/uploads\/2024\/10\/chateau-de-bonaguil-luxuryrentalsdordogne-1024x670.jpg\" class=\"attachment-large size-large\" alt=\"Imposant Ch\u00e2teau de Bonaguil met torens en grachten, een 13e-eeuws kasteel dat bekend staat om zijn middeleeuwse markten en unieke architectuur.\" srcset=\"https:\/\/luxevakantiehuis-dordogne.com\/wp-content\/uploads\/2024\/10\/chateau-de-bonaguil-luxuryrentalsdordogne-1024x670.jpg 1024w, https:\/\/luxevakantiehuis-dordogne.com\/wp-content\/uploads\/2024\/10\/chateau-de-bonaguil-luxuryrentalsdordogne-300x196.jpg 300w, https:\/\/luxevakantiehuis-dordogne.com\/wp-content\/uploads\/2024\/10\/chateau-de-bonaguil-luxuryrentalsdordogne-768x503.jpg 768w, https:\/\/luxevakantiehuis-dordogne.com\/wp-content\/uploads\/2024\/10\/chateau-de-bonaguil-luxuryrentalsdordogne.jpg 1100w\" sizes=\"auto, (max-width: 1024px) 100vw, 1024px\" \/>\t\t\t\t\t<\/a>\n\t\t\t\t\t\t\t<\/div>\n\t\t\t\t\t\t<h4 class=\"uagb-post__title uagb-post__text\">\n\t\t\t\t<a href=\"https:\/\/luxevakantiehuis-dordogne.com\/fr\/nos-conseils\/chateau-de-bonaguil\/\" target=\"_self\" rel=\"bookmark noopener noreferrer\">Ch\u00e2teau de Bonaguil<\/a>\n\t\t\t<\/h4>\n\t\t\t\t\t\t<div class='uagb-post__text uagb-post-grid-byline'>\n\t\t\t\t\t\t\t<\/div>\n\t\t\t\t\t\t\t<div class='uagb-post__text uagb-post__excerpt'>\n\t\t\t\t\t<p>Le Ch\u00e2teau de Bonaguil est un impressionnant ch\u00e2teau construit au 13e si\u00e8cle et fortifi\u00e9 aux 15e et 16e si\u00e8cles. L&rsquo;un&#8230;\t\t\t\t<\/div>\n\t\t\t\t\t\t<div class=\"uagb-post__text uagb-post__cta wp-block-button\">\n\t\t\t\t<a class=\"wp-block-button__link uagb-text-link\" style=\"\" href=\"https:\/\/luxevakantiehuis-dordogne.com\/fr\/nos-conseils\/chateau-de-bonaguil\/\" target=\"_self\" rel=\"bookmark noopener noreferrer\">Lire la suite<\/a>\n\t\t\t<\/div>\n\t\t\t\n\t\t\t\t\t\t\t\t\t<\/article>\n\t\t\t\t\t\t\t\t\t\t\t<\/div>\n\t\t\t<\/div><\/div>\n\n<div class=\"wp-block-group left is-layout-constrained wp-block-group-is-layout-constrained\"><div class=\"wp-block-group__inner-container\">\n<h4 class=\"wp-block-heading\">Encore plus de conseils de notre part et de nos propri\u00e9taires<\/h4>\n\n\n\n<h2 class=\"wp-block-heading\">Carte de Pr\u00e9paration<\/h2>\n\n\n<div id=\"divider-wrapperblock_90189abb124d8348de09bf405bc4119d\" class=\"divider-wrap narrow\">\r\n        <div class=\"divider red\"><\/div> \r\n    <\/div>\r\n\r\n\n\n\n<p><strong>Explication de la carte<\/strong><br\/>1. Ouvrez la carte dans un nouvel onglet en cliquant sur l&rsquo;ic\u00f4ne en forme de carr\u00e9 en haut \u00e0 droite.<br\/>2. Zoomez avant ou arri\u00e8re.<br\/>3. Utilisez la barre de recherche pour trouver votre maison et explorer les environs.<br\/>Vous pouvez \u00e9galement rechercher une activit\u00e9 ou un lieu.<\/p>\n\n\n\n<iframe loading=\"lazy\" class=\"skip-lazy\" style=\"border: 0;\" src=\"https:\/\/www.google.com\/maps\/d\/embed?mid=1OzFr5EYrCY2ycun5BVS4pnkK6Nc&#038;ll=44.28064200000001%2C0.8606049999999641&#038;z=12\" width=\"100%\" height=\"554\" frameborder=\"0\" allowfullscreen=\"allowfullscreen\"><\/iframe>\n<\/div><\/div>\n","protected":false},"excerpt":{"rendered":"<p>Encore plus de conseils de notre part et de nos propri\u00e9taires Carte de Pr\u00e9paration Explication de la carte1. Ouvrez la carte dans un nouvel onglet en cliquant sur l&rsquo;ic\u00f4ne en forme de carr\u00e9 en haut \u00e0 droite.2. Zoomez avant ou arri\u00e8re.3. Utilisez la barre de recherche pour trouver votre maison et explorer les environs.Vous pouvez [&hellip;]<\/p>\n","protected":false},"author":5,"featured_media":4525,"parent":0,"menu_order":0,"comment_status":"closed","ping_status":"closed","template":"page-tips.php","meta":{"_acf_changed":false,"_seopress_robots_primary_cat":"","_seopress_titles_title":"D\u00e9couvrir le Lot-et-Garonne : Conseils pour une maison de vacances de luxe en Dordogne","_seopress_titles_desc":"Explorez le Lot-et-Garonne avec des conseils sur le cano\u00eb-kayak, les bastides et les march\u00e9s nocturnes. Profitez d'une maison de vacances de luxe en Dordogne et d\u00e9couvrez les plus beaux endroits ! ","_seopress_robots_index":"","_uag_custom_page_level_css":"","site-sidebar-layout":"default","site-content-layout":"","ast-site-content-layout":"default","site-content-style":"default","site-sidebar-style":"default","ast-global-header-display":"","ast-banner-title-visibility":"","ast-main-header-display":"","ast-hfb-above-header-display":"","ast-hfb-below-header-display":"","ast-hfb-mobile-header-display":"","site-post-title":"","ast-breadcrumbs-content":"","ast-featured-img":"","footer-sml-layout":"","ast-disable-related-posts":"","theme-transparent-header-meta":"","adv-header-id-meta":"","stick-header-meta":"","header-above-stick-meta":"","header-main-stick-meta":"","header-below-stick-meta":"","astra-migrate-meta-layouts":"default","ast-page-background-enabled":"default","ast-page-background-meta":{"desktop":{"background-color":"var(--ast-global-color-4)","background-image":"","background-repeat":"repeat","background-position":"center center","background-size":"auto","background-attachment":"scroll","background-type":"","background-media":"","overlay-type":"","overlay-color":"","overlay-opacity":"","overlay-gradient":""},"tablet":{"background-color":"","background-image":"","background-repeat":"repeat","background-position":"center center","background-size":"auto","background-attachment":"scroll","background-type":"","background-media":"","overlay-type":"","overlay-color":"","overlay-opacity":"","overlay-gradient":""},"mobile":{"background-color":"","background-image":"","background-repeat":"repeat","background-position":"center center","background-size":"auto","background-attachment":"scroll","background-type":"","background-media":"","overlay-type":"","overlay-color":"","overlay-opacity":"","overlay-gradient":""}},"ast-content-background-meta":{"desktop":{"background-color":"var(--ast-global-color-5)","background-image":"","background-repeat":"repeat","background-position":"center center","background-size":"auto","background-attachment":"scroll","background-type":"","background-media":"","overlay-type":"","overlay-color":"","overlay-opacity":"","overlay-gradient":""},"tablet":{"background-color":"var(--ast-global-color-5)","background-image":"","background-repeat":"repeat","background-position":"center center","background-size":"auto","background-attachment":"scroll","background-type":"","background-media":"","overlay-type":"","overlay-color":"","overlay-opacity":"","overlay-gradient":""},"mobile":{"background-color":"var(--ast-global-color-5)","background-image":"","background-repeat":"repeat","background-position":"center center","background-size":"auto","background-attachment":"scroll","background-type":"","background-media":"","overlay-type":"","overlay-color":"","overlay-opacity":"","overlay-gradient":""}},"footnotes":""},"class_list":["post-13548","page","type-page","status-publish","has-post-thumbnail","hentry"],"acf":[],"uagb_featured_image_src":{"full":["https:\/\/luxevakantiehuis-dordogne.com\/wp-content\/uploads\/2024\/10\/lot-et-garonne-pujols-luxuryrentalsdordogne-aspect-ratio-500-333.jpg",1130,753,false],"thumbnail":["https:\/\/luxevakantiehuis-dordogne.com\/wp-content\/uploads\/2024\/10\/lot-et-garonne-pujols-luxuryrentalsdordogne-aspect-ratio-500-333-150x150.jpg",150,150,true],"medium":["https:\/\/luxevakantiehuis-dordogne.com\/wp-content\/uploads\/2024\/10\/lot-et-garonne-pujols-luxuryrentalsdordogne-aspect-ratio-500-333-300x200.jpg",300,200,true],"medium_large":["https:\/\/luxevakantiehuis-dordogne.com\/wp-content\/uploads\/2024\/10\/lot-et-garonne-pujols-luxuryrentalsdordogne-aspect-ratio-500-333-768x512.jpg",768,512,true],"large":["https:\/\/luxevakantiehuis-dordogne.com\/wp-content\/uploads\/2024\/10\/lot-et-garonne-pujols-luxuryrentalsdordogne-aspect-ratio-500-333-1024x682.jpg",1024,682,true],"1536x1536":["https:\/\/luxevakantiehuis-dordogne.com\/wp-content\/uploads\/2024\/10\/lot-et-garonne-pujols-luxuryrentalsdordogne-aspect-ratio-500-333.jpg",1130,753,false],"2048x2048":["https:\/\/luxevakantiehuis-dordogne.com\/wp-content\/uploads\/2024\/10\/lot-et-garonne-pujols-luxuryrentalsdordogne-aspect-ratio-500-333.jpg",1130,753,false],"gform-image-choice-sm":["https:\/\/luxevakantiehuis-dordogne.com\/wp-content\/uploads\/2024\/10\/lot-et-garonne-pujols-luxuryrentalsdordogne-aspect-ratio-500-333.jpg",300,200,false],"gform-image-choice-md":["https:\/\/luxevakantiehuis-dordogne.com\/wp-content\/uploads\/2024\/10\/lot-et-garonne-pujols-luxuryrentalsdordogne-aspect-ratio-500-333.jpg",400,267,false],"gform-image-choice-lg":["https:\/\/luxevakantiehuis-dordogne.com\/wp-content\/uploads\/2024\/10\/lot-et-garonne-pujols-luxuryrentalsdordogne-aspect-ratio-500-333.jpg",600,400,false]},"uagb_author_info":{"display_name":"Boris Hoekmeijer","author_link":"https:\/\/luxevakantiehuis-dordogne.com\/fr\/author\/admbo_lx3v4kan-drdgn\/"},"uagb_comment_info":0,"uagb_excerpt":"Encore plus de conseils de notre part et de nos propri\u00e9taires Carte de Pr\u00e9paration Explication de la carte1. Ouvrez la carte dans un nouvel onglet en cliquant sur l&rsquo;ic\u00f4ne en forme de carr\u00e9 en haut \u00e0 droite.2. Zoomez avant ou arri\u00e8re.3. Utilisez la barre de recherche pour trouver votre maison et explorer les environs.Vous pouvez\u2026","_links":{"self":[{"href":"https:\/\/luxevakantiehuis-dordogne.com\/fr\/wp-json\/wp\/v2\/pages\/13548","targetHints":{"allow":["GET"]}}],"collection":[{"href":"https:\/\/luxevakantiehuis-dordogne.com\/fr\/wp-json\/wp\/v2\/pages"}],"about":[{"href":"https:\/\/luxevakantiehuis-dordogne.com\/fr\/wp-json\/wp\/v2\/types\/page"}],"author":[{"embeddable":true,"href":"https:\/\/luxevakantiehuis-dordogne.com\/fr\/wp-json\/wp\/v2\/users\/5"}],"replies":[{"embeddable":true,"href":"https:\/\/luxevakantiehuis-dordogne.com\/fr\/wp-json\/wp\/v2\/comments?post=13548"}],"version-history":[{"count":0,"href":"https:\/\/luxevakantiehuis-dordogne.com\/fr\/wp-json\/wp\/v2\/pages\/13548\/revisions"}],"wp:featuredmedia":[{"embeddable":true,"href":"https:\/\/luxevakantiehuis-dordogne.com\/fr\/wp-json\/wp\/v2\/media\/4525"}],"wp:attachment":[{"href":"https:\/\/luxevakantiehuis-dordogne.com\/fr\/wp-json\/wp\/v2\/media?parent=13548"}],"curies":[{"name":"wp","href":"https:\/\/api.w.org\/{rel}","templated":true}]}}