{"id":13559,"date":"2024-09-30T09:35:50","date_gmt":"2024-09-30T07:35:50","guid":{"rendered":"https:\/\/luxe-vakantiehuis-dordogne-wordpress.clweb.nl\/conseils-de-vacances\/"},"modified":"2025-04-24T16:39:15","modified_gmt":"2025-04-24T14:39:15","slug":"conseils-de-vacances","status":"publish","type":"page","link":"https:\/\/luxevakantiehuis-dordogne.com\/fr\/conseils-de-vacances\/","title":{"rendered":"Conseils de vacances"},"content":{"rendered":"\n<div class=\"wp-block-group grijs is-layout-flow wp-block-group-is-layout-flow\"><div class=\"wp-block-group__inner-container\">\n<h5 class=\"wp-block-heading has-text-align-center\">POUR UN S\u00c9JOUR INOUBLIABLE EN DORDOGNE<\/h5>\n\n\n\n<h2 class=\"wp-block-heading has-text-align-center\">Planifiez votre voyage<\/h2>\n\n\n<div id=\"divider-wrapperblock_5e9143b1ecbfb88beffb392e791771ce\" class=\"divider-wrap narrow\">\r\n        <div class=\"divider red\"><\/div> \r\n    <\/div>\r\n\r\n\n\n\n<p class=\"has-text-align-center\">Une visite \u0153nologique \u00e0 travers les magnifiques vignobles bordelais ? Un voyage gastronomique \u00e0 la capitale de la truffe ? Une odyss\u00e9e sportive \u00e0 travers la Dordogne ? Nous vous recommandons vivement de contacter Wendy. Nous l&rsquo;avons rencontr\u00e9e en Dordogne, elle parle couramment le fran\u00e7ais et elle a de nombreux contacts avec la population locale.    <\/p>\n<\/div><\/div>\n\n\n\n<div class=\"wp-block-media-text has-media-on-the-right is-stacked-on-mobile is-vertically-aligned-top\"><div class=\"wp-block-media-text__content\">\n<h5 class=\"wp-block-heading has-text-align-center\">VIVEMENT RECOMMANDE PAR ZSUZSI ET FLORIS<\/h5>\n\n\n\n<h2 class=\"wp-block-heading has-text-align-center\">Conseils de Wendy<\/h2>\n\n\n<div id=\"divider-wrapperblock_c956365e1c37816cbc3ae95729da39b0\" class=\"divider-wrap narrow\">\r\n        <div class=\"divider red\"><\/div> \r\n    <\/div>\r\n\r\n\n\n\n<p class=\"has-text-align-left\">\u00ab Bienvenue en Dordogne, l&rsquo;une des plus belles r\u00e9gions de France. Id\u00e9ale pour passer de merveilleuses vacances. Le P\u00e9rigord est une destination vraiment fantastique. Vous en aurez plein les yeux. Je serai heureuse de vous aider \u00e0 organiser votre s\u00e9jour et vous donner des conseils pour rendre votre voyage en Dordogne inoubliable.<\/p>\n\n\n\n<p class=\"has-text-align-left\">\u00ab Je vis en Dordogne depuis plus de 20 ans. Je connais les endroits incontournables, mais aussi les adresses secr\u00e8tes que vous ne trouverez jamais vous-m\u00eame. Je peux \u00e9galement vous aider \u00e0 organiser des visites sp\u00e9ciales en vous donnant de pr\u00e9cieux conseils ou m\u00eame en r\u00e9servant un restaurant pour vous. Vous souhaitez lancer votre propre \u00ab club cuisine \u00bb en vous rendant aux m\u00eames march\u00e9s o\u00f9 vont les plus grands chefs ? Je peux tout organiser pour vous. \u00bb<\/p>\n<\/div><figure class=\"wp-block-media-text__media\"><img loading=\"lazy\" decoding=\"async\" width=\"700\" height=\"467\" src=\"https:\/\/luxevakantiehuis-dordogne.com\/wp-content\/uploads\/2024\/10\/vakantietips-wijnproeven-luxevakantiehuisdordogne-1.jpg\" alt=\"conseils pour les vacances d\u00e9gustation de vins vacances de Luxury Rentals Dordogne\" class=\"wp-image-4206 size-full\" srcset=\"https:\/\/luxevakantiehuis-dordogne.com\/wp-content\/uploads\/2024\/10\/vakantietips-wijnproeven-luxevakantiehuisdordogne-1.jpg 700w, https:\/\/luxevakantiehuis-dordogne.com\/wp-content\/uploads\/2024\/10\/vakantietips-wijnproeven-luxevakantiehuisdordogne-1-300x200.jpg 300w\" sizes=\"auto, (max-width: 700px) 100vw, 700px\" \/><\/figure><\/div>\n\n\n\n<div class=\"wp-block-media-text is-stacked-on-mobile is-vertically-aligned-top\"><figure class=\"wp-block-media-text__media\"><img loading=\"lazy\" decoding=\"async\" width=\"700\" height=\"467\" src=\"https:\/\/luxevakantiehuis-dordogne.com\/wp-content\/uploads\/2024\/10\/image.jpeg\" alt=\"conseils pour les vacances restaurant Luxury Rentals Dordogne\" class=\"wp-image-4226 size-full\" srcset=\"https:\/\/luxevakantiehuis-dordogne.com\/wp-content\/uploads\/2024\/10\/image.jpeg 700w, https:\/\/luxevakantiehuis-dordogne.com\/wp-content\/uploads\/2024\/10\/image-300x200.jpeg 300w\" sizes=\"auto, (max-width: 700px) 100vw, 700px\" \/><\/figure><div class=\"wp-block-media-text__content\">\n<h2 class=\"wp-block-heading has-text-align-center\">Proposition 1<\/h2>\n\n\n<div id=\"divider-wrapperblock_c956365e1c37816cbc3ae95729da39b0\" class=\"divider-wrap narrow\">\r\n        <div class=\"divider red\"><\/div> \r\n    <\/div>\r\n\r\n\n\n\n<p class=\"has-text-align-left\">Vous souhaitez gagner du temps ?<br>Trouver la bonne adresse tout de suite ?<br>Eviter d\u2019\u00eatre d\u00e9\u00e7u ?<br>Profiter simplement de votre s\u00e9jour en me laissant organiser vos visites ?<\/p>\n\n\n\n<p>Choisissez alors \u00ab Trois conseils de Wendy \u00bb. Je m\u2019occupe alors de r\u00e9aliser 3 souhaits au choix en terme de restaurants (r\u00e9servations comprises), d\u2019attractions, de mus\u00e9es, de th\u00e9\u00e2tre (r\u00e9servations comprises), de location de moyens de transport, etc. Je facture 50 \u20ac pour cette prestation.  <\/p>\n<\/div><\/div>\n\n\n\n<div class=\"wp-block-media-text has-media-on-the-right is-stacked-on-mobile is-vertically-aligned-top\"><div class=\"wp-block-media-text__content\">\n<h2 class=\"wp-block-heading has-text-align-center\">Proposition 2<\/h2>\n\n\n<div id=\"divider-wrapperblock_c956365e1c37816cbc3ae95729da39b0\" class=\"divider-wrap narrow\">\r\n        <div class=\"divider red\"><\/div> \r\n    <\/div>\r\n\r\n\n\n\n<p class=\"has-text-align-left\">Optez pour un s\u00e9jour sans soucis en Dordogne et confiez-moi l&rsquo;organisation de vos plus belles visites. Que vos souhaits soient simples, ambitieux ou insolites, je vous concocterai une exp\u00e9rience vraiment inoubliable. Ensemble, nous cr\u00e9ons un programme sur mesure, jusque dans les moindres d\u00e9tails : itin\u00e9raires, r\u00e9servations, rendez-vous et planning.  <\/p>\n\n\n\n<p class=\"has-text-align-left\">Programmes personnalis\u00e9s pour autant de personnes que vous le souhaitez, pour petits et gros budgets.<\/p>\n<\/div><figure class=\"wp-block-media-text__media\"><img loading=\"lazy\" decoding=\"async\" width=\"1024\" height=\"670\" src=\"https:\/\/luxevakantiehuis-dordogne.com\/wp-content\/uploads\/2024\/10\/chateau-de-beynac-luxury-rentals-dordogne-1024x670.jpg\" alt=\"\" class=\"wp-image-17130 size-full\" srcset=\"https:\/\/luxevakantiehuis-dordogne.com\/wp-content\/uploads\/2024\/10\/chateau-de-beynac-luxury-rentals-dordogne-1024x670.jpg 1024w, https:\/\/luxevakantiehuis-dordogne.com\/wp-content\/uploads\/2024\/10\/chateau-de-beynac-luxury-rentals-dordogne-300x196.jpg 300w, https:\/\/luxevakantiehuis-dordogne.com\/wp-content\/uploads\/2024\/10\/chateau-de-beynac-luxury-rentals-dordogne-768x503.jpg 768w, https:\/\/luxevakantiehuis-dordogne.com\/wp-content\/uploads\/2024\/10\/chateau-de-beynac-luxury-rentals-dordogne.jpg 1100w\" sizes=\"auto, (max-width: 1024px) 100vw, 1024px\" \/><\/figure><\/div>\n\n\n\n<p><\/p>\n","protected":false},"excerpt":{"rendered":"<p>POUR UN S\u00c9JOUR INOUBLIABLE EN DORDOGNE Planifiez votre voyage Une visite \u0153nologique \u00e0 travers les magnifiques vignobles bordelais ? Un voyage gastronomique \u00e0 la capitale de la truffe ? Une odyss\u00e9e sportive \u00e0 travers la Dordogne ? Nous vous recommandons vivement de contacter Wendy. Nous l&rsquo;avons rencontr\u00e9e en Dordogne, elle parle couramment le fran\u00e7ais et [&hellip;]<\/p>\n","protected":false},"author":6,"featured_media":4109,"parent":0,"menu_order":0,"comment_status":"closed","ping_status":"closed","template":"page-dordogne.php","meta":{"_acf_changed":false,"_seopress_robots_primary_cat":"","_seopress_titles_title":"Wendy's Tips & Trips: Ontdek Dordogne met Maatwerk Uitjes","_seopress_titles_desc":"Verken de Dordogne met Wendy\u2019s Tips & Trips: maatwerk wijnreizen, culinaire trips en insider-tips voor een onvergetelijk verblijf in deze prachtige regio!","_seopress_robots_index":"","_uag_custom_page_level_css":"","site-sidebar-layout":"default","site-content-layout":"","ast-site-content-layout":"default","site-content-style":"default","site-sidebar-style":"default","ast-global-header-display":"","ast-banner-title-visibility":"","ast-main-header-display":"","ast-hfb-above-header-display":"","ast-hfb-below-header-display":"","ast-hfb-mobile-header-display":"","site-post-title":"disabled","ast-breadcrumbs-content":"","ast-featured-img":"","footer-sml-layout":"","ast-disable-related-posts":"","theme-transparent-header-meta":"","adv-header-id-meta":"","stick-header-meta":"","header-above-stick-meta":"","header-main-stick-meta":"","header-below-stick-meta":"","astra-migrate-meta-layouts":"set","ast-page-background-enabled":"default","ast-page-background-meta":{"desktop":{"background-color":"var(--ast-global-color-4)","background-image":"","background-repeat":"repeat","background-position":"center center","background-size":"auto","background-attachment":"scroll","background-type":"","background-media":"","overlay-type":"","overlay-color":"","overlay-opacity":"","overlay-gradient":""},"tablet":{"background-color":"","background-image":"","background-repeat":"repeat","background-position":"center center","background-size":"auto","background-attachment":"scroll","background-type":"","background-media":"","overlay-type":"","overlay-color":"","overlay-opacity":"","overlay-gradient":""},"mobile":{"background-color":"","background-image":"","background-repeat":"repeat","background-position":"center center","background-size":"auto","background-attachment":"scroll","background-type":"","background-media":"","overlay-type":"","overlay-color":"","overlay-opacity":"","overlay-gradient":""}},"ast-content-background-meta":{"desktop":{"background-color":"var(--ast-global-color-5)","background-image":"","background-repeat":"repeat","background-position":"center center","background-size":"auto","background-attachment":"scroll","background-type":"","background-media":"","overlay-type":"","overlay-color":"","overlay-opacity":"","overlay-gradient":""},"tablet":{"background-color":"var(--ast-global-color-5)","background-image":"","background-repeat":"repeat","background-position":"center center","background-size":"auto","background-attachment":"scroll","background-type":"","background-media":"","overlay-type":"","overlay-color":"","overlay-opacity":"","overlay-gradient":""},"mobile":{"background-color":"var(--ast-global-color-5)","background-image":"","background-repeat":"repeat","background-position":"center center","background-size":"auto","background-attachment":"scroll","background-type":"","background-media":"","overlay-type":"","overlay-color":"","overlay-opacity":"","overlay-gradient":""}},"footnotes":""},"class_list":["post-13559","page","type-page","status-publish","has-post-thumbnail","hentry"],"acf":[],"uagb_featured_image_src":{"full":["https:\/\/luxevakantiehuis-dordogne.com\/wp-content\/uploads\/2024\/09\/vakantietips-luxe-vakantiehuis-dordogne-aspect-ratio-500-333.jpg",986,657,false],"thumbnail":["https:\/\/luxevakantiehuis-dordogne.com\/wp-content\/uploads\/2024\/09\/vakantietips-luxe-vakantiehuis-dordogne-aspect-ratio-500-333-150x150.jpg",150,150,true],"medium":["https:\/\/luxevakantiehuis-dordogne.com\/wp-content\/uploads\/2024\/09\/vakantietips-luxe-vakantiehuis-dordogne-aspect-ratio-500-333-300x200.jpg",300,200,true],"medium_large":["https:\/\/luxevakantiehuis-dordogne.com\/wp-content\/uploads\/2024\/09\/vakantietips-luxe-vakantiehuis-dordogne-aspect-ratio-500-333-768x512.jpg",768,512,true],"large":["https:\/\/luxevakantiehuis-dordogne.com\/wp-content\/uploads\/2024\/09\/vakantietips-luxe-vakantiehuis-dordogne-aspect-ratio-500-333.jpg",986,657,false],"1536x1536":["https:\/\/luxevakantiehuis-dordogne.com\/wp-content\/uploads\/2024\/09\/vakantietips-luxe-vakantiehuis-dordogne-aspect-ratio-500-333.jpg",986,657,false],"2048x2048":["https:\/\/luxevakantiehuis-dordogne.com\/wp-content\/uploads\/2024\/09\/vakantietips-luxe-vakantiehuis-dordogne-aspect-ratio-500-333.jpg",986,657,false],"gform-image-choice-sm":["https:\/\/luxevakantiehuis-dordogne.com\/wp-content\/uploads\/2024\/09\/vakantietips-luxe-vakantiehuis-dordogne-aspect-ratio-500-333.jpg",300,200,false],"gform-image-choice-md":["https:\/\/luxevakantiehuis-dordogne.com\/wp-content\/uploads\/2024\/09\/vakantietips-luxe-vakantiehuis-dordogne-aspect-ratio-500-333.jpg",400,267,false],"gform-image-choice-lg":["https:\/\/luxevakantiehuis-dordogne.com\/wp-content\/uploads\/2024\/09\/vakantietips-luxe-vakantiehuis-dordogne-aspect-ratio-500-333.jpg",600,400,false]},"uagb_author_info":{"display_name":"Zsuzsi &amp; Floris","author_link":"https:\/\/luxevakantiehuis-dordogne.com\/fr\/author\/zsuzsi_flor1s-luxevhddgn3\/"},"uagb_comment_info":0,"uagb_excerpt":"POUR UN S\u00c9JOUR INOUBLIABLE EN DORDOGNE Planifiez votre voyage Une visite \u0153nologique \u00e0 travers les magnifiques vignobles bordelais ? Un voyage gastronomique \u00e0 la capitale de la truffe ? Une odyss\u00e9e sportive \u00e0 travers la Dordogne ? Nous vous recommandons vivement de contacter Wendy. Nous l&rsquo;avons rencontr\u00e9e en Dordogne, elle parle couramment le fran\u00e7ais et\u2026","_links":{"self":[{"href":"https:\/\/luxevakantiehuis-dordogne.com\/fr\/wp-json\/wp\/v2\/pages\/13559","targetHints":{"allow":["GET"]}}],"collection":[{"href":"https:\/\/luxevakantiehuis-dordogne.com\/fr\/wp-json\/wp\/v2\/pages"}],"about":[{"href":"https:\/\/luxevakantiehuis-dordogne.com\/fr\/wp-json\/wp\/v2\/types\/page"}],"author":[{"embeddable":true,"href":"https:\/\/luxevakantiehuis-dordogne.com\/fr\/wp-json\/wp\/v2\/users\/6"}],"replies":[{"embeddable":true,"href":"https:\/\/luxevakantiehuis-dordogne.com\/fr\/wp-json\/wp\/v2\/comments?post=13559"}],"version-history":[{"count":1,"href":"https:\/\/luxevakantiehuis-dordogne.com\/fr\/wp-json\/wp\/v2\/pages\/13559\/revisions"}],"predecessor-version":[{"id":17164,"href":"https:\/\/luxevakantiehuis-dordogne.com\/fr\/wp-json\/wp\/v2\/pages\/13559\/revisions\/17164"}],"wp:featuredmedia":[{"embeddable":true,"href":"https:\/\/luxevakantiehuis-dordogne.com\/fr\/wp-json\/wp\/v2\/media\/4109"}],"wp:attachment":[{"href":"https:\/\/luxevakantiehuis-dordogne.com\/fr\/wp-json\/wp\/v2\/media?parent=13559"}],"curies":[{"name":"wp","href":"https:\/\/api.w.org\/{rel}","templated":true}]}}