{"id":13614,"date":"2024-11-04T14:11:09","date_gmt":"2024-11-04T13:11:09","guid":{"rendered":"https:\/\/luxe-vakantiehuis-dordogne-wordpress.clweb.nl\/merci-pour-votre-inscription\/"},"modified":"2024-12-14T15:48:49","modified_gmt":"2024-12-14T14:48:49","slug":"merci-pour-votre-inscription","status":"publish","type":"page","link":"https:\/\/luxevakantiehuis-dordogne.com\/fr\/merci-pour-votre-inscription\/","title":{"rendered":"Merci pour votre inscription"},"content":{"rendered":"\n<h2 class=\"wp-block-heading has-text-align-center subtitle\">Merci pour votre inscription !<\/h2>\n\n<p class=\"has-text-align-center\">Nous vous tiendrons inform\u00e9(e) de nos derni\u00e8res actualit\u00e9s, offres exclusives et conseils pratiques.<\/p>\n<div id=\"divider-wrapperblock_bd1dde129f6d9dbc82de316adb8b4b91\" class=\"divider-wrap narrow\">\r\n        <div class=\"divider red\"><\/div> \r\n    <\/div>\r\n\r\n\n<div class=\"wp-block-group full-width grijs contact is-layout-constrained wp-block-group-is-layout-constrained\"><div class=\"wp-block-group__inner-container\">\n<div class=\"wp-block-columns columns-3 is-layout-flex wp-container-core-columns-is-layout-28f84493 wp-block-columns-is-layout-flex\">\n<div class=\"wp-block-column is-layout-flow wp-block-column-is-layout-flow\" style=\"flex-basis:39%\">\n<div class=\"wp-block-columns columns-2 is-layout-flex wp-container-core-columns-is-layout-28f84493 wp-block-columns-is-layout-flex\">\n<div class=\"wp-block-column col-icon is-layout-flow wp-block-column-is-layout-flow\" style=\"flex-basis:3rem\">\n<i class=\"fal fa-location-dot\"><\/i>\n<\/div>\n\n\n\n<div class=\"wp-block-column is-layout-flow wp-block-column-is-layout-flow\">\n<p>SIM Solutions S.A.R.L.<br\/>754 Route du Moulin du Touroulet 24800 Chalais France<\/p>\n<\/div>\n<\/div>\n<\/div>\n\n\n\n<div class=\"wp-block-column is-layout-flow wp-block-column-is-layout-flow\" style=\"flex-basis:32%\">\n<div class=\"wp-block-columns columns-2 is-layout-flex wp-container-core-columns-is-layout-28f84493 wp-block-columns-is-layout-flex\">\n<div class=\"wp-block-column col-icon is-layout-flow wp-block-column-is-layout-flow\" style=\"flex-basis:3rem\">\n<i class=\"fal fa-phone\"><\/i>\n<\/div>\n\n\n\n<div class=\"wp-block-column is-layout-flow wp-block-column-is-layout-flow\">\n<p>Portable : +33 (0)672956177<\/p>\n<\/div>\n<\/div>\n<\/div>\n\n\n\n<div class=\"wp-block-column is-layout-flow wp-block-column-is-layout-flow\" style=\"flex-basis:29%\">\n<div class=\"wp-block-columns columns-2 is-layout-flex wp-container-core-columns-is-layout-28f84493 wp-block-columns-is-layout-flex\">\n<div class=\"wp-block-column col-icon is-layout-flow wp-block-column-is-layout-flow\" style=\"flex-basis:3rem\">\n<i class=\"fal fa-envelope\"><\/i>\n<\/div>\n\n\n\n<div class=\"wp-block-column is-layout-flow wp-block-column-is-layout-flow\">\n<p>Siret : 520 799 628 000 18<br\/>TVA : FR11520799628<\/p>\n<\/div>\n<\/div>\n<\/div>\n<\/div>\n<\/div><\/div>\n\n<iframe loading=\"lazy\" src=\"https:\/\/www.google.com\/maps\/embed?pb=!1m14!1m8!1m3!1d11185.401243449029!2d0.9160165!3d45.5030263!3m2!1i1024!2i768!4f13.1!3m3!1m2!1s0x47ff18a21dfd143b%3A0xd0d15d781246512c!2sluxe+vakantiehuis+dordogne!5e0!3m2!1snl!2sfr!4v1509633031123\" width=\"100%\" height=\"350px\" frameborder=\"0\" style=\"border:0\" allowfullscreen=\"\"><\/iframe>\n","protected":false},"excerpt":{"rendered":"<p>Merci pour votre inscription ! Nous vous tiendrons inform\u00e9(e) de nos derni\u00e8res actualit\u00e9s, offres exclusives et conseils pratiques. SIM Solutions S.A.R.L.754 Route du Moulin du Touroulet 24800 Chalais France Portable : +33 (0)672956177 Siret : 520 799 628 000 18TVA : FR11520799628<\/p>\n","protected":false},"author":8,"featured_media":3493,"parent":0,"menu_order":0,"comment_status":"closed","ping_status":"closed","template":"page-full-width-banner.php","meta":{"_acf_changed":false,"_seopress_robots_primary_cat":"","_seopress_titles_title":"Contacter Luxury Rentals Dordogne","_seopress_titles_desc":"Vous avez des questions ? Contactez Luxury Rentals Dordogne pour un conseil personnalis\u00e9 sur votre maison de vacances de luxe. Nous nous ferons un plaisir de vous aider !","_seopress_robots_index":"","_uag_custom_page_level_css":"","site-sidebar-layout":"default","site-content-layout":"","ast-site-content-layout":"default","site-content-style":"default","site-sidebar-style":"default","ast-global-header-display":"","ast-banner-title-visibility":"","ast-main-header-display":"","ast-hfb-above-header-display":"","ast-hfb-below-header-display":"","ast-hfb-mobile-header-display":"","site-post-title":"disabled","ast-breadcrumbs-content":"","ast-featured-img":"","footer-sml-layout":"","ast-disable-related-posts":"","theme-transparent-header-meta":"","adv-header-id-meta":"","stick-header-meta":"","header-above-stick-meta":"","header-main-stick-meta":"","header-below-stick-meta":"","astra-migrate-meta-layouts":"set","ast-page-background-enabled":"default","ast-page-background-meta":{"desktop":{"background-color":"var(--ast-global-color-4)","background-image":"","background-repeat":"repeat","background-position":"center center","background-size":"auto","background-attachment":"scroll","background-type":"","background-media":"","overlay-type":"","overlay-color":"","overlay-opacity":"","overlay-gradient":""},"tablet":{"background-color":"","background-image":"","background-repeat":"repeat","background-position":"center center","background-size":"auto","background-attachment":"scroll","background-type":"","background-media":"","overlay-type":"","overlay-color":"","overlay-opacity":"","overlay-gradient":""},"mobile":{"background-color":"","background-image":"","background-repeat":"repeat","background-position":"center center","background-size":"auto","background-attachment":"scroll","background-type":"","background-media":"","overlay-type":"","overlay-color":"","overlay-opacity":"","overlay-gradient":""}},"ast-content-background-meta":{"desktop":{"background-color":"var(--ast-global-color-5)","background-image":"","background-repeat":"repeat","background-position":"center center","background-size":"auto","background-attachment":"scroll","background-type":"","background-media":"","overlay-type":"","overlay-color":"","overlay-opacity":"","overlay-gradient":""},"tablet":{"background-color":"var(--ast-global-color-5)","background-image":"","background-repeat":"repeat","background-position":"center center","background-size":"auto","background-attachment":"scroll","background-type":"","background-media":"","overlay-type":"","overlay-color":"","overlay-opacity":"","overlay-gradient":""},"mobile":{"background-color":"var(--ast-global-color-5)","background-image":"","background-repeat":"repeat","background-position":"center center","background-size":"auto","background-attachment":"scroll","background-type":"","background-media":"","overlay-type":"","overlay-color":"","overlay-opacity":"","overlay-gradient":""}},"footnotes":""},"class_list":["post-13614","page","type-page","status-publish","has-post-thumbnail","hentry"],"acf":[],"uagb_featured_image_src":{"full":["https:\/\/luxevakantiehuis-dordogne.com\/wp-content\/uploads\/2024\/09\/contact-luxe-vakantiehuis-dordogne-aspect-ratio-500-333.jpg",1051,700,false],"thumbnail":["https:\/\/luxevakantiehuis-dordogne.com\/wp-content\/uploads\/2024\/09\/contact-luxe-vakantiehuis-dordogne-aspect-ratio-500-333-150x150.jpg",150,150,true],"medium":["https:\/\/luxevakantiehuis-dordogne.com\/wp-content\/uploads\/2024\/09\/contact-luxe-vakantiehuis-dordogne-aspect-ratio-500-333-300x200.jpg",300,200,true],"medium_large":["https:\/\/luxevakantiehuis-dordogne.com\/wp-content\/uploads\/2024\/09\/contact-luxe-vakantiehuis-dordogne-aspect-ratio-500-333-768x512.jpg",768,512,true],"large":["https:\/\/luxevakantiehuis-dordogne.com\/wp-content\/uploads\/2024\/09\/contact-luxe-vakantiehuis-dordogne-aspect-ratio-500-333-1024x682.jpg",1024,682,true],"1536x1536":["https:\/\/luxevakantiehuis-dordogne.com\/wp-content\/uploads\/2024\/09\/contact-luxe-vakantiehuis-dordogne-aspect-ratio-500-333.jpg",1051,700,false],"2048x2048":["https:\/\/luxevakantiehuis-dordogne.com\/wp-content\/uploads\/2024\/09\/contact-luxe-vakantiehuis-dordogne-aspect-ratio-500-333.jpg",1051,700,false],"gform-image-choice-sm":["https:\/\/luxevakantiehuis-dordogne.com\/wp-content\/uploads\/2024\/09\/contact-luxe-vakantiehuis-dordogne-aspect-ratio-500-333.jpg",300,200,false],"gform-image-choice-md":["https:\/\/luxevakantiehuis-dordogne.com\/wp-content\/uploads\/2024\/09\/contact-luxe-vakantiehuis-dordogne-aspect-ratio-500-333.jpg",400,266,false],"gform-image-choice-lg":["https:\/\/luxevakantiehuis-dordogne.com\/wp-content\/uploads\/2024\/09\/contact-luxe-vakantiehuis-dordogne-aspect-ratio-500-333.jpg",600,400,false]},"uagb_author_info":{"display_name":"Floris Stork","author_link":"https:\/\/luxevakantiehuis-dordogne.com\/fr\/author\/f-storksim-solutions-eu\/"},"uagb_comment_info":0,"uagb_excerpt":"Merci pour votre inscription ! Nous vous tiendrons inform\u00e9(e) de nos derni\u00e8res actualit\u00e9s, offres exclusives et conseils pratiques. SIM Solutions S.A.R.L.754 Route du Moulin du Touroulet 24800 Chalais France Portable : +33 (0)672956177 Siret : 520 799 628 000 18TVA : FR11520799628","_links":{"self":[{"href":"https:\/\/luxevakantiehuis-dordogne.com\/fr\/wp-json\/wp\/v2\/pages\/13614","targetHints":{"allow":["GET"]}}],"collection":[{"href":"https:\/\/luxevakantiehuis-dordogne.com\/fr\/wp-json\/wp\/v2\/pages"}],"about":[{"href":"https:\/\/luxevakantiehuis-dordogne.com\/fr\/wp-json\/wp\/v2\/types\/page"}],"author":[{"embeddable":true,"href":"https:\/\/luxevakantiehuis-dordogne.com\/fr\/wp-json\/wp\/v2\/users\/8"}],"replies":[{"embeddable":true,"href":"https:\/\/luxevakantiehuis-dordogne.com\/fr\/wp-json\/wp\/v2\/comments?post=13614"}],"version-history":[{"count":0,"href":"https:\/\/luxevakantiehuis-dordogne.com\/fr\/wp-json\/wp\/v2\/pages\/13614\/revisions"}],"wp:featuredmedia":[{"embeddable":true,"href":"https:\/\/luxevakantiehuis-dordogne.com\/fr\/wp-json\/wp\/v2\/media\/3493"}],"wp:attachment":[{"href":"https:\/\/luxevakantiehuis-dordogne.com\/fr\/wp-json\/wp\/v2\/media?parent=13614"}],"curies":[{"name":"wp","href":"https:\/\/api.w.org\/{rel}","templated":true}]}}