{"id":16295,"date":"2025-01-17T14:57:15","date_gmt":"2025-01-17T13:57:15","guid":{"rendered":"https:\/\/luxevakantiehuis-dordogne.com\/de-dordogne-wellness\/"},"modified":"2025-01-18T15:03:44","modified_gmt":"2025-01-18T14:03:44","slug":"la-dordogne-bien-etre","status":"publish","type":"page","link":"https:\/\/luxevakantiehuis-dordogne.com\/fr\/la-dordogne-bien-etre\/","title":{"rendered":"La Dordogne: Bien-\u00eatre"},"content":{"rendered":"\n<div class=\"wp-block-group grijs is-layout-constrained wp-block-group-is-layout-constrained\"><div class=\"wp-block-group__inner-container\">\n<h5 class=\"wp-block-heading\">Une oasis de calme et de d\u00e9tente<\/h5>\n\n\n\n<h2 class=\"wp-block-heading\">La Dordogne, c\u2019est le bien-\u00eatre<\/h2>\n\n\n<div id=\"divider-wrapperblock_6b2d8aa6f377a3ff49238b3efd69acc3\" class=\"divider-wrap narrow\">\r\n        <div class=\"divider red\"><\/div> \r\n    <\/div>\r\n\r\n\n\n\n<p class=\"has-text-align-center\">La Dordogne est l\u2019endroit id\u00e9al pour se ressourcer pleinement. Profitez de luxueux spas, de bains thermaux et de massages revitalisants dans un cadre exceptionnel. Rechargez vos batteries avec des s\u00e9ances de yoga en pleine nature ou offrez-vous une exp\u00e9rience unique de vinoth\u00e9rapie au c\u0153ur des vignobles. Un moment de pure d\u00e9tente en Dordogne !<\/p>\n<\/div><\/div>\n\n\n\n<div class=\"wp-block-group is-layout-constrained wp-block-group-is-layout-constrained\"><div class=\"wp-block-group__inner-container\">\n\t\t\t<div class=\"wp-block-uagb-post-grid uagb-post-grid  uagb-post__image-position-top uagb-post__image-enabled uagb-block-839024ad     uagb-post__items uagb-post__columns-3 is-grid uagb-post__columns-tablet-2 uagb-post__columns-mobile-1 uagb-post__equal-height\" data-total=\"1\" style=\"\">\n\n\t\t\t\t\t\t\t\t\t\t\t\t<article class=\"uagb-post__inner-wrap\">\t\t\t\t\t\t\t\t<div class='uagb-post__image'>\n\t\t\t\t\t\t\t\t\t<a href=\"https:\/\/luxevakantiehuis-dordogne.com\/fr\/nos-conseils\/puymarteau-spa-brantome\/\" target=\"_self\" rel=\"bookmark noopener noreferrer\" class='uagb-image-ratio-inherit'><img loading=\"lazy\" decoding=\"async\" width=\"1024\" height=\"670\" src=\"https:\/\/luxevakantiehuis-dordogne.com\/wp-content\/uploads\/2025\/01\/puymarteau-spa-brantome-luxe-vakantiehuis-dordogne-1024x670.jpg\" class=\"attachment-large size-large\" alt=\"puymarteau spa brantome luxe vakantiehuis dordogne\" srcset=\"https:\/\/luxevakantiehuis-dordogne.com\/wp-content\/uploads\/2025\/01\/puymarteau-spa-brantome-luxe-vakantiehuis-dordogne-1024x670.jpg 1024w, https:\/\/luxevakantiehuis-dordogne.com\/wp-content\/uploads\/2025\/01\/puymarteau-spa-brantome-luxe-vakantiehuis-dordogne-300x196.jpg 300w, https:\/\/luxevakantiehuis-dordogne.com\/wp-content\/uploads\/2025\/01\/puymarteau-spa-brantome-luxe-vakantiehuis-dordogne-768x503.jpg 768w, https:\/\/luxevakantiehuis-dordogne.com\/wp-content\/uploads\/2025\/01\/puymarteau-spa-brantome-luxe-vakantiehuis-dordogne.jpg 1100w\" sizes=\"auto, (max-width: 1024px) 100vw, 1024px\" \/>\t\t\t\t\t<\/a>\n\t\t\t\t\t\t\t<\/div>\n\t\t\t\t\t\t<h4 class=\"uagb-post__title uagb-post__text\">\n\t\t\t\t<a href=\"https:\/\/luxevakantiehuis-dordogne.com\/fr\/nos-conseils\/puymarteau-spa-brantome\/\" target=\"_self\" rel=\"bookmark noopener noreferrer\">Puymarteau  Spa &#8211; Brant\u00f4me<\/a>\n\t\t\t<\/h4>\n\t\t\t\t\t\t<div class='uagb-post__text uagb-post-grid-byline'>\n\t\t\t\t\t\t\t<\/div>\n\t\t\t\t\t\t\t<div class='uagb-post__text uagb-post__excerpt'>\n\t\t\t\t\t<p>Ce luxueux spa \u00e0 Brant\u00f4me dispose d&rsquo;une piscine avec vue et d&rsquo;une nage \u00e0 contre-courant, d&rsquo;un circuit de bien-\u00eatre comprenant&#8230;\t\t\t\t<\/div>\n\t\t\t\t\t\t<div class=\"uagb-post__text uagb-post__cta wp-block-button\">\n\t\t\t\t<a class=\"wp-block-button__link uagb-text-link\" style=\"\" href=\"https:\/\/luxevakantiehuis-dordogne.com\/fr\/nos-conseils\/puymarteau-spa-brantome\/\" target=\"_self\" rel=\"bookmark noopener noreferrer\">Lire la suite<\/a>\n\t\t\t<\/div>\n\t\t\t\n\t\t\t\t\t\t\t\t\t<\/article>\n\t\t\t\t\t\t\t\t\t\t\t\t\t\t\t\t<article class=\"uagb-post__inner-wrap\">\t\t\t\t\t\t\t\t<div class='uagb-post__image'>\n\t\t\t\t\t\t\t\t\t<a href=\"https:\/\/luxevakantiehuis-dordogne.com\/fr\/nos-conseils\/rent-a-relaxation-detente-sur-mesure-seances-privees-yoga-massage\/\" target=\"_self\" rel=\"bookmark noopener noreferrer\" class='uagb-image-ratio-inherit'><img loading=\"lazy\" decoding=\"async\" width=\"600\" height=\"400\" src=\"https:\/\/luxevakantiehuis-dordogne.com\/wp-content\/uploads\/2024\/07\/promo-rent-a-relaxation-luxevakantiehuis-dordogne.jpg\" class=\"attachment-large size-large\" alt=\"Rent-a-Relaxation - Massage en Yoga - Luxe Vakantiehuis Dordogne\" srcset=\"https:\/\/luxevakantiehuis-dordogne.com\/wp-content\/uploads\/2024\/07\/promo-rent-a-relaxation-luxevakantiehuis-dordogne.jpg 600w, https:\/\/luxevakantiehuis-dordogne.com\/wp-content\/uploads\/2024\/07\/promo-rent-a-relaxation-luxevakantiehuis-dordogne-300x200.jpg 300w\" sizes=\"auto, (max-width: 600px) 100vw, 600px\" \/>\t\t\t\t\t<\/a>\n\t\t\t\t\t\t\t<\/div>\n\t\t\t\t\t\t<h4 class=\"uagb-post__title uagb-post__text\">\n\t\t\t\t<a href=\"https:\/\/luxevakantiehuis-dordogne.com\/fr\/nos-conseils\/rent-a-relaxation-detente-sur-mesure-seances-privees-yoga-massage\/\" target=\"_self\" rel=\"bookmark noopener noreferrer\">Rent-a-Relaxation: D\u00e9tente sur mesure avec des s\u00e9ances priv\u00e9es de yoga et de massage<\/a>\n\t\t\t<\/h4>\n\t\t\t\t\t\t<div class='uagb-post__text uagb-post-grid-byline'>\n\t\t\t\t\t\t\t<\/div>\n\t\t\t\t\t\t\t<div class='uagb-post__text uagb-post__excerpt'>\n\t\t\t\t\t<p>Pour une exp\u00e9rience de bien-\u00eatre ultime ! D\u00e9tendez-vous avec une s\u00e9ance priv\u00e9e de yoga ou de massage, directement dans le&#8230;\t\t\t\t<\/div>\n\t\t\t\t\t\t<div class=\"uagb-post__text uagb-post__cta wp-block-button\">\n\t\t\t\t<a class=\"wp-block-button__link uagb-text-link\" style=\"\" href=\"https:\/\/luxevakantiehuis-dordogne.com\/fr\/nos-conseils\/rent-a-relaxation-detente-sur-mesure-seances-privees-yoga-massage\/\" target=\"_self\" rel=\"bookmark noopener noreferrer\">Lire la suite<\/a>\n\t\t\t<\/div>\n\t\t\t\n\t\t\t\t\t\t\t\t\t<\/article>\n\t\t\t\t\t\t\t\t\t\t\t<\/div>\n\t\t\t<\/div><\/div>\n\n\n\n<p><\/p>\n","protected":false},"excerpt":{"rendered":"<p>Une oasis de calme et de d\u00e9tente La Dordogne, c\u2019est le bien-\u00eatre La Dordogne est l\u2019endroit id\u00e9al pour se ressourcer pleinement. Profitez de luxueux spas, de bains thermaux et de massages revitalisants dans un cadre exceptionnel. Rechargez vos batteries avec des s\u00e9ances de yoga en pleine nature ou offrez-vous une exp\u00e9rience unique de vinoth\u00e9rapie au [&hellip;]<\/p>\n","protected":false},"author":8,"featured_media":16265,"parent":0,"menu_order":0,"comment_status":"closed","ping_status":"closed","template":"page-dordogne.php","meta":{"_acf_changed":false,"_seopress_robots_primary_cat":"","_seopress_titles_title":"La Dordogne: Bien-\u00eatre | Luxury Rentals Dordogne","_seopress_titles_desc":"Offrez-vous une parenth\u00e8se de luxe et de d\u00e9tente dans les plus beaux centres de bien-\u00eatre de la Dordogne. D\u00e9couvrez une s\u00e9r\u00e9nit\u00e9 absolue au c\u0153ur de la nature et profitez d\u2019une exp\u00e9rience unique m\u00ealant raffinement et relaxation.","_seopress_robots_index":"","_uag_custom_page_level_css":"","site-sidebar-layout":"default","site-content-layout":"","ast-site-content-layout":"default","site-content-style":"default","site-sidebar-style":"default","ast-global-header-display":"","ast-banner-title-visibility":"","ast-main-header-display":"","ast-hfb-above-header-display":"","ast-hfb-below-header-display":"","ast-hfb-mobile-header-display":"","site-post-title":"","ast-breadcrumbs-content":"","ast-featured-img":"","footer-sml-layout":"","ast-disable-related-posts":"","theme-transparent-header-meta":"","adv-header-id-meta":"","stick-header-meta":"","header-above-stick-meta":"","header-main-stick-meta":"","header-below-stick-meta":"","astra-migrate-meta-layouts":"set","ast-page-background-enabled":"default","ast-page-background-meta":{"desktop":{"background-color":"var(--ast-global-color-4)","background-image":"","background-repeat":"repeat","background-position":"center center","background-size":"auto","background-attachment":"scroll","background-type":"","background-media":"","overlay-type":"","overlay-color":"","overlay-opacity":"","overlay-gradient":""},"tablet":{"background-color":"","background-image":"","background-repeat":"repeat","background-position":"center center","background-size":"auto","background-attachment":"scroll","background-type":"","background-media":"","overlay-type":"","overlay-color":"","overlay-opacity":"","overlay-gradient":""},"mobile":{"background-color":"","background-image":"","background-repeat":"repeat","background-position":"center center","background-size":"auto","background-attachment":"scroll","background-type":"","background-media":"","overlay-type":"","overlay-color":"","overlay-opacity":"","overlay-gradient":""}},"ast-content-background-meta":{"desktop":{"background-color":"var(--ast-global-color-5)","background-image":"","background-repeat":"repeat","background-position":"center center","background-size":"auto","background-attachment":"scroll","background-type":"","background-media":"","overlay-type":"","overlay-color":"","overlay-opacity":"","overlay-gradient":""},"tablet":{"background-color":"var(--ast-global-color-5)","background-image":"","background-repeat":"repeat","background-position":"center center","background-size":"auto","background-attachment":"scroll","background-type":"","background-media":"","overlay-type":"","overlay-color":"","overlay-opacity":"","overlay-gradient":""},"mobile":{"background-color":"var(--ast-global-color-5)","background-image":"","background-repeat":"repeat","background-position":"center center","background-size":"auto","background-attachment":"scroll","background-type":"","background-media":"","overlay-type":"","overlay-color":"","overlay-opacity":"","overlay-gradient":""}},"footnotes":""},"class_list":["post-16295","page","type-page","status-publish","has-post-thumbnail","hentry"],"acf":[],"uagb_featured_image_src":{"full":["https:\/\/luxevakantiehuis-dordogne.com\/wp-content\/uploads\/2025\/01\/wellness-spa-luxe-vakantiehuis-dordogne.jpg",500,333,false],"thumbnail":["https:\/\/luxevakantiehuis-dordogne.com\/wp-content\/uploads\/2025\/01\/wellness-spa-luxe-vakantiehuis-dordogne-150x150.jpg",150,150,true],"medium":["https:\/\/luxevakantiehuis-dordogne.com\/wp-content\/uploads\/2025\/01\/wellness-spa-luxe-vakantiehuis-dordogne-300x200.jpg",300,200,true],"medium_large":["https:\/\/luxevakantiehuis-dordogne.com\/wp-content\/uploads\/2025\/01\/wellness-spa-luxe-vakantiehuis-dordogne.jpg",500,333,false],"large":["https:\/\/luxevakantiehuis-dordogne.com\/wp-content\/uploads\/2025\/01\/wellness-spa-luxe-vakantiehuis-dordogne.jpg",500,333,false],"1536x1536":["https:\/\/luxevakantiehuis-dordogne.com\/wp-content\/uploads\/2025\/01\/wellness-spa-luxe-vakantiehuis-dordogne.jpg",500,333,false],"2048x2048":["https:\/\/luxevakantiehuis-dordogne.com\/wp-content\/uploads\/2025\/01\/wellness-spa-luxe-vakantiehuis-dordogne.jpg",500,333,false],"gform-image-choice-sm":["https:\/\/luxevakantiehuis-dordogne.com\/wp-content\/uploads\/2025\/01\/wellness-spa-luxe-vakantiehuis-dordogne-300x300.jpg",300,300,true],"gform-image-choice-md":["https:\/\/luxevakantiehuis-dordogne.com\/wp-content\/uploads\/2025\/01\/wellness-spa-luxe-vakantiehuis-dordogne-400x333.jpg",400,333,true],"gform-image-choice-lg":["https:\/\/luxevakantiehuis-dordogne.com\/wp-content\/uploads\/2025\/01\/wellness-spa-luxe-vakantiehuis-dordogne.jpg",500,333,false]},"uagb_author_info":{"display_name":"Floris Stork","author_link":"https:\/\/luxevakantiehuis-dordogne.com\/fr\/author\/f-storksim-solutions-eu\/"},"uagb_comment_info":0,"uagb_excerpt":"Une oasis de calme et de d\u00e9tente La Dordogne, c\u2019est le bien-\u00eatre La Dordogne est l\u2019endroit id\u00e9al pour se ressourcer pleinement. Profitez de luxueux spas, de bains thermaux et de massages revitalisants dans un cadre exceptionnel. Rechargez vos batteries avec des s\u00e9ances de yoga en pleine nature ou offrez-vous une exp\u00e9rience unique de vinoth\u00e9rapie au\u2026","_links":{"self":[{"href":"https:\/\/luxevakantiehuis-dordogne.com\/fr\/wp-json\/wp\/v2\/pages\/16295","targetHints":{"allow":["GET"]}}],"collection":[{"href":"https:\/\/luxevakantiehuis-dordogne.com\/fr\/wp-json\/wp\/v2\/pages"}],"about":[{"href":"https:\/\/luxevakantiehuis-dordogne.com\/fr\/wp-json\/wp\/v2\/types\/page"}],"author":[{"embeddable":true,"href":"https:\/\/luxevakantiehuis-dordogne.com\/fr\/wp-json\/wp\/v2\/users\/8"}],"replies":[{"embeddable":true,"href":"https:\/\/luxevakantiehuis-dordogne.com\/fr\/wp-json\/wp\/v2\/comments?post=16295"}],"version-history":[{"count":3,"href":"https:\/\/luxevakantiehuis-dordogne.com\/fr\/wp-json\/wp\/v2\/pages\/16295\/revisions"}],"predecessor-version":[{"id":16313,"href":"https:\/\/luxevakantiehuis-dordogne.com\/fr\/wp-json\/wp\/v2\/pages\/16295\/revisions\/16313"}],"wp:featuredmedia":[{"embeddable":true,"href":"https:\/\/luxevakantiehuis-dordogne.com\/fr\/wp-json\/wp\/v2\/media\/16265"}],"wp:attachment":[{"href":"https:\/\/luxevakantiehuis-dordogne.com\/fr\/wp-json\/wp\/v2\/media?parent=16295"}],"curies":[{"name":"wp","href":"https:\/\/api.w.org\/{rel}","templated":true}]}}