{"id":19480,"date":"2024-09-05T16:25:11","date_gmt":"2024-09-05T14:25:11","guid":{"rendered":"https:\/\/luxevakantiehuis-dordogne.com\/relaxation\/"},"modified":"2026-04-07T13:35:34","modified_gmt":"2026-04-07T11:35:34","slug":"relaxation","status":"publish","type":"page","link":"https:\/\/luxevakantiehuis-dordogne.com\/fr\/relaxation\/","title":{"rendered":"Relaxation"},"content":{"rendered":"\n<div class=\"wp-block-media-text has-media-on-the-right is-stacked-on-mobile is-vertically-aligned-top\" style=\"grid-template-columns:auto 33%\"><div class=\"wp-block-media-text__content\">\n<h5 class=\"wp-block-heading has-text-align-center\">Se d\u00e9tendre ensemble en Dordogne<\/h5>\n\n\n\n<h2 class=\"wp-block-heading has-text-align-center\">Rent-a-Relaxation <\/h2>\n\n\n<div id=\"divider-wrapperblock_0e67805db1a81db127775943c7ffbcaf\" class=\"divider-wrap narrow\">\r\n        <div class=\"divider red\"><\/div> \r\n    <\/div>\r\n\r\n\n\n\n<p class=\"has-text-align-left\">Avec Rent-a-Relaxation, nous apportons le bien-\u00eatre directement dans votre maison de vacances en Dordogne.<\/p>\n\n\n\n<p class=\"has-text-align-left\">Profitez d\u2019un massage, d\u2019une s\u00e9ance de yoga ou d\u2019un soin du visage, enti\u00e8rement adapt\u00e9s \u00e0 vos souhaits.<br>Que vous souhaitiez vous ressourcer, rajeunir ou simplement vous d\u00e9tendre, votre moment de bien-\u00eatre se vit confortablement dans votre propre maison de vacances.<\/p>\n\n\n\n<p class=\"has-text-align-left\">Nos th\u00e9rapeutes exp\u00e9riment\u00e9s se pr\u00e9sentent avec plaisir \u00e0 vous.<\/p>\n<\/div><figure class=\"wp-block-media-text__media\"><img loading=\"lazy\" decoding=\"async\" width=\"600\" height=\"461\" src=\"https:\/\/luxevakantiehuis-dordogne.com\/wp-content\/uploads\/2024\/09\/relaxation-massage-luxe-vakantiehuis-dordogne.jpg\" alt=\"Mains en train de masser \u2013 symbolise le bien-\u00eatre et la d\u00e9tente personnalis\u00e9e dans votre maison de vacances.\" class=\"wp-image-1827 size-full\" srcset=\"https:\/\/luxevakantiehuis-dordogne.com\/wp-content\/uploads\/2024\/09\/relaxation-massage-luxe-vakantiehuis-dordogne.jpg 600w, https:\/\/luxevakantiehuis-dordogne.com\/wp-content\/uploads\/2024\/09\/relaxation-massage-luxe-vakantiehuis-dordogne-300x231.jpg 300w\" sizes=\"auto, (max-width: 600px) 100vw, 600px\" \/><\/figure><\/div>\n\n\n\n<div class=\"wp-block-media-text is-stacked-on-mobile is-vertically-aligned-top\" style=\"grid-template-columns:48% auto\"><figure class=\"wp-block-media-text__media\"><img loading=\"lazy\" decoding=\"async\" width=\"555\" height=\"370\" src=\"https:\/\/luxevakantiehuis-dordogne.com\/wp-content\/uploads\/2024\/09\/yoga-luxe-vakantiehuis-dordogne.jpg\" alt=\"Marie-H\u00e9l\u00e8ne en posture de yoga \u00e0 c\u00f4t\u00e9 de la piscine \u2013 met en avant le calme, l\u2019\u00e9quilibre et l\u2019accompagnement personnalis\u00e9 lors de votre s\u00e9ance de bien-\u00eatre.\" class=\"wp-image-3886 size-full\" srcset=\"https:\/\/luxevakantiehuis-dordogne.com\/wp-content\/uploads\/2024\/09\/yoga-luxe-vakantiehuis-dordogne.jpg 555w, https:\/\/luxevakantiehuis-dordogne.com\/wp-content\/uploads\/2024\/09\/yoga-luxe-vakantiehuis-dordogne-300x200.jpg 300w\" sizes=\"auto, (max-width: 555px) 100vw, 555px\" \/><\/figure><div class=\"wp-block-media-text__content\">\n<h4 class=\"wp-block-heading has-text-align-center\">Marie-H\u00e9l\u00e8ne \u2013 Professeur de yoga &amp; masseuse<\/h4>\n\n\n<div id=\"divider-wrapperblock_0e67805db1a81db127775943c7ffbcaf\" class=\"divider-wrap narrow\">\r\n        <div class=\"divider red\"><\/div> \r\n    <\/div>\r\n\r\n\n\n\n<p class=\"has-text-align-left\">Marie-H\u00e9l\u00e8ne poss\u00e8de des d\u00e9cennies d\u2019exp\u00e9rience en yoga et en mouvement et est \u00e9galement active en tant que professeure de danse. Gr\u00e2ce \u00e0 son approche th\u00e9rapeutique et sa connaissance du corps et de la posture, chaque s\u00e9ance est enti\u00e8rement adapt\u00e9e \u00e0 vos besoins.<\/p>\n\n\n\n<p class=\"has-text-align-left\">En plus du yoga, elle propose \u00e9galement des massages relaxants, id\u00e9aux pour la r\u00e9cup\u00e9ration, le rajeunissement et une d\u00e9tente profonde \u2013 avec des programmes qui soutiennent \u00e9galement le renforcement musculaire et la r\u00e9\u00e9ducation, par exemple apr\u00e8s une maladie ou un effort prolong\u00e9.<\/p>\n\n\n\n<p><strong>Tarifs indicatifs :<\/strong><\/p>\n\n\n\n<ul class=\"wp-block-list\">\n<li>S\u00e9ance priv\u00e9e : 1 heure de yoga + 1 heure de massage \u20ac175<\/li>\n\n\n\n<li>S\u00e9ance en groupe (max. 3 personnes) : 1 heure de yoga + 30 min de massage par personne \u20ac190<\/li>\n\n\n\n<li>Programme optionnel pour renforcement musculaire et r\u00e9cup\u00e9ration disponible<\/li>\n<\/ul>\n<\/div><\/div>\n\n\n\n<div class=\"wp-block-group is-layout-constrained wp-block-group-is-layout-constrained\"><div class=\"wp-block-group__inner-container\">\r\n<div id=\"triple-block_233c2e862818f446c091789079eea83b\" class=\"triple\">\r\n\r\n\r\n\r\n    <div class=\"reusable-block triple\">\r\n        <div class=\"left\">\r\n            <img decoding=\"async\" src=\"https:\/\/luxevakantiehuis-dordogne.com\/wp-content\/uploads\/2024\/09\/relaxation-luxe-vakantiehuis-dordogne-aspect-ratio-400-300.jpg\" alt=\"\" \/>\r\n        <\/div>\r\n        <div class=\"center\">\r\n                <h5>Service unique et bienfaisante<\/h5>\r\n                <h2>Interview avec Marie-H\u00e9l\u00e8ne<\/h2>\r\n\r\n                                <a class=\"button reuse\" href=\"\">\r\n                    <span class=\"title\">\r\n                        Blog                    <\/span>\r\n                    <span class=\"icon\">\r\n                        <i class=\"fa-solid fa-chevron-right\"><\/i>\r\n                    <\/span>\r\n                <\/a>\r\n                        <\/div>\r\n        <div class=\"right\">\r\n            <img decoding=\"async\" src=\"https:\/\/luxevakantiehuis-dordogne.com\/wp-content\/uploads\/2024\/09\/relaxation-luxevakantiehuis-dordogne-aspect-ratio-400-300.jpg\" alt=\"\" \/>\r\n        <\/div>\r\n\r\n    <\/div> \r\n\r\n\r\n\r\n<\/div><\/div><\/div>\n\n\n\n<div class=\"wp-block-media-text has-media-on-the-right is-stacked-on-mobile is-vertically-aligned-top\" style=\"grid-template-columns:auto 37%\"><div class=\"wp-block-media-text__content\">\n<h4 class=\"wp-block-heading has-text-align-center\"><strong>H\u00e9l\u00e8ne<\/strong> &#8211; Masseuse &amp; sp\u00e9cialiste du visage<\/h4>\n\n\n<div id=\"divider-wrapperblock_0e67805db1a81db127775943c7ffbcaf\" class=\"divider-wrap narrow\">\r\n        <div class=\"divider red\"><\/div> \r\n    <\/div>\r\n\r\n\n\n\n<p class=\"has-text-align-left\">H\u00e9l\u00e8ne poss\u00e8de de nombreuses ann\u00e9es d\u2019exp\u00e9rience dans le bien-\u00eatre et les soins dans des h\u00f4tels de luxe, et apporte d\u00e9sormais son expertise directement dans votre maison de vacances en Dordogne. Elle est sp\u00e9cialis\u00e9e dans les massages relaxants et les soins du visage, en utilisant les produits naturels et haut de gamme de TiL, fabriqu\u00e9s localement en Dordogne \u00e0 base de fleurs de tilleul, qui prennent soin de la peau, du corps et de l\u2019esprit tout en procurant une profonde d\u00e9tente.<\/p>\n\n\n\n<p class=\"has-text-align-left\">Ses s\u00e9ances offrent un moment de relaxation et de rajeunissement, permettant au corps et \u00e0 l\u2019esprit de se d\u00e9tendre compl\u00e8tement \u2013 un compl\u00e9ment parfait \u00e0 votre s\u00e9jour.<\/p>\n\n\n\n<p class=\"has-text-align-left\"><strong>Tarifs indicatifs :<\/strong><\/p>\n\n\n\n<ul class=\"wp-block-list\">\n<li>Massage relaxant \u00e0 l\u2019huile : 30 \/ 60 \/ 80 minutes (\u20ac60 \/ \u20ac100 \/ \u20ac160)<\/li>\n\n\n\n<li>Soin du visage (TiL, 60 min) : \u20ac110<\/li>\n\n\n\n<li>Possibilit\u00e9 de combiner ou de cr\u00e9er un programme sur mesure<\/li>\n<\/ul>\n<\/div><figure class=\"wp-block-media-text__media\"><img loading=\"lazy\" decoding=\"async\" width=\"750\" height=\"751\" src=\"https:\/\/luxevakantiehuis-dordogne.com\/wp-content\/uploads\/2026\/04\/rent-a-relaxation-helene.jpg\" alt=\"H\u00e9l\u00e8ne en train de masser \u2013 illustre la d\u00e9tente, le soin professionnel et le bien-\u00eatre personnalis\u00e9 dans votre maison de vacances.\" class=\"wp-image-19391 size-full\" srcset=\"https:\/\/luxevakantiehuis-dordogne.com\/wp-content\/uploads\/2026\/04\/rent-a-relaxation-helene.jpg 750w, https:\/\/luxevakantiehuis-dordogne.com\/wp-content\/uploads\/2026\/04\/rent-a-relaxation-helene-300x300.jpg 300w, https:\/\/luxevakantiehuis-dordogne.com\/wp-content\/uploads\/2026\/04\/rent-a-relaxation-helene-150x150.jpg 150w\" sizes=\"auto, (max-width: 750px) 100vw, 750px\" \/><\/figure><\/div>\n\n\n\n<div class=\"wp-block-media-text is-stacked-on-mobile is-vertically-aligned-top\" style=\"grid-template-columns:25% auto\"><figure class=\"wp-block-media-text__media\"><img loading=\"lazy\" decoding=\"async\" width=\"789\" height=\"1024\" src=\"https:\/\/luxevakantiehuis-dordogne.com\/wp-content\/uploads\/2026\/04\/rent-a-relaxation-helene2-789x1024.jpg\" alt=\"\" class=\"wp-image-19412 size-full\" srcset=\"https:\/\/luxevakantiehuis-dordogne.com\/wp-content\/uploads\/2026\/04\/rent-a-relaxation-helene2-789x1024.jpg 789w, https:\/\/luxevakantiehuis-dordogne.com\/wp-content\/uploads\/2026\/04\/rent-a-relaxation-helene2-231x300.jpg 231w, https:\/\/luxevakantiehuis-dordogne.com\/wp-content\/uploads\/2026\/04\/rent-a-relaxation-helene2-768x997.jpg 768w, https:\/\/luxevakantiehuis-dordogne.com\/wp-content\/uploads\/2026\/04\/rent-a-relaxation-helene2.jpg 1060w\" sizes=\"auto, (max-width: 789px) 100vw, 789px\" \/><\/figure><div class=\"wp-block-media-text__content\">\n<h4 class=\"wp-block-heading has-text-align-center\">Le bien-\u00eatre sans limites<\/h4>\n\n\n<div id=\"divider-wrapperblock_0e67805db1a81db127775943c7ffbcaf\" class=\"divider-wrap narrow\">\r\n        <div class=\"divider red\"><\/div> \r\n    <\/div>\r\n\r\n\n\n\n<p class=\"has-text-align-left\">Rent-a-Relaxation organise votre programme de bien-\u00eatre enti\u00e8rement sur mesure \u2013 en priv\u00e9, entre amis, en famille ou en petit groupe.<\/p>\n\n\n\n<p>Nous v\u00e9rifions quelle th\u00e9rapeute est disponible \u00e0 proximit\u00e9 de votre maison de vacances et adaptons la s\u00e9ance \u00e0 vos besoins, afin que vous ou vos proches viviez une exp\u00e9rience unique et relaxante, dans tout le confort de votre maison de vacances.<\/p>\n\n\n\n<p class=\"has-text-align-left\"><strong>Conseil :<\/strong> R\u00e9servez votre s\u00e9ance \u00e0 l\u2019avance pour \u00e9viter toute d\u00e9ception. Tous les tarifs sont hors frais de d\u00e9placement.<\/p>\n\n\n\n<p class=\"has-text-align-left\"><strong>Pour r\u00e9server ou obtenir plus d\u2019informations, <\/strong><a href=\"mailto:info@luxuryrentalsdordogne.com\" data-type=\"mailto\" data-id=\"mailto:info@luxuryrentalsdordogne.com\">envoyez-nous un e-mail<\/a>.<\/p>\n<\/div><\/div>\n","protected":false},"excerpt":{"rendered":"","protected":false},"author":5,"featured_media":3868,"parent":0,"menu_order":0,"comment_status":"closed","ping_status":"closed","template":"page-full-width-banner.php","meta":{"_acf_changed":false,"_seopress_robots_primary_cat":"","_seopress_titles_title":"Rent-a-Relaxation \u2013 Bien-\u00eatre de luxe dans votre maison de vacances en Dordogne","_seopress_titles_desc":"Profitez du bien-\u00eatre personnalis\u00e9 dans votre maison de vacances en Dordogne. Massages, s\u00e9ances de yoga et soins du visage avec nos th\u00e9rapeutes experts \u2013 d\u00e9tente, r\u00e9g\u00e9n\u00e9ration et confort total.","_seopress_robots_index":"","_uag_custom_page_level_css":"","site-sidebar-layout":"default","site-content-layout":"","ast-site-content-layout":"default","site-content-style":"default","site-sidebar-style":"default","ast-global-header-display":"","ast-banner-title-visibility":"","ast-main-header-display":"","ast-hfb-above-header-display":"","ast-hfb-below-header-display":"","ast-hfb-mobile-header-display":"","site-post-title":"disabled","ast-breadcrumbs-content":"","ast-featured-img":"","footer-sml-layout":"","ast-disable-related-posts":"","theme-transparent-header-meta":"","adv-header-id-meta":"","stick-header-meta":"","header-above-stick-meta":"","header-main-stick-meta":"","header-below-stick-meta":"","astra-migrate-meta-layouts":"set","ast-page-background-enabled":"default","ast-page-background-meta":{"desktop":{"background-color":"var(--ast-global-color-4)","background-image":"","background-repeat":"repeat","background-position":"center center","background-size":"auto","background-attachment":"scroll","background-type":"","background-media":"","overlay-type":"","overlay-color":"","overlay-opacity":"","overlay-gradient":""},"tablet":{"background-color":"","background-image":"","background-repeat":"repeat","background-position":"center center","background-size":"auto","background-attachment":"scroll","background-type":"","background-media":"","overlay-type":"","overlay-color":"","overlay-opacity":"","overlay-gradient":""},"mobile":{"background-color":"","background-image":"","background-repeat":"repeat","background-position":"center center","background-size":"auto","background-attachment":"scroll","background-type":"","background-media":"","overlay-type":"","overlay-color":"","overlay-opacity":"","overlay-gradient":""}},"ast-content-background-meta":{"desktop":{"background-color":"var(--ast-global-color-5)","background-image":"","background-repeat":"repeat","background-position":"center center","background-size":"auto","background-attachment":"scroll","background-type":"","background-media":"","overlay-type":"","overlay-color":"","overlay-opacity":"","overlay-gradient":""},"tablet":{"background-color":"var(--ast-global-color-5)","background-image":"","background-repeat":"repeat","background-position":"center center","background-size":"auto","background-attachment":"scroll","background-type":"","background-media":"","overlay-type":"","overlay-color":"","overlay-opacity":"","overlay-gradient":""},"mobile":{"background-color":"var(--ast-global-color-5)","background-image":"","background-repeat":"repeat","background-position":"center center","background-size":"auto","background-attachment":"scroll","background-type":"","background-media":"","overlay-type":"","overlay-color":"","overlay-opacity":"","overlay-gradient":""}},"footnotes":""},"class_list":["post-19480","page","type-page","status-publish","has-post-thumbnail","hentry"],"acf":[],"uagb_featured_image_src":{"full":["https:\/\/luxevakantiehuis-dordogne.com\/wp-content\/uploads\/2024\/09\/massage-en-yoga-kl-luxe-vakantiehuis-dordogne.jpg",500,333,false],"thumbnail":["https:\/\/luxevakantiehuis-dordogne.com\/wp-content\/uploads\/2024\/09\/massage-en-yoga-kl-luxe-vakantiehuis-dordogne-150x150.jpg",150,150,true],"medium":["https:\/\/luxevakantiehuis-dordogne.com\/wp-content\/uploads\/2024\/09\/massage-en-yoga-kl-luxe-vakantiehuis-dordogne-300x200.jpg",300,200,true],"medium_large":["https:\/\/luxevakantiehuis-dordogne.com\/wp-content\/uploads\/2024\/09\/massage-en-yoga-kl-luxe-vakantiehuis-dordogne.jpg",500,333,false],"large":["https:\/\/luxevakantiehuis-dordogne.com\/wp-content\/uploads\/2024\/09\/massage-en-yoga-kl-luxe-vakantiehuis-dordogne.jpg",500,333,false],"1536x1536":["https:\/\/luxevakantiehuis-dordogne.com\/wp-content\/uploads\/2024\/09\/massage-en-yoga-kl-luxe-vakantiehuis-dordogne.jpg",500,333,false],"2048x2048":["https:\/\/luxevakantiehuis-dordogne.com\/wp-content\/uploads\/2024\/09\/massage-en-yoga-kl-luxe-vakantiehuis-dordogne.jpg",500,333,false],"gform-image-choice-sm":["https:\/\/luxevakantiehuis-dordogne.com\/wp-content\/uploads\/2024\/09\/massage-en-yoga-kl-luxe-vakantiehuis-dordogne.jpg",300,200,false],"gform-image-choice-md":["https:\/\/luxevakantiehuis-dordogne.com\/wp-content\/uploads\/2024\/09\/massage-en-yoga-kl-luxe-vakantiehuis-dordogne.jpg",400,266,false],"gform-image-choice-lg":["https:\/\/luxevakantiehuis-dordogne.com\/wp-content\/uploads\/2024\/09\/massage-en-yoga-kl-luxe-vakantiehuis-dordogne.jpg",500,333,false]},"uagb_author_info":{"display_name":"Boris Hoekmeijer","author_link":"https:\/\/luxevakantiehuis-dordogne.com\/fr\/author\/admbo_lx3v4kan-drdgn\/"},"uagb_comment_info":0,"uagb_excerpt":null,"_links":{"self":[{"href":"https:\/\/luxevakantiehuis-dordogne.com\/fr\/wp-json\/wp\/v2\/pages\/19480","targetHints":{"allow":["GET"]}}],"collection":[{"href":"https:\/\/luxevakantiehuis-dordogne.com\/fr\/wp-json\/wp\/v2\/pages"}],"about":[{"href":"https:\/\/luxevakantiehuis-dordogne.com\/fr\/wp-json\/wp\/v2\/types\/page"}],"author":[{"embeddable":true,"href":"https:\/\/luxevakantiehuis-dordogne.com\/fr\/wp-json\/wp\/v2\/users\/5"}],"replies":[{"embeddable":true,"href":"https:\/\/luxevakantiehuis-dordogne.com\/fr\/wp-json\/wp\/v2\/comments?post=19480"}],"version-history":[{"count":4,"href":"https:\/\/luxevakantiehuis-dordogne.com\/fr\/wp-json\/wp\/v2\/pages\/19480\/revisions"}],"predecessor-version":[{"id":19489,"href":"https:\/\/luxevakantiehuis-dordogne.com\/fr\/wp-json\/wp\/v2\/pages\/19480\/revisions\/19489"}],"wp:featuredmedia":[{"embeddable":true,"href":"https:\/\/luxevakantiehuis-dordogne.com\/fr\/wp-json\/wp\/v2\/media\/3868"}],"wp:attachment":[{"href":"https:\/\/luxevakantiehuis-dordogne.com\/fr\/wp-json\/wp\/v2\/media?parent=19480"}],"curies":[{"name":"wp","href":"https:\/\/api.w.org\/{rel}","templated":true}]}}