{"id":5154,"date":"2024-09-17T15:10:25","date_gmt":"2024-09-17T13:10:25","guid":{"rendered":"https:\/\/luxe-vakantiehuis-dordogne-wordpress.clweb.nl\/politique-de-confidentialite\/"},"modified":"2024-11-06T09:11:50","modified_gmt":"2024-11-06T08:11:50","slug":"politique-de-confidentialite","status":"publish","type":"page","link":"https:\/\/luxevakantiehuis-dordogne.com\/fr\/politique-de-confidentialite\/","title":{"rendered":"Politique de confidentialit\u00e9"},"content":{"rendered":"\n<p>Votre vie priv\u00e9e est importante pour nous et nous faisons tout notre possible pour traiter vos donn\u00e9es de mani\u00e8re l\u00e9gale, correcte et transparente. Nous nous engageons \u00e0 respecter les directives de GDPR. <\/p>\n\n<h4 class=\"wp-block-heading\">1. Qui nous sommes<\/h4>\n\n<p>SIM Solutions est le propri\u00e9taire des sites web: www.luxevakantiehuis-dordogne.com et www.luxuryrentalsdordogne.com.<br\/>Nous sommes bas\u00e9s en France \u00e0: 754 Route du Moulin du Touroulet, 24800 Chalais et vous pouvez nous joindre par courrier (<a href=\"mailto:info@luxuryrentalsdordogne.com\">info@luxuryrentalsdordogne.com<\/a>) ou par t\u00e9l\u00e9phone : +33 (0)672956177.<\/p>\n\n<h4 class=\"wp-block-heading\">2. Responsable des donn\u00e9es<\/h4>\n\n<p>Si vous avez des questions ou des remarques sur votre vie priv\u00e9e ou sur l\u2019utilisation de vos donn\u00e9es personnelles, vous pouvez contacter Floris Stork \u00e0 l\u2019adresse <a href=\"mailto:info@luxuryrentalsdordogne.com\">info@luxuryrentalsdordogne.com<\/a><\/p>\n\n<h4 class=\"wp-block-heading\">3. Quelles sont les informations que nous recueillons<\/h4>\n\n<p>Pour recevoir notre <strong>bulletin d\u2019information<\/strong>, nous enregistrons votre pr\u00e9nom, votre nom et votre adresse \u00e9lectronique. Vous avez partag\u00e9 ces informations avec nous. Vous pouvez \u00e0 tout moment vous d\u00e9sabonner en cliquant sur le lien de d\u00e9sabonnement dans la lettre d\u2019information, ou nous contacter par courrier \u00e9lectronique.  <\/p>\n\n<p>Pour pouvoir <strong>r\u00e9server <\/strong>un bien immobilier, nous enregistrons les informations suivantes : pr\u00e9nom, nom, adresse, num\u00e9ro de t\u00e9l\u00e9phone, IBAN, noms et \u00e2ges des autres personnes de votre r\u00e9servation. Ces informations sont n\u00e9cessaires pour \u00e9tablir un contrat de location. <\/p>\n\n<h4 class=\"wp-block-heading\">4. Que se passe-t-il avec les donn\u00e9es<\/h4>\n\n<p>Vos informations sont stock\u00e9es sur un serveur s\u00e9curis\u00e9 (SSL) dans notre syst\u00e8me de r\u00e9servation.<\/p>\n\n<p>Nous utilisons vos informations pour cr\u00e9er une r\u00e9servation. Ces informations sont partag\u00e9es avec le propri\u00e9taire de la maison que vous avez lou\u00e9e. Le num\u00e9ro IBAN est communiqu\u00e9 au propri\u00e9taire de la maison pour lui permettre de rembourser le d\u00e9p\u00f4t de garantie. Le propri\u00e9taire est \u00e9galement inform\u00e9 des autres personnes de votre groupe que vous avez mentionn\u00e9es lors de votre demande de r\u00e9servation.   <\/p>\n\n<p>Nous utilisons votre adresse \u00e9lectronique pour vous informer du d\u00e9roulement de votre r\u00e9servation, pour vous envoyer d\u2019\u00e9ventuels rappels de paiement, pour confirmer les paiements, pour vous envoyer un itin\u00e9raire et pour vous demander de remplir une enqu\u00eate de satisfaction sur la propri\u00e9t\u00e9. Enfin, nous utilisons votre adresse \u00e9lectronique pour vous informer d\u2019\u00e9ventuelles informations int\u00e9ressantes, du bulletin d\u2019information ou des offres de derni\u00e8re minute. Nous partageons avec vous les informations sur les propri\u00e9taires. Cela est n\u00e9cessaire pour \u00e9tablir un contrat de location. Nous conservons vos donn\u00e9es jusqu\u2019au moment o\u00f9 vous ne souhaitez plus \u00eatre inform\u00e9.    <\/p>\n\n<h4 class=\"wp-block-heading\">5. Partage de vos donn\u00e9es<\/h4>\n\n<p>Vos informations personnelles ne sont partag\u00e9es qu\u2019avec le propri\u00e9taire du bien que vous avez lou\u00e9. Les informations relatives \u00e0 votre visite sur le site web peuvent \u00eatre recueillies par Google Analytics et utilis\u00e9es comme expliqu\u00e9 dans leurs conditions de confidentialit\u00e9. <\/p>\n\n<h4 class=\"wp-block-heading\">6. Utilisation de cookies et\/ou de publicit\u00e9 comportementale<\/h4>\n\n<p>Nous n\u2019utilisons pas de cookies non essentiels. Nous ne collectons pas non plus de donn\u00e9es personnelles pour prendre des d\u00e9cisions automatiques ou pour \u00e9tablir le profil de nos visiteurs.<br\/>Nous utilisons des cookies pour permettre le fonctionnement technique de notre site web, de nos services ou de nos outils et nous utilisons des cookies analytiques pour Google Analytics. <\/p>\n\n<h4 class=\"wp-block-heading\">7. S\u00e9curisation de vos donn\u00e9es<\/h4>\n\n<p>Vos donn\u00e9es personnelles sont en s\u00e9curit\u00e9 chez nous et ne sont pas partag\u00e9es avec d\u2019autres, sauf avec le propri\u00e9taire de la maison. Elles sont stock\u00e9es sur un serveur web s\u00e9curis\u00e9 (SSL). Elles sont prot\u00e9g\u00e9es contre les abus, les pertes, les acc\u00e8s non autoris\u00e9s et les modifications non autoris\u00e9es. Si vous suspectez un abus ou si vous avez des doutes sur la s\u00e9curit\u00e9 de vos donn\u00e9es, veuillez contacter Floris Stork: <a href=\"mailto:info@luxuryrentalsdordogne.com\">info@luxuryrentalsdordogne.com<\/a>   <\/p>\n\n<h4 class=\"wp-block-heading\">8. Vos droits<\/h4>\n\n<ul class=\"wp-block-list\">\n<li>Vous avez le droit de savoir ce qu\u2019il se passe avec vos donn\u00e9es personnelles.<\/li>\n\n\n\n<li>Si vous voulez voir comment vos donn\u00e9es personnelles sont stock\u00e9es chez nous ou si vous souhaitez les modifier, veuillez nous envoyer un courriel avec votre demande. Nous nous ferons un plaisir de vous aider. <\/li>\n\n\n\n<li>Vous avez le droit de vous d\u00e9sabonner de notre lettre d\u2019information (veuillez utiliser le lien de d\u00e9sabonnement dans notre lettre d\u2019information, ou nous en informer par courrier \u00e9lectronique).<\/li>\n\n\n\n<li>Vous avez le droit d\u2019\u00eatre oubli\u00e9, dans la mesure o\u00f9 la loi le permet. Veuillez nous en informer par courrier \u00e9lectronique.<\/li>\n<\/ul>\n","protected":false},"excerpt":{"rendered":"<p>Votre vie priv\u00e9e est importante pour nous et nous faisons tout notre possible pour traiter vos donn\u00e9es de mani\u00e8re l\u00e9gale, correcte et transparente. Nous nous engageons \u00e0 respecter les directives de GDPR. 1. Qui nous sommes SIM Solutions est le propri\u00e9taire des sites web: www.luxevakantiehuis-dordogne.com et www.luxuryrentalsdordogne.com.Nous sommes bas\u00e9s en France \u00e0: 754 Route du [&hellip;]<\/p>\n","protected":false},"author":6,"featured_media":0,"parent":0,"menu_order":0,"comment_status":"closed","ping_status":"closed","template":"page.php","meta":{"_acf_changed":false,"_seopress_robots_primary_cat":"","_seopress_titles_title":"Politique de confidentialit\u00e9 : Vos donn\u00e9es chez Luxury Rentals Dordogne","_seopress_titles_desc":"Lisez notre politique de confidentialit\u00e9 et d\u00e9couvrez comment nous prot\u00e9geons et utilisons vos donn\u00e9es personnelles lorsque vous louez des maisons de vacances de luxe en Dordogne.","_seopress_robots_index":"","_uag_custom_page_level_css":"","site-sidebar-layout":"default","site-content-layout":"","ast-site-content-layout":"default","site-content-style":"default","site-sidebar-style":"default","ast-global-header-display":"","ast-banner-title-visibility":"","ast-main-header-display":"","ast-hfb-above-header-display":"","ast-hfb-below-header-display":"","ast-hfb-mobile-header-display":"","site-post-title":"","ast-breadcrumbs-content":"","ast-featured-img":"","footer-sml-layout":"","ast-disable-related-posts":"","theme-transparent-header-meta":"","adv-header-id-meta":"","stick-header-meta":"","header-above-stick-meta":"","header-main-stick-meta":"","header-below-stick-meta":"","astra-migrate-meta-layouts":"default","ast-page-background-enabled":"default","ast-page-background-meta":{"desktop":{"background-color":"var(--ast-global-color-4)","background-image":"","background-repeat":"repeat","background-position":"center center","background-size":"auto","background-attachment":"scroll","background-type":"","background-media":"","overlay-type":"","overlay-color":"","overlay-opacity":"","overlay-gradient":""},"tablet":{"background-color":"","background-image":"","background-repeat":"repeat","background-position":"center center","background-size":"auto","background-attachment":"scroll","background-type":"","background-media":"","overlay-type":"","overlay-color":"","overlay-opacity":"","overlay-gradient":""},"mobile":{"background-color":"","background-image":"","background-repeat":"repeat","background-position":"center center","background-size":"auto","background-attachment":"scroll","background-type":"","background-media":"","overlay-type":"","overlay-color":"","overlay-opacity":"","overlay-gradient":""}},"ast-content-background-meta":{"desktop":{"background-color":"var(--ast-global-color-5)","background-image":"","background-repeat":"repeat","background-position":"center center","background-size":"auto","background-attachment":"scroll","background-type":"","background-media":"","overlay-type":"","overlay-color":"","overlay-opacity":"","overlay-gradient":""},"tablet":{"background-color":"var(--ast-global-color-5)","background-image":"","background-repeat":"repeat","background-position":"center center","background-size":"auto","background-attachment":"scroll","background-type":"","background-media":"","overlay-type":"","overlay-color":"","overlay-opacity":"","overlay-gradient":""},"mobile":{"background-color":"var(--ast-global-color-5)","background-image":"","background-repeat":"repeat","background-position":"center center","background-size":"auto","background-attachment":"scroll","background-type":"","background-media":"","overlay-type":"","overlay-color":"","overlay-opacity":"","overlay-gradient":""}},"footnotes":""},"class_list":["post-5154","page","type-page","status-publish","hentry"],"acf":[],"uagb_featured_image_src":{"full":false,"thumbnail":false,"medium":false,"medium_large":false,"large":false,"1536x1536":false,"2048x2048":false,"gform-image-choice-sm":false,"gform-image-choice-md":false,"gform-image-choice-lg":false},"uagb_author_info":{"display_name":"Zsuzsi &amp; Floris","author_link":"https:\/\/luxevakantiehuis-dordogne.com\/fr\/author\/zsuzsi_flor1s-luxevhddgn3\/"},"uagb_comment_info":0,"uagb_excerpt":"Votre vie priv\u00e9e est importante pour nous et nous faisons tout notre possible pour traiter vos donn\u00e9es de mani\u00e8re l\u00e9gale, correcte et transparente. Nous nous engageons \u00e0 respecter les directives de GDPR. 1. Qui nous sommes SIM Solutions est le propri\u00e9taire des sites web: www.luxevakantiehuis-dordogne.com et www.luxuryrentalsdordogne.com.Nous sommes bas\u00e9s en France \u00e0: 754 Route du\u2026","_links":{"self":[{"href":"https:\/\/luxevakantiehuis-dordogne.com\/fr\/wp-json\/wp\/v2\/pages\/5154","targetHints":{"allow":["GET"]}}],"collection":[{"href":"https:\/\/luxevakantiehuis-dordogne.com\/fr\/wp-json\/wp\/v2\/pages"}],"about":[{"href":"https:\/\/luxevakantiehuis-dordogne.com\/fr\/wp-json\/wp\/v2\/types\/page"}],"author":[{"embeddable":true,"href":"https:\/\/luxevakantiehuis-dordogne.com\/fr\/wp-json\/wp\/v2\/users\/6"}],"replies":[{"embeddable":true,"href":"https:\/\/luxevakantiehuis-dordogne.com\/fr\/wp-json\/wp\/v2\/comments?post=5154"}],"version-history":[{"count":0,"href":"https:\/\/luxevakantiehuis-dordogne.com\/fr\/wp-json\/wp\/v2\/pages\/5154\/revisions"}],"wp:attachment":[{"href":"https:\/\/luxevakantiehuis-dordogne.com\/fr\/wp-json\/wp\/v2\/media?parent=5154"}],"curies":[{"name":"wp","href":"https:\/\/api.w.org\/{rel}","templated":true}]}}