{"id":5204,"date":"2020-09-08T11:06:49","date_gmt":"2020-09-08T09:06:49","guid":{"rendered":"https:\/\/luxe-vakantiehuis-dordogne-wordpress.clweb.nl\/a-propos-de-luxury-rentals-dordogne\/"},"modified":"2025-04-23T13:28:48","modified_gmt":"2025-04-23T11:28:48","slug":"a-propos-de-luxury-rentals-dordogne","status":"publish","type":"page","link":"https:\/\/luxevakantiehuis-dordogne.com\/fr\/a-propos-de-luxury-rentals-dordogne\/","title":{"rendered":"\u00c0 propos"},"content":{"rendered":"\n<div class=\"wp-block-media-text has-media-on-the-right is-stacked-on-mobile is-vertically-aligned-top\"><div class=\"wp-block-media-text__content\">\n<h5 class=\"wp-block-heading has-text-align-center\">BIENVENUE \u00c0 LUXURY RENTALS DORDOGNE<\/h5>\n\n\n\n<h2 class=\"wp-block-heading has-text-align-center\">Notre Enthousiasme Expliqu\u00e9<\/h2>\n\n\n<div id=\"divider-wrapperblock_311a1b7756df2a03afc77043146ce404\" class=\"divider-wrap narrow\">\r\n        <div class=\"divider red\"><\/div> \r\n    <\/div>\r\n\r\n\n\n\n<p class=\"has-text-align-left\">Nous nous sommes lanc\u00e9 en tant que startup en 2001. Nous avons combin\u00e9 notre amour de la Dordogne avec nos connaissances en communication et marketing ainsi que notre compr\u00e9hension d\u2019Internet. Quel est notre but ? Rapprocher l\u2019offre et la demande. Initialement pour les N\u00e9erlandais. Rapidement suivis par les Belges, les Anglais et les Fran\u00e7ais.     <\/p>\n\n\n\n<p class=\"has-text-align-left\">Notre secret ? Se concentrer sur la qualit\u00e9, avec un travail focalis\u00e9 sur la satisfaction client et la volont\u00e9 d\u2019\u00eatre une petite entreprise. Tout ceci a s\u00e9duit tant les locataires que les propri\u00e9taires. R\u00e9sultat : des clients fid\u00e8les et relations \u00e0 long terme, y compris amicales.    <\/p>\n\n\n\n<p class=\"has-text-align-left\">Et nous ne sommes pas pr\u00eats \u00e0 nous arr\u00eater ! Nous restons motiv\u00e9s et pleins d\u2019ambitions. En tant que collectionneurs passionn\u00e9s de maisons de vacances sp\u00e9ciales et en tant que pionniers de l\u2019h\u00f4tellerie. Transformer des clients satisfaits en locataires heureux. Vos vacances m\u00e9ritent d\u2019\u00eatre inoubliables. Nous sommes heureux d\u2019y contribuer.       <\/p>\n\n\n\n<p class=\"has-text-align-center\">\u00c0 bient\u00f4t ! Zsuzsi et Floris Stork <\/p>\n\n\n\n<div class=\"wp-block-buttons is-content-justification-center is-layout-flex wp-container-core-buttons-is-layout-a89b3969 wp-block-buttons-is-layout-flex\">\n<div class=\"wp-block-button\"><a class=\"wp-block-button__link has-ast-global-color-5-color has-text-color has-link-color wp-element-button\" href=\"https:\/\/luxevakantiehuis-dordogne.com\/fr\/contact\/\">Contact<\/a><\/div>\n<\/div>\n<\/div><figure class=\"wp-block-media-text__media\"><img loading=\"lazy\" decoding=\"async\" width=\"800\" height=\"600\" src=\"https:\/\/luxevakantiehuis-dordogne.com\/wp-content\/uploads\/2024\/09\/over-ons-luxevakantiehuisdordogne-1.png\" alt=\"\u00e0 propos Luxury Rentals Dordogne\" class=\"wp-image-2839 size-full\" srcset=\"https:\/\/luxevakantiehuis-dordogne.com\/wp-content\/uploads\/2024\/09\/over-ons-luxevakantiehuisdordogne-1.png 800w, https:\/\/luxevakantiehuis-dordogne.com\/wp-content\/uploads\/2024\/09\/over-ons-luxevakantiehuisdordogne-1-300x225.png 300w, https:\/\/luxevakantiehuis-dordogne.com\/wp-content\/uploads\/2024\/09\/over-ons-luxevakantiehuisdordogne-1-768x576.png 768w\" sizes=\"auto, (max-width: 800px) 100vw, 800px\" \/><\/figure><\/div>\n\n\n\n<div class=\"wp-block-group is-layout-constrained wp-block-group-is-layout-constrained\"><div class=\"wp-block-group__inner-container\">\r\n<div id=\"triple-block_eb4fa62c896f3aa7643cf12456425b63\" class=\"triple\">\r\n\r\n\r\n\r\n    <div class=\"reusable-block triple\">\r\n        <div class=\"left\">\r\n            <img decoding=\"async\" src=\"https:\/\/luxevakantiehuis-dordogne.com\/wp-content\/uploads\/2024\/10\/over-ons-selectie2-luxuryrentalsdordogne.jpg\" alt=\"\" \/>\r\n        <\/div>\r\n        <div class=\"center\">\r\n                <h5><\/h5>\r\n                <h2>Notre fa\u00e7on d&rsquo;agir  <\/h2>\r\n\r\n                                <a class=\"button reuse\" href=\"https:\/\/luxevakantiehuis-dordogne.com\/fr\/louer-sans-surprises\/\">\r\n                    <span class=\"title\">\r\n                        Voir plus                    <\/span>\r\n                    <span class=\"icon\">\r\n                        <i class=\"fa-solid fa-chevron-right\"><\/i>\r\n                    <\/span>\r\n                <\/a>\r\n                        <\/div>\r\n        <div class=\"right\">\r\n            <img decoding=\"async\" src=\"https:\/\/luxevakantiehuis-dordogne.com\/wp-content\/uploads\/2024\/10\/over-ons-selectie3-luxuryrentalsdordogne-aspect-ratio-400-300.jpg\" alt=\"\" \/>\r\n        <\/div>\r\n\r\n    <\/div> \r\n\r\n\r\n\r\n<\/div><\/div><\/div>\n\n\n\n<div class=\"wp-block-media-text is-stacked-on-mobile is-vertically-aligned-top\"><figure class=\"wp-block-media-text__media\"><img loading=\"lazy\" decoding=\"async\" width=\"700\" height=\"467\" src=\"https:\/\/luxevakantiehuis-dordogne.com\/wp-content\/uploads\/2024\/10\/over-ons-selectie-luxury-rentals-dordogne.jpg\" alt=\"\u00e0 propos de nous s\u00e9lection luxury rentals dordogne\" class=\"wp-image-4127 size-full\" srcset=\"https:\/\/luxevakantiehuis-dordogne.com\/wp-content\/uploads\/2024\/10\/over-ons-selectie-luxury-rentals-dordogne.jpg 700w, https:\/\/luxevakantiehuis-dordogne.com\/wp-content\/uploads\/2024\/10\/over-ons-selectie-luxury-rentals-dordogne-300x200.jpg 300w\" sizes=\"auto, (max-width: 700px) 100vw, 700px\" \/><\/figure><div class=\"wp-block-media-text__content\">\n<h2 class=\"wp-block-heading has-text-align-center\">La Meilleure S\u00e9lection<\/h2>\n\n\n<div id=\"divider-wrapperblock_311a1b7756df2a03afc77043146ce404\" class=\"divider-wrap narrow\">\r\n        <div class=\"divider red\"><\/div> \r\n    <\/div>\r\n\r\n\n\n\n<p class=\"has-text-align-left\">Nous s\u00e9lectionnons soigneusement les propri\u00e9t\u00e9s sur notre site web en fonction des crit\u00e8res suivants : rural, propre, confortable et bien s\u00fbr une piscine. Dans de nombreux cas, ces maisons offrent beaucoup plus que ce qui est mentionn\u00e9 ci-dessus.  <\/p>\n\n\n\n<p class=\"has-text-align-left\">Dans chaque cas, nous connaissons le propri\u00e9taire et avons visit\u00e9 la propri\u00e9t\u00e9 nous-m\u00eames. Cela nous permet de fournir des descriptions pr\u00e9cises de la propri\u00e9t\u00e9 et des services offerts dans chacun des cas. Vous pouvez r\u00e9server en toute tranquillit\u00e9.   <\/p>\n\n\n\n<div class=\"wp-block-buttons is-content-justification-center is-layout-flex wp-container-core-buttons-is-layout-a89b3969 wp-block-buttons-is-layout-flex\">\n<div class=\"wp-block-button\"><a class=\"wp-block-button__link has-ast-global-color-5-color has-text-color has-link-color wp-element-button\" href=\"https:\/\/luxevakantiehuis-dordogne.com\/fr\/contact\/\">Contact<\/a><\/div>\n<\/div>\n<\/div><\/div>\n\n\n\r\n<div id=\"bg_photo-block_3707ea1a05dcc94c4cd8ddb63e9fd9e5\" class=\"bg_photo\">\r\n\r\n    \r\n    \r\n    <div class=\"reusable-block gute bg-photo\" style=\"background-image:url(https:\/\/luxevakantiehuis-dordogne.com\/wp-content\/uploads\/2024\/10\/over-ons-adressen-luxuryrentalsdordogne.jpg);\">\r\n        <div class=\"blocks\">\r\n\r\n            <div class=\"block dark\">\r\n                 \r\n                <h5>Notre objectif<\/h5>\r\n                \r\n                                <h3>Locations de la plus haute qualit\u00e9<\/h3>\r\n                \r\n                <div class=\"divider-wrap narrow red\">\r\n                    <div class=\"divider\"><\/div>\r\n                <\/div>\r\n\r\n                              \r\n                    <p>Notre objectif est de proposer des locations de la plus haute qualit\u00e9 au sein et autour de la Dordogne. Dans certains cas ceci veut dire un luxe et un confort remarquable et, dans d\u2019autres une demeure unique dans une maison de charme. Nous vous offrons \u00e0 tout moment nos conseils personnels sur la convenance de votre s\u00e9jour.  \n\n<\/p>\r\n                                \r\n            <\/div>\r\n        <\/div>\r\n    <\/div>\r\n\r\n        \r\n<\/div>\n\n\n<div class=\"wp-block-columns cards is-layout-flex wp-container-core-columns-is-layout-28f84493 wp-block-columns-is-layout-flex\">\n<div class=\"wp-block-column is-layout-flow wp-block-column-is-layout-flow\">\n<figure class=\"wp-block-image size-full\"><img loading=\"lazy\" decoding=\"async\" width=\"600\" height=\"401\" src=\"https:\/\/luxevakantiehuis-dordogne.com\/wp-content\/uploads\/2024\/08\/La-Fournerie-vacation-home-luxe-vakantiehuis-dordogne.jpg\" alt=\"La Fournerie Vacation Home Luxury Rentals Dordogne\" class=\"wp-image-1090\" srcset=\"https:\/\/luxevakantiehuis-dordogne.com\/wp-content\/uploads\/2024\/08\/La-Fournerie-vacation-home-luxe-vakantiehuis-dordogne.jpg 600w, https:\/\/luxevakantiehuis-dordogne.com\/wp-content\/uploads\/2024\/08\/La-Fournerie-vacation-home-luxe-vakantiehuis-dordogne-300x201.jpg 300w\" sizes=\"auto, (max-width: 600px) 100vw, 600px\" \/><\/figure>\n\n\n\n<div class=\"wp-block-group is-layout-constrained wp-block-group-is-layout-constrained\"><div class=\"wp-block-group__inner-container\">\n<h3 class=\"wp-block-heading has-text-align-center\">Comment nous travaillons<\/h3>\n\n\n\n<p class=\"has-text-align-center\">Contrat de location et proc\u00e9dure de r\u00e9servation<\/p>\n\n\n\n<div class=\"wp-block-buttons is-content-justification-center is-layout-flex wp-container-core-buttons-is-layout-a89b3969 wp-block-buttons-is-layout-flex\">\n<div class=\"wp-block-button\"><a class=\"wp-block-button__link has-ast-global-color-5-color has-text-color has-link-color wp-element-button\" href=\"https:\/\/luxevakantiehuis-dordogne.com\/fr\/comment-nous-travaillons\/\">Voir plus<\/a><\/div>\n<\/div>\n<\/div><\/div>\n<\/div>\n\n\n\n<div class=\"wp-block-column is-layout-flow wp-block-column-is-layout-flow\">\n<figure class=\"wp-block-image size-full\"><img loading=\"lazy\" decoding=\"async\" width=\"500\" height=\"333\" src=\"https:\/\/luxevakantiehuis-dordogne.com\/wp-content\/uploads\/2024\/10\/over-ons-activiteiten-luxuryrentalsdordogne.jpg\" alt=\"\u00e0 propos activit\u00e9s luxuryrentalsdordogne\" class=\"wp-image-4154\" srcset=\"https:\/\/luxevakantiehuis-dordogne.com\/wp-content\/uploads\/2024\/10\/over-ons-activiteiten-luxuryrentalsdordogne.jpg 500w, https:\/\/luxevakantiehuis-dordogne.com\/wp-content\/uploads\/2024\/10\/over-ons-activiteiten-luxuryrentalsdordogne-300x200.jpg 300w\" sizes=\"auto, (max-width: 500px) 100vw, 500px\" \/><\/figure>\n\n\n\n<div class=\"wp-block-group is-layout-constrained wp-block-group-is-layout-constrained\"><div class=\"wp-block-group__inner-container\">\n<h3 class=\"wp-block-heading has-text-align-center\">Activit\u00e9s<\/h3>\n\n\n\n<p class=\"has-text-align-center\">D\u00e9couvrez la Dordogne, France<\/p>\n\n\n\n<div class=\"wp-block-buttons is-content-justification-center is-layout-flex wp-container-core-buttons-is-layout-a89b3969 wp-block-buttons-is-layout-flex\">\n<div class=\"wp-block-button\"><a class=\"wp-block-button__link has-ast-global-color-5-color has-text-color has-link-color wp-element-button\" href=\"https:\/\/luxevakantiehuis-dordogne.com\/fr\/la-dordogne\/\">Voir plus<\/a><\/div>\n<\/div>\n<\/div><\/div>\n<\/div>\n\n\n\n<div class=\"wp-block-column bgcol grijs is-layout-flow wp-block-column-is-layout-flow\">\n<figure class=\"wp-block-image size-full\"><img loading=\"lazy\" decoding=\"async\" width=\"768\" height=\"503\" src=\"https:\/\/luxevakantiehuis-dordogne.com\/wp-content\/uploads\/2025\/04\/domme-luxury-rentals-dordogne-1.jpg\" alt=\"domme luxury rentals dordogne\" class=\"wp-image-17081\" srcset=\"https:\/\/luxevakantiehuis-dordogne.com\/wp-content\/uploads\/2025\/04\/domme-luxury-rentals-dordogne-1.jpg 768w, https:\/\/luxevakantiehuis-dordogne.com\/wp-content\/uploads\/2025\/04\/domme-luxury-rentals-dordogne-1-300x196.jpg 300w\" sizes=\"auto, (max-width: 768px) 100vw, 768px\" \/><\/figure>\n\n\n\n<div class=\"wp-block-group is-layout-constrained wp-block-group-is-layout-constrained\"><div class=\"wp-block-group__inner-container\">\n<h6 class=\"wp-block-heading has-text-align-center\"><div id=\"wrapper\" class=\"\"><div id=\"main\" class=\"clearfix \"><div class=\"fusion-row\"><section id=\"content\"><div id=\"post-5542\" class=\"post-5542 page type-page status-publish hentry\"><div class=\"post-content\"><div class=\"fusion-fullwidth fullwidth-box nonhundred-percent-fullwidth non-hundred-percent-height-scrolling\"><div class=\"fusion-builder-row fusion-row \"><div class=\"fusion-layout-column fusion_builder_column fusion_builder_column_1_3 fusion-builder-column-13 fusion-one-third fusion-column-last fusion-blend-mode 1_3\"><div class=\"fusion-column-wrapper\" data-bg-url=\"\"><div class=\"fusion-column-content-centered\"><div class=\"fusion-column-content\"><div class=\"fusion-text\"><p style=\"letter-spacing: 1px; line-height: 50px; font-size: 35px; color: #424242; margin-bottom: 0px; font-family: 'Mrs Saint Delafield', cursive; text-align: center;\">Nous esp\u00e9rons vous accueillir bient\u00f4t en Dordogne !<\/p><\/div><\/div><\/div><div class=\"fusion-clearfix\"><\/div><\/div><\/div><\/div><\/div><\/div><\/div><\/section><\/div><\/div><\/div><\/h6>\n<\/div><\/div>\n<\/div>\n<\/div>\n\n\n\r\n<div id=\"bg_color-block_9e465d2ef867155079e8e4e5594ae2ff\" class=\"bg_color\">\r\n\r\n    \r\n    \r\n    <div class=\"reusable-block gute bg-color\">\r\n        <div class=\"block\">\r\n            <div class=\"left\">\r\n                <img decoding=\"async\" src=\"https:\/\/luxevakantiehuis-dordogne.com\/wp-content\/uploads\/2024\/10\/advies-op-maat-luxe-vakantiehuis-dordogne-2-aspect-ratio-900-300.jpg\" alt=\"\" \/>\r\n            <\/div>\r\n            <div class=\"right\">\r\n                 \r\n                <h5>Vous ne savez pas par o\u00f9 commencer ?<\/h5>\r\n                \r\n                \r\n                                <a class=\"button reuse popmake-758\">\r\n                    <span class=\"title\">\r\n                        Aidez-moi \u00e0 choisir                    <\/span>\r\n                    <span class=\"icon\">\r\n                        <i class=\"fa-solid fa-chevron-right\"><\/i>\r\n                    <\/span>\r\n                <\/a>   \r\n                            <\/div>\r\n        <\/div>\r\n    <\/div>\r\n        \r\n<\/div>","protected":false},"excerpt":{"rendered":"<p>Comment nous travaillons Contrat de location et proc\u00e9dure de r\u00e9servation Activit\u00e9s D\u00e9couvrez la Dordogne, France Nous esp\u00e9rons vous accueillir bient\u00f4t en Dordogne !<\/p>\n","protected":false},"author":6,"featured_media":4041,"parent":0,"menu_order":0,"comment_status":"closed","ping_status":"closed","template":"page-full-width-banner.php","meta":{"_acf_changed":false,"_seopress_robots_primary_cat":"","_seopress_titles_title":"\u00c0 propos de nous : Vos experts en maisons de vacances de luxe en Dordogne","_seopress_titles_desc":"Apprenez \u00e0 nous conna\u00eetre ! Nous sommes passionn\u00e9s par les maisons de vacances de luxe en Dordogne et nous vous aiderons \u00e0 trouver le logement id\u00e9al pour une exp\u00e9rience inoubliable.","_seopress_robots_index":"","_uag_custom_page_level_css":"","site-sidebar-layout":"default","site-content-layout":"","ast-site-content-layout":"default","site-content-style":"default","site-sidebar-style":"default","ast-global-header-display":"","ast-banner-title-visibility":"","ast-main-header-display":"","ast-hfb-above-header-display":"","ast-hfb-below-header-display":"","ast-hfb-mobile-header-display":"","site-post-title":"disabled","ast-breadcrumbs-content":"","ast-featured-img":"","footer-sml-layout":"","ast-disable-related-posts":"","theme-transparent-header-meta":"","adv-header-id-meta":"","stick-header-meta":"","header-above-stick-meta":"","header-main-stick-meta":"","header-below-stick-meta":"","astra-migrate-meta-layouts":"set","ast-page-background-enabled":"default","ast-page-background-meta":{"desktop":{"background-color":"var(--ast-global-color-4)","background-image":"","background-repeat":"repeat","background-position":"center center","background-size":"auto","background-attachment":"scroll","background-type":"","background-media":"","overlay-type":"","overlay-color":"","overlay-opacity":"","overlay-gradient":""},"tablet":{"background-color":"","background-image":"","background-repeat":"repeat","background-position":"center center","background-size":"auto","background-attachment":"scroll","background-type":"","background-media":"","overlay-type":"","overlay-color":"","overlay-opacity":"","overlay-gradient":""},"mobile":{"background-color":"","background-image":"","background-repeat":"repeat","background-position":"center center","background-size":"auto","background-attachment":"scroll","background-type":"","background-media":"","overlay-type":"","overlay-color":"","overlay-opacity":"","overlay-gradient":""}},"ast-content-background-meta":{"desktop":{"background-color":"var(--ast-global-color-5)","background-image":"","background-repeat":"repeat","background-position":"center center","background-size":"auto","background-attachment":"scroll","background-type":"","background-media":"","overlay-type":"","overlay-color":"","overlay-opacity":"","overlay-gradient":""},"tablet":{"background-color":"var(--ast-global-color-5)","background-image":"","background-repeat":"repeat","background-position":"center center","background-size":"auto","background-attachment":"scroll","background-type":"","background-media":"","overlay-type":"","overlay-color":"","overlay-opacity":"","overlay-gradient":""},"mobile":{"background-color":"var(--ast-global-color-5)","background-image":"","background-repeat":"repeat","background-position":"center center","background-size":"auto","background-attachment":"scroll","background-type":"","background-media":"","overlay-type":"","overlay-color":"","overlay-opacity":"","overlay-gradient":""}},"footnotes":""},"class_list":["post-5204","page","type-page","status-publish","has-post-thumbnail","hentry"],"acf":[],"uagb_featured_image_src":{"full":["https:\/\/luxevakantiehuis-dordogne.com\/wp-content\/uploads\/2024\/09\/luxe-vakantiehuis-dordogne-kl.jpg",500,333,false],"thumbnail":["https:\/\/luxevakantiehuis-dordogne.com\/wp-content\/uploads\/2024\/09\/luxe-vakantiehuis-dordogne-kl-150x150.jpg",150,150,true],"medium":["https:\/\/luxevakantiehuis-dordogne.com\/wp-content\/uploads\/2024\/09\/luxe-vakantiehuis-dordogne-kl-300x200.jpg",300,200,true],"medium_large":["https:\/\/luxevakantiehuis-dordogne.com\/wp-content\/uploads\/2024\/09\/luxe-vakantiehuis-dordogne-kl.jpg",500,333,false],"large":["https:\/\/luxevakantiehuis-dordogne.com\/wp-content\/uploads\/2024\/09\/luxe-vakantiehuis-dordogne-kl.jpg",500,333,false],"1536x1536":["https:\/\/luxevakantiehuis-dordogne.com\/wp-content\/uploads\/2024\/09\/luxe-vakantiehuis-dordogne-kl.jpg",500,333,false],"2048x2048":["https:\/\/luxevakantiehuis-dordogne.com\/wp-content\/uploads\/2024\/09\/luxe-vakantiehuis-dordogne-kl.jpg",500,333,false],"gform-image-choice-sm":["https:\/\/luxevakantiehuis-dordogne.com\/wp-content\/uploads\/2024\/09\/luxe-vakantiehuis-dordogne-kl.jpg",300,200,false],"gform-image-choice-md":["https:\/\/luxevakantiehuis-dordogne.com\/wp-content\/uploads\/2024\/09\/luxe-vakantiehuis-dordogne-kl.jpg",400,266,false],"gform-image-choice-lg":["https:\/\/luxevakantiehuis-dordogne.com\/wp-content\/uploads\/2024\/09\/luxe-vakantiehuis-dordogne-kl.jpg",500,333,false]},"uagb_author_info":{"display_name":"Zsuzsi &amp; Floris","author_link":"https:\/\/luxevakantiehuis-dordogne.com\/fr\/author\/zsuzsi_flor1s-luxevhddgn3\/"},"uagb_comment_info":0,"uagb_excerpt":"Comment nous travaillons Contrat de location et proc\u00e9dure de r\u00e9servation Activit\u00e9s D\u00e9couvrez la Dordogne, France Nous esp\u00e9rons vous accueillir bient\u00f4t en Dordogne !","_links":{"self":[{"href":"https:\/\/luxevakantiehuis-dordogne.com\/fr\/wp-json\/wp\/v2\/pages\/5204","targetHints":{"allow":["GET"]}}],"collection":[{"href":"https:\/\/luxevakantiehuis-dordogne.com\/fr\/wp-json\/wp\/v2\/pages"}],"about":[{"href":"https:\/\/luxevakantiehuis-dordogne.com\/fr\/wp-json\/wp\/v2\/types\/page"}],"author":[{"embeddable":true,"href":"https:\/\/luxevakantiehuis-dordogne.com\/fr\/wp-json\/wp\/v2\/users\/6"}],"replies":[{"embeddable":true,"href":"https:\/\/luxevakantiehuis-dordogne.com\/fr\/wp-json\/wp\/v2\/comments?post=5204"}],"version-history":[{"count":1,"href":"https:\/\/luxevakantiehuis-dordogne.com\/fr\/wp-json\/wp\/v2\/pages\/5204\/revisions"}],"predecessor-version":[{"id":17084,"href":"https:\/\/luxevakantiehuis-dordogne.com\/fr\/wp-json\/wp\/v2\/pages\/5204\/revisions\/17084"}],"wp:featuredmedia":[{"embeddable":true,"href":"https:\/\/luxevakantiehuis-dordogne.com\/fr\/wp-json\/wp\/v2\/media\/4041"}],"wp:attachment":[{"href":"https:\/\/luxevakantiehuis-dordogne.com\/fr\/wp-json\/wp\/v2\/media?parent=5204"}],"curies":[{"name":"wp","href":"https:\/\/api.w.org\/{rel}","templated":true}]}}