{"id":5231,"date":"2024-08-08T11:57:53","date_gmt":"2024-08-08T09:57:53","guid":{"rendered":"https:\/\/luxe-vakantiehuis-dordogne-wordpress.clweb.nl\/comment-nous-travaillons\/"},"modified":"2024-10-16T13:35:59","modified_gmt":"2024-10-16T11:35:59","slug":"comment-nous-travaillons","status":"publish","type":"page","link":"https:\/\/luxevakantiehuis-dordogne.com\/fr\/comment-nous-travaillons\/","title":{"rendered":"Comment nous travaillons"},"content":{"rendered":"\n<h4 class=\"wp-block-heading\">En g\u00e9n\u00e9ral<\/h4>\n\n<p>SIM Solutions S.A.R.L. est une soci\u00e9t\u00e9 de marketing bas\u00e9e en France avec des g\u00e9rants n\u00e9erlandais. Nous commercialisons des biens locatifs en Dordogne et dans les environs. La plupart des propri\u00e9taires sont des hommes d\u2019affaires tr\u00e8s occup\u00e9s, qui souhaitent louer leur maison de vacances, mais qui n\u2019y trouvent pas le temps. Nous nous occupons de la commercialisation et de la location pour eux, mais nous ne sommes pas une agence de voyage ni une agence immobili\u00e8re. Par cons\u00e9quent, vous concluez le contrat de location directement avec le propri\u00e9taire de la propri\u00e9t\u00e9.    <\/p>\n\n<h4 class=\"wp-block-heading\">Contrat de location<\/h4>\n\n<p>Le contrat de location est conclu directement entre vous et le propri\u00e9taire et vos paiements doivent \u00eatre effectu\u00e9s directement sur le compte bancaire du propri\u00e9taire.<br\/>Le processus de r\u00e9servation se d\u00e9roule via notre site web. Vous recevrez de notre part toutes les conditions de location, les formulaires de r\u00e9servation et les confirmations. Pour plus d\u2019informations, consultez : <a href=\"https:\/\/luxevakantiehuis-dordogne.com\/fr\/conditions-generales\/\" data-type=\"link\" data-id=\"https:\/\/luxevakantiehuis-dordogne.com\/huurvoorwaarden\/\">Conditions ge\u0301ne\u0301rales de location<\/a>. Ces conditions de location peuvent diff\u00e9rer selon la propri\u00e9t\u00e9 de vacances.   <\/p>\n\n<h4 class=\"wp-block-heading\">Processus de r\u00e9servation<\/h4>\n\n<p>Vous pouvez vous renseigner sur les propri\u00e9t\u00e9s par t\u00e9l\u00e9phone ou par courriel.<br\/>Si la propri\u00e9t\u00e9 que vous avez choisie est disponible, nous cr\u00e9ons une r\u00e9servation et vous recevrez un courriel vous demandant de finaliser la r\u00e9servation.<br\/>Une fois que vous avez saisi vos coordonn\u00e9es dans le formulaire de r\u00e9servation et accept\u00e9 les conditions g\u00e9n\u00e9rales de location, votre r\u00e9servation est d\u00e9finitive.<br\/>Vous recevrez une confirmation de r\u00e9servation et devrez verser un (acompte) dans les 8 jours.<br\/>Une fois que le propri\u00e9taire l&rsquo;aura re\u00e7ue, nous vous enverrons une confirmation.<br\/>9 semaines avant le d\u00e9but de la p\u00e9riode de location, vous recevrez un courriel vous rappelant de payer le montant restant de la location plus le d\u00e9p\u00f4t de garantie et les autres frais \u00e9ventuels (tous ces \u00e9l\u00e9ments sont clairement indiqu\u00e9s lors de la proc\u00e9dure de r\u00e9servation).<br\/>Apr\u00e8s r\u00e9ception de ce dernier paiement, nous vous enverrons une confirmation avec l\u2019itin\u00e9raire et les instructions cl\u00e9s.<\/p>\n\n<h4 class=\"wp-block-heading\">Frais de location, d\u00e9p\u00f4t de garantie et paiements<\/h4>\n\n<p>Le prix de location indiqu\u00e9 est le prix par semaine, y compris l\u2019eau, l\u2019\u00e9lectricit\u00e9, le nettoyage final, les serviettes, les draps, etc. (\u00e0 l\u2019exception d\u2019indication contraire).<br\/>Les paiements seront effectu\u00e9s exclusivement entre vous et le propri\u00e9taire.<br\/>Le d\u00e9p\u00f4t de garantie vous sera restitu\u00e9 dans les deux semaines suivant votre d\u00e9part de la propri\u00e9t\u00e9 de location, apr\u00e8s d\u00e9duction des dommages\/ruptures \u00e9ventuels.<\/p>\n\n<h4 class=\"wp-block-heading\">Le client est li\u00e9 par les conditions de paiement suivantes (sauf indication contraire)<\/h4>\n\n<p>30% des frais de location payables dans les 8 jours suivant la r\u00e9ception du formulaire de r\u00e9servation.<br\/>Le reste des frais de location et le d\u00e9p\u00f4t de garantie doivent \u00eatre pay\u00e9s au plus tard, 8 semaines avant le d\u00e9but de la p\u00e9riode de location.<br\/>Si vous faites la r\u00e9servation dans les 8 semaines avant le d\u00e9but de la p\u00e9riode de location, le montant total de la location, y compris le d\u00e9p\u00f4t de garantie et les autres frais \u00e9ventuels, est d\u00fb.<\/p>\n\n<h4 class=\"wp-block-heading\">Conditions d\u2019annulation<\/h4>\n\n<p>Veuillez <a href=\"https:\/\/luxevakantiehuis-dordogne.com\/fr\/conditions-dannulation\/\" data-type=\"page\" data-id=\"794\">cliquez ici<\/a> pour voir les conditions d\u2019annulation.<br\/>Le droit de r\u00e9tractation l\u00e9gal (d\u00e9lai de r\u00e9flexion de 14 jours) est exclu pour les Contrats de location, car ils portent sur la location d\u2019un logement pour une date ou une p\u00e9riode d\u00e9termin\u00e9e.<\/p>\n\n<h4 class=\"wp-block-heading\">P\u00e9riode de location<\/h4>\n\n<p>La dur\u00e9e minimale de location est d\u2019une semaine. Veuillez noter que certaines maisons de vacances ont des jours de changement diff\u00e9rents.<\/p>\n\n<h4 class=\"wp-block-heading\">Photos et descriptions des propri\u00e9t\u00e9s sur notre site web<\/h4>\n\n<p>Nous visitons toutes les propri\u00e9t\u00e9s et les d\u00e9crivons personnellement. La plupart des photos ont \u00e9galement \u00e9t\u00e9 prises par nos soins. Avec celles-ci, nous essayons de d\u00e9crire avec pr\u00e9cision les propri\u00e9t\u00e9s de location afin d\u2019\u00e9viter les malentendus. Nous demandons aux propri\u00e9taires d\u2019approuver nos descriptions afin qu\u2019ils acceptent que la description soit exacte. Malgr\u00e9 les efforts que nous faisons pour vous donner l\u2019impression la plus pr\u00e9cise possible de la propri\u00e9t\u00e9, il arrive que des modifications soient apport\u00e9es au jardin, \u00e0 la maison, \u00e0 la piscine ou aux \u00e9quipements qui n\u2019ont pas encore \u00e9t\u00e9 pris en compte sur le site web. SIM Solutions S.A.R.L. ne peut \u00eatre tenue responsable de ces situations.    <\/p>\n","protected":false},"excerpt":{"rendered":"<p>En g\u00e9n\u00e9ral SIM Solutions S.A.R.L. est une soci\u00e9t\u00e9 de marketing bas\u00e9e en France avec des g\u00e9rants n\u00e9erlandais. Nous commercialisons des biens locatifs en Dordogne et dans les environs. La plupart des propri\u00e9taires sont des hommes d\u2019affaires tr\u00e8s occup\u00e9s, qui souhaitent louer leur maison de vacances, mais qui n\u2019y trouvent pas le temps. Nous nous occupons [&hellip;]<\/p>\n","protected":false},"author":6,"featured_media":0,"parent":0,"menu_order":0,"comment_status":"closed","ping_status":"closed","template":"page.php","meta":{"_acf_changed":false,"_seopress_robots_primary_cat":"","_seopress_titles_title":"Comment nous travaillons : Location de maisons de vacances de luxe sans souci","_seopress_titles_desc":"D\u00e9couvrez notre m\u00e9thode transparente de location d'une maison de vacances de luxe en Dordogne. Des accords clairs et un service personnalis\u00e9 pour une exp\u00e9rience sans tracas. ","_seopress_robots_index":"","_uag_custom_page_level_css":"","site-sidebar-layout":"default","site-content-layout":"","ast-site-content-layout":"default","site-content-style":"default","site-sidebar-style":"default","ast-global-header-display":"","ast-banner-title-visibility":"","ast-main-header-display":"","ast-hfb-above-header-display":"","ast-hfb-below-header-display":"","ast-hfb-mobile-header-display":"","site-post-title":"","ast-breadcrumbs-content":"","ast-featured-img":"","footer-sml-layout":"","ast-disable-related-posts":"","theme-transparent-header-meta":"","adv-header-id-meta":"","stick-header-meta":"","header-above-stick-meta":"","header-main-stick-meta":"","header-below-stick-meta":"","astra-migrate-meta-layouts":"default","ast-page-background-enabled":"default","ast-page-background-meta":{"desktop":{"background-color":"var(--ast-global-color-4)","background-image":"","background-repeat":"repeat","background-position":"center center","background-size":"auto","background-attachment":"scroll","background-type":"","background-media":"","overlay-type":"","overlay-color":"","overlay-opacity":"","overlay-gradient":""},"tablet":{"background-color":"","background-image":"","background-repeat":"repeat","background-position":"center center","background-size":"auto","background-attachment":"scroll","background-type":"","background-media":"","overlay-type":"","overlay-color":"","overlay-opacity":"","overlay-gradient":""},"mobile":{"background-color":"","background-image":"","background-repeat":"repeat","background-position":"center center","background-size":"auto","background-attachment":"scroll","background-type":"","background-media":"","overlay-type":"","overlay-color":"","overlay-opacity":"","overlay-gradient":""}},"ast-content-background-meta":{"desktop":{"background-color":"var(--ast-global-color-5)","background-image":"","background-repeat":"repeat","background-position":"center center","background-size":"auto","background-attachment":"scroll","background-type":"","background-media":"","overlay-type":"","overlay-color":"","overlay-opacity":"","overlay-gradient":""},"tablet":{"background-color":"var(--ast-global-color-5)","background-image":"","background-repeat":"repeat","background-position":"center center","background-size":"auto","background-attachment":"scroll","background-type":"","background-media":"","overlay-type":"","overlay-color":"","overlay-opacity":"","overlay-gradient":""},"mobile":{"background-color":"var(--ast-global-color-5)","background-image":"","background-repeat":"repeat","background-position":"center center","background-size":"auto","background-attachment":"scroll","background-type":"","background-media":"","overlay-type":"","overlay-color":"","overlay-opacity":"","overlay-gradient":""}},"footnotes":""},"class_list":["post-5231","page","type-page","status-publish","hentry"],"acf":[],"uagb_featured_image_src":{"full":false,"thumbnail":false,"medium":false,"medium_large":false,"large":false,"1536x1536":false,"2048x2048":false,"gform-image-choice-sm":false,"gform-image-choice-md":false,"gform-image-choice-lg":false},"uagb_author_info":{"display_name":"Zsuzsi &amp; Floris","author_link":"https:\/\/luxevakantiehuis-dordogne.com\/fr\/author\/zsuzsi_flor1s-luxevhddgn3\/"},"uagb_comment_info":0,"uagb_excerpt":"En g\u00e9n\u00e9ral SIM Solutions S.A.R.L. est une soci\u00e9t\u00e9 de marketing bas\u00e9e en France avec des g\u00e9rants n\u00e9erlandais. Nous commercialisons des biens locatifs en Dordogne et dans les environs. La plupart des propri\u00e9taires sont des hommes d\u2019affaires tr\u00e8s occup\u00e9s, qui souhaitent louer leur maison de vacances, mais qui n\u2019y trouvent pas le temps. Nous nous occupons\u2026","_links":{"self":[{"href":"https:\/\/luxevakantiehuis-dordogne.com\/fr\/wp-json\/wp\/v2\/pages\/5231","targetHints":{"allow":["GET"]}}],"collection":[{"href":"https:\/\/luxevakantiehuis-dordogne.com\/fr\/wp-json\/wp\/v2\/pages"}],"about":[{"href":"https:\/\/luxevakantiehuis-dordogne.com\/fr\/wp-json\/wp\/v2\/types\/page"}],"author":[{"embeddable":true,"href":"https:\/\/luxevakantiehuis-dordogne.com\/fr\/wp-json\/wp\/v2\/users\/6"}],"replies":[{"embeddable":true,"href":"https:\/\/luxevakantiehuis-dordogne.com\/fr\/wp-json\/wp\/v2\/comments?post=5231"}],"version-history":[{"count":1,"href":"https:\/\/luxevakantiehuis-dordogne.com\/fr\/wp-json\/wp\/v2\/pages\/5231\/revisions"}],"predecessor-version":[{"id":17370,"href":"https:\/\/luxevakantiehuis-dordogne.com\/fr\/wp-json\/wp\/v2\/pages\/5231\/revisions\/17370"}],"wp:attachment":[{"href":"https:\/\/luxevakantiehuis-dordogne.com\/fr\/wp-json\/wp\/v2\/media?parent=5231"}],"curies":[{"name":"wp","href":"https:\/\/api.w.org\/{rel}","templated":true}]}}