{"id":5328,"date":"2024-08-19T11:11:18","date_gmt":"2024-08-19T09:11:18","guid":{"rendered":"https:\/\/luxe-vakantiehuis-dordogne-wordpress.clweb.nl\/louer-sans-surprises\/"},"modified":"2024-11-06T09:20:18","modified_gmt":"2024-11-06T08:20:18","slug":"louer-sans-surprises","status":"publish","type":"page","link":"https:\/\/luxevakantiehuis-dordogne.com\/fr\/louer-sans-surprises\/","title":{"rendered":"Notre fa\u00e7on d\u2019agir"},"content":{"rendered":"\n<h3 class=\"wp-block-heading\">Notre approche de confiance avec des conditions transparentes. Et des accords clairs. <\/h3>\n\n<h4 class=\"wp-block-heading\">Rassurez-vous \u00e0 l&rsquo;avance<\/h4>\n\n<p>Vous pouvez nous faire confiance. Notre entreprise existe r\u00e9ellement. Dirig\u00e9e par de vraies personnes : Zsuzsi et Floris Stork. Il est facile de nous contacter.   <\/p>\n\n<p>SIM Solutions S.A.R.L. est une soci\u00e9t\u00e9 bas\u00e9e en France dont la direction est n\u00e9erlandaise.<br\/>Adresse :<br\/>754 Route du Moulin du Touroulet<br\/>24800 Chalais<br\/>France<\/p>\n\n<p>T\u00e9l\u00e9phone : +33 (0)672956177<br\/>Email: <a href=\"mailto:info@luxuryrentalsdordogne.com\">info@luxuryrentalsdordogne.com<\/a><br\/>Site web : www.luxuryrentalsdordogne.com<\/p>\n\n<h4 class=\"wp-block-heading\">1. Conditions g\u00e9n\u00e9rales<\/h4>\n\n<p>Notre soci\u00e9t\u00e9 est enregistr\u00e9e aupr\u00e8s de la Chambre de commerce fran\u00e7aise (Siret : 520 799 628 00018) et est redevable de la TVA (TVA : FR11520799628). Nos activit\u00e9s commerciales sont r\u00e9gies par les r\u00e8gles du droit fran\u00e7ais. SIM Solutions agit en tant qu\u2019interm\u00e9diaire entre les locataires et les propri\u00e9taires de maisons de vacances de luxe en Dordogne qui souhaitent louer leur propri\u00e9t\u00e9. Nous ne facturons pas de frais aux locataires d\u2019une maison de vacances de luxe.   <\/p>\n\n<h4 class=\"wp-block-heading\">2. Une offre claire et transparente: vous savez exactement ce que vous louez<\/h4>\n\n<p>SIM Solutions consacre beaucoup de temps et d\u2019efforts \u00e0 la description et aux photographies pr\u00e9cises des maisons de vacances de luxe de son portefeuille. Cela s\u2019applique \u00e9galement \u00e0 la mani\u00e8re dont nous indiquons les prix et les conditions de location (ce qui est et n\u2019est pas inclus). Vous savez exactement ce que vous louez et quels services sont couverts par le prix de la location.  <\/p>\n\n<h4 class=\"wp-block-heading\">3. Proc\u00e9dure de r\u00e9servation<\/h4>\n\n<ul class=\"wp-block-list\">\n<li>Vous pouvez vous renseigner sur les propri\u00e9t\u00e9s par t\u00e9l\u00e9phone ou par courriel.<br\/>Si la propri\u00e9t\u00e9 que vous avez choisie est disponible, nous cr\u00e9ons une r\u00e9servation et vous recevrez un courriel vous demandant de finaliser la r\u00e9servation.<\/li>\n\n\n\n<li>Une fois que vous avez saisi vos coordonn\u00e9es dans le formulaire de r\u00e9servation et accept\u00e9 les <u><a href=\"https:\/\/luxevakantiehuis-dordogne.com\/fr\/conditions-generales\/\">conditions g\u00e9n\u00e9rales de location<\/a><\/u>, votre r\u00e9servation est d\u00e9finitive.<br\/>Vous recevrez une confirmation de r\u00e9servation et devrez verser un (acompte) dans les 8 jours.<\/li>\n\n\n\n<li>Une fois que le propri\u00e9taire l\u2019aura re\u00e7ue, nous vous enverrons une confirmation.<\/li>\n\n\n\n<li>9 semaines avant le d\u00e9but de la p\u00e9riode de location, vous recevrez un courriel vous rappelant de payer le montant restant de la location plus le d\u00e9p\u00f4t de garantie et les autres frais \u00e9ventuels (tous ces \u00e9l\u00e9ments sont clairement indiqu\u00e9s lors de la proc\u00e9dure de r\u00e9servation).<\/li>\n\n\n\n<li>Apr\u00e8s r\u00e9ception de ce dernier paiement, nous vous enverrons une confirmation avec l\u2019itin\u00e9raire et les instructions cl\u00e9s.<\/li>\n<\/ul>\n\n<p>En savoir plus sur <a href=\"https:\/\/luxevakantiehuis-dordogne.com\/fr\/comment-nous-travaillons\/\"><u>comment nous travaillons<\/u><\/a>.<br\/>Conseil : souscrivez toujours une assurance voyage et une assurance d\u2019annulation. V\u00e9rifiez \u00e9galement si votre assurance de responsabilit\u00e9 civile couvre \u00e9ventuellement les dommages caus\u00e9s par vous \u00e0 une maison de vacances. <\/p>\n\n<h4 class=\"wp-block-heading\">4. Un environnement de paiement s\u00fbr<\/h4>\n\n<p>Le paiement des frais de location au propri\u00e9taire du logement se fait par vous-m\u00eame en utilisant votre propre banque. Votre banque signalera automatiquement tout titulaire de compte malhonn\u00eate. <\/p>\n\n<h4 class=\"wp-block-heading\">5. Comment nous utilisons vos donn\u00e9es personnelles<\/h4>\n\n<p>SIM Solutions utilise vos donn\u00e9es personnelles conform\u00e9ment aux r\u00e8gles du <a href=\"https:\/\/gdpr.eu\/\" target=\"_blank\" rel=\"noreferrer noopener nofollow\"><u>R\u00e8glement g\u00e9n\u00e9ral sur la protection des donn\u00e9es<\/u><\/a> (GDPR). Ces r\u00e8gles s\u2019appliquent dans toute l\u2019UE. Pour plus d\u2019informations, consultez notre <a href=\"https:\/\/luxevakantiehuis-dordogne.com\/fr\/politique-de-confidentialite\/\"><u>Politique de confidentialit\u00e9<\/u><\/a>.  <\/p>\n\n<h4 class=\"wp-block-heading\">6. Plaintes et litiges<\/h4>\n\n<p>SIM Solutions fait tout ce qui est en son pouvoir afin d\u2019\u00e9viter les plaintes avant qu\u2019elles ne se produisent. Si vous avez une plainte \u00e0 formuler \u00e0 propos de notre plateforme, veuillez contacter Floris Stork \u00e0 l\u2019adresse suivante : <a href=\"mailto:info@luxuryrentalsdordogne.com\">info@luxuryrentalsdordogne.com<\/a><br\/>Nous vous r\u00e9pondrons dans les plus brefs d\u00e9lais, mais au moins dans les 14 jours.   <br\/><br\/>SIM Solutions est une plateforme internet qui met en relation des locataires et des propri\u00e9taires. Nous ne sommes donc pas responsables de la location des maisons de vacances propos\u00e9es par l&rsquo;interm\u00e9diaire de notre plateforme ; cette responsabilit\u00e9 incombe aux propri\u00e9taires eux-m\u00eames. Toutefois, en cas de probl\u00e8me, nous nous ferons un plaisir de vous aider \u00e0 trouver une bonne solution.  <br\/><\/p>\n\n<p><\/p>\n","protected":false},"excerpt":{"rendered":"<p>Notre approche de confiance avec des conditions transparentes. Et des accords clairs. Rassurez-vous \u00e0 l&rsquo;avance Vous pouvez nous faire confiance. Notre entreprise existe r\u00e9ellement. Dirig\u00e9e par de vraies personnes : Zsuzsi et Floris Stork. Il est facile de nous contacter. SIM Solutions S.A.R.L. est une soci\u00e9t\u00e9 bas\u00e9e en France dont la direction est n\u00e9erlandaise.Adresse :754 [&hellip;]<\/p>\n","protected":false},"author":6,"featured_media":0,"parent":0,"menu_order":0,"comment_status":"closed","ping_status":"closed","template":"page.php","meta":{"_acf_changed":false,"_seopress_robots_primary_cat":"","_seopress_titles_title":"Notre fa\u00e7on d\u2019agir : Une offre claire et transparente","_seopress_titles_desc":"Louez votre maison de vacances de luxe sans souci. Profitez de nos conditions transparentes et de notre service personnalis\u00e9 pour un s\u00e9jour relaxant. ","_seopress_robots_index":"","_uag_custom_page_level_css":"","site-sidebar-layout":"default","site-content-layout":"","ast-site-content-layout":"default","site-content-style":"default","site-sidebar-style":"default","ast-global-header-display":"","ast-banner-title-visibility":"","ast-main-header-display":"","ast-hfb-above-header-display":"","ast-hfb-below-header-display":"","ast-hfb-mobile-header-display":"","site-post-title":"","ast-breadcrumbs-content":"","ast-featured-img":"","footer-sml-layout":"","ast-disable-related-posts":"","theme-transparent-header-meta":"","adv-header-id-meta":"","stick-header-meta":"","header-above-stick-meta":"","header-main-stick-meta":"","header-below-stick-meta":"","astra-migrate-meta-layouts":"default","ast-page-background-enabled":"default","ast-page-background-meta":{"desktop":{"background-color":"var(--ast-global-color-4)","background-image":"","background-repeat":"repeat","background-position":"center center","background-size":"auto","background-attachment":"scroll","background-type":"","background-media":"","overlay-type":"","overlay-color":"","overlay-opacity":"","overlay-gradient":""},"tablet":{"background-color":"","background-image":"","background-repeat":"repeat","background-position":"center center","background-size":"auto","background-attachment":"scroll","background-type":"","background-media":"","overlay-type":"","overlay-color":"","overlay-opacity":"","overlay-gradient":""},"mobile":{"background-color":"","background-image":"","background-repeat":"repeat","background-position":"center center","background-size":"auto","background-attachment":"scroll","background-type":"","background-media":"","overlay-type":"","overlay-color":"","overlay-opacity":"","overlay-gradient":""}},"ast-content-background-meta":{"desktop":{"background-color":"var(--ast-global-color-5)","background-image":"","background-repeat":"repeat","background-position":"center center","background-size":"auto","background-attachment":"scroll","background-type":"","background-media":"","overlay-type":"","overlay-color":"","overlay-opacity":"","overlay-gradient":""},"tablet":{"background-color":"var(--ast-global-color-5)","background-image":"","background-repeat":"repeat","background-position":"center center","background-size":"auto","background-attachment":"scroll","background-type":"","background-media":"","overlay-type":"","overlay-color":"","overlay-opacity":"","overlay-gradient":""},"mobile":{"background-color":"var(--ast-global-color-5)","background-image":"","background-repeat":"repeat","background-position":"center center","background-size":"auto","background-attachment":"scroll","background-type":"","background-media":"","overlay-type":"","overlay-color":"","overlay-opacity":"","overlay-gradient":""}},"footnotes":""},"class_list":["post-5328","page","type-page","status-publish","hentry"],"acf":[],"uagb_featured_image_src":{"full":false,"thumbnail":false,"medium":false,"medium_large":false,"large":false,"1536x1536":false,"2048x2048":false,"gform-image-choice-sm":false,"gform-image-choice-md":false,"gform-image-choice-lg":false},"uagb_author_info":{"display_name":"Zsuzsi &amp; Floris","author_link":"https:\/\/luxevakantiehuis-dordogne.com\/fr\/author\/zsuzsi_flor1s-luxevhddgn3\/"},"uagb_comment_info":0,"uagb_excerpt":"Notre approche de confiance avec des conditions transparentes. Et des accords clairs. Rassurez-vous \u00e0 l&rsquo;avance Vous pouvez nous faire confiance. Notre entreprise existe r\u00e9ellement. Dirig\u00e9e par de vraies personnes : Zsuzsi et Floris Stork. Il est facile de nous contacter. SIM Solutions S.A.R.L. est une soci\u00e9t\u00e9 bas\u00e9e en France dont la direction est n\u00e9erlandaise.Adresse :754\u2026","_links":{"self":[{"href":"https:\/\/luxevakantiehuis-dordogne.com\/fr\/wp-json\/wp\/v2\/pages\/5328","targetHints":{"allow":["GET"]}}],"collection":[{"href":"https:\/\/luxevakantiehuis-dordogne.com\/fr\/wp-json\/wp\/v2\/pages"}],"about":[{"href":"https:\/\/luxevakantiehuis-dordogne.com\/fr\/wp-json\/wp\/v2\/types\/page"}],"author":[{"embeddable":true,"href":"https:\/\/luxevakantiehuis-dordogne.com\/fr\/wp-json\/wp\/v2\/users\/6"}],"replies":[{"embeddable":true,"href":"https:\/\/luxevakantiehuis-dordogne.com\/fr\/wp-json\/wp\/v2\/comments?post=5328"}],"version-history":[{"count":0,"href":"https:\/\/luxevakantiehuis-dordogne.com\/fr\/wp-json\/wp\/v2\/pages\/5328\/revisions"}],"wp:attachment":[{"href":"https:\/\/luxevakantiehuis-dordogne.com\/fr\/wp-json\/wp\/v2\/media?parent=5328"}],"curies":[{"name":"wp","href":"https:\/\/api.w.org\/{rel}","templated":true}]}}