{"id":5699,"date":"2024-08-20T16:35:51","date_gmt":"2024-08-20T14:35:51","guid":{"rendered":"https:\/\/luxe-vakantiehuis-dordogne-wordpress.clweb.nl\/actualites\/"},"modified":"2024-12-13T08:57:49","modified_gmt":"2024-12-13T07:57:49","slug":"actualites","status":"publish","type":"page","link":"https:\/\/luxevakantiehuis-dordogne.com\/fr\/actualites\/","title":{"rendered":"Actualit\u00e9s"},"content":{"rendered":"\n<div class=\"wp-block-group is-layout-constrained wp-block-group-is-layout-constrained\"><div class=\"wp-block-group__inner-container\">\n\t\t\t<div class=\"wp-block-uagb-post-grid uagb-post-grid  uagb-post__image-position-top uagb-post__image-enabled uagb-block-e75fea37     uagb-post__items uagb-post__columns-3 is-grid uagb-post__columns-tablet-2 uagb-post__columns-mobile-1 uagb-post__equal-height uagb-equal_height_inline-read-more-buttons\" data-total=\"1\" style=\"\">\n\n\t\t\t\t\t\t\t\t\t\t\t\t<article class=\"uagb-post__inner-wrap\">\t\t\t\t\t\t\t\t<div class='uagb-post__image'>\n\t\t\t\t\t\t\t\t\t<a href=\"https:\/\/luxevakantiehuis-dordogne.com\/fr\/escales-vers-perigord\/\" target=\"_self\" rel=\"bookmark noopener noreferrer\" class='uagb-image-ratio-inherit'><img loading=\"lazy\" decoding=\"async\" width=\"1000\" height=\"667\" src=\"https:\/\/luxevakantiehuis-dordogne.com\/wp-content\/uploads\/2026\/04\/stop-over-luxe-vakantiehuis-dordogne.jpg\" class=\"attachment-large size-large\" alt=\"Charmant hotel in Frankrijk \u2013 ideale stopover naar de Dordogne\" srcset=\"https:\/\/luxevakantiehuis-dordogne.com\/wp-content\/uploads\/2026\/04\/stop-over-luxe-vakantiehuis-dordogne.jpg 1000w, https:\/\/luxevakantiehuis-dordogne.com\/wp-content\/uploads\/2026\/04\/stop-over-luxe-vakantiehuis-dordogne-300x200.jpg 300w, https:\/\/luxevakantiehuis-dordogne.com\/wp-content\/uploads\/2026\/04\/stop-over-luxe-vakantiehuis-dordogne-768x512.jpg 768w\" sizes=\"auto, (max-width: 1000px) 100vw, 1000px\" \/>\t\t\t\t\t<\/a>\n\t\t\t\t\t\t\t<\/div>\n\t\t\t\t\t\t<h4 class=\"uagb-post__title uagb-post__text\">\n\t\t\t\t<a href=\"https:\/\/luxevakantiehuis-dordogne.com\/fr\/escales-vers-perigord\/\" target=\"_self\" rel=\"bookmark noopener noreferrer\">Escales vers le P\u00e9rigord \u2013 Arrivez d\u00e9tendu et repos\u00e9<\/a>\n\t\t\t<\/h4>\n\t\t\t\t\t\t<div class='uagb-post__text uagb-post-grid-byline'>\n\t\t\t\t\t\t\t<\/div>\n\t\t\t\t\t\t\t<div class='uagb-post__text uagb-post__excerpt'>\n\t\t\t\t\t<p>Comment voyagez-vous vers le P\u00e9rigord ?En une seule journ\u00e9e ? Souvent fatigu\u00e9 et press\u00e9 \u00e0 l\u2019arriv\u00e9e. Ou plus d\u00e9tendu, avec une \u00e9tape en chemin. Nous \u2013 Zsuzsi et Floris \u2013 choisissons d\u00e9lib\u00e9r\u00e9ment la deuxi\u00e8me option. Tout simplement parce que nous&#8230;\t\t\t\t<\/div>\n\t\t\t\t\t\t<div class=\"uagb-post__text uagb-post__cta wp-block-button\">\n\t\t\t\t<a class=\"wp-block-button__link uagb-text-link\" style=\"\" href=\"https:\/\/luxevakantiehuis-dordogne.com\/fr\/escales-vers-perigord\/\" target=\"_self\" rel=\"bookmark noopener noreferrer\">Lire la suite<\/a>\n\t\t\t<\/div>\n\t\t\t\n\t\t\t\t\t\t\t\t\t<\/article>\n\t\t\t\t\t\t\t\t\t\t\t\t\t\t\t\t<article class=\"uagb-post__inner-wrap\">\t\t\t\t\t\t\t\t<div class='uagb-post__image'>\n\t\t\t\t\t\t\t\t\t<a href=\"https:\/\/luxevakantiehuis-dordogne.com\/fr\/gateau-de-paques-chocolat-amandes\/\" target=\"_self\" rel=\"bookmark noopener noreferrer\" class='uagb-image-ratio-inherit'><img loading=\"lazy\" decoding=\"async\" width=\"1000\" height=\"667\" src=\"https:\/\/luxevakantiehuis-dordogne.com\/wp-content\/uploads\/2026\/03\/gateau-de-paques-luxe-vakantiehuis-dordogne.jpg\" class=\"attachment-large size-large\" alt=\"Easter chocolate cake decorated with pastel candy eggs and chocolate shavings.\" srcset=\"https:\/\/luxevakantiehuis-dordogne.com\/wp-content\/uploads\/2026\/03\/gateau-de-paques-luxe-vakantiehuis-dordogne.jpg 1000w, https:\/\/luxevakantiehuis-dordogne.com\/wp-content\/uploads\/2026\/03\/gateau-de-paques-luxe-vakantiehuis-dordogne-300x200.jpg 300w, https:\/\/luxevakantiehuis-dordogne.com\/wp-content\/uploads\/2026\/03\/gateau-de-paques-luxe-vakantiehuis-dordogne-768x512.jpg 768w\" sizes=\"auto, (max-width: 1000px) 100vw, 1000px\" \/>\t\t\t\t\t<\/a>\n\t\t\t\t\t\t\t<\/div>\n\t\t\t\t\t\t<h4 class=\"uagb-post__title uagb-post__text\">\n\t\t\t\t<a href=\"https:\/\/luxevakantiehuis-dordogne.com\/fr\/gateau-de-paques-chocolat-amandes\/\" target=\"_self\" rel=\"bookmark noopener noreferrer\">Recette : G\u00e2teau de P\u00e2ques au Chocolat et aux Amandes<\/a>\n\t\t\t<\/h4>\n\t\t\t\t\t\t<div class='uagb-post__text uagb-post-grid-byline'>\n\t\t\t\t\t\t\t<\/div>\n\t\t\t\t\t\t\t<div class='uagb-post__text uagb-post__excerpt'>\n\t\t\t\t\t<p>Envie de c\u00e9l\u00e9brer P\u00e2ques avec un dessert raffin\u00e9 et gourmand ? Ce G\u00e2teau de P\u00e2ques au chocolat et aux amandes est un classique \u00e9l\u00e9gant, id\u00e9al pour partager un moment festif en famille ou entre amis. Accompagnez-le d\u2019un caf\u00e9 ou d\u2019un&#8230;\t\t\t\t<\/div>\n\t\t\t\t\t\t<div class=\"uagb-post__text uagb-post__cta wp-block-button\">\n\t\t\t\t<a class=\"wp-block-button__link uagb-text-link\" style=\"\" href=\"https:\/\/luxevakantiehuis-dordogne.com\/fr\/gateau-de-paques-chocolat-amandes\/\" target=\"_self\" rel=\"bookmark noopener noreferrer\">Lire la suite<\/a>\n\t\t\t<\/div>\n\t\t\t\n\t\t\t\t\t\t\t\t\t<\/article>\n\t\t\t\t\t\t\t\t\t\t\t\t\t\t\t\t<article class=\"uagb-post__inner-wrap\">\t\t\t\t\t\t\t\t<div class='uagb-post__image'>\n\t\t\t\t\t\t\t\t\t<a href=\"https:\/\/luxevakantiehuis-dordogne.com\/fr\/visite-chez-le-trufficulteur\/\" target=\"_self\" rel=\"bookmark noopener noreferrer\" class='uagb-image-ratio-inherit'><img loading=\"lazy\" decoding=\"async\" width=\"1000\" height=\"691\" src=\"https:\/\/luxevakantiehuis-dordogne.com\/wp-content\/uploads\/2025\/06\/truffelboer-luxe-vakantiehuis-dordogne.jpg\" class=\"attachment-large size-large\" alt=\"op bezoek bij de truffelboer luxe vakantiehuis dordogne\" srcset=\"https:\/\/luxevakantiehuis-dordogne.com\/wp-content\/uploads\/2025\/06\/truffelboer-luxe-vakantiehuis-dordogne.jpg 1000w, https:\/\/luxevakantiehuis-dordogne.com\/wp-content\/uploads\/2025\/06\/truffelboer-luxe-vakantiehuis-dordogne-300x207.jpg 300w, https:\/\/luxevakantiehuis-dordogne.com\/wp-content\/uploads\/2025\/06\/truffelboer-luxe-vakantiehuis-dordogne-768x531.jpg 768w\" sizes=\"auto, (max-width: 1000px) 100vw, 1000px\" \/>\t\t\t\t\t<\/a>\n\t\t\t\t\t\t\t<\/div>\n\t\t\t\t\t\t<h4 class=\"uagb-post__title uagb-post__text\">\n\t\t\t\t<a href=\"https:\/\/luxevakantiehuis-dordogne.com\/fr\/visite-chez-le-trufficulteur\/\" target=\"_self\" rel=\"bookmark noopener noreferrer\">Visite chez le trufficulteur<\/a>\n\t\t\t<\/h4>\n\t\t\t\t\t\t<div class='uagb-post__text uagb-post-grid-byline'>\n\t\t\t\t\t\t\t<\/div>\n\t\t\t\t\t\t\t<div class='uagb-post__text uagb-post__excerpt'>\n\t\t\t\t\t<p>R\u00e9cemment, nous avons \u00e9t\u00e9 invit\u00e9s par Xavier, un aimable P\u00e9rigourdin issu d\u2019une lign\u00e9e innombrable de g\u00e9n\u00e9rations. \u00ab J\u2019ai une truffi\u00e8re\u2026 \u00e7a vous dirait de venir jeter un \u0153il ? \u00bb En tant que fans de truffes avant l\u2019heure, nous n\u2019avons&#8230;\t\t\t\t<\/div>\n\t\t\t\t\t\t<div class=\"uagb-post__text uagb-post__cta wp-block-button\">\n\t\t\t\t<a class=\"wp-block-button__link uagb-text-link\" style=\"\" href=\"https:\/\/luxevakantiehuis-dordogne.com\/fr\/visite-chez-le-trufficulteur\/\" target=\"_self\" rel=\"bookmark noopener noreferrer\">Lire la suite<\/a>\n\t\t\t<\/div>\n\t\t\t\n\t\t\t\t\t\t\t\t\t<\/article>\n\t\t\t\t\t\t\t\t\t\t\t\t\t\t\t\t<article class=\"uagb-post__inner-wrap\">\t\t\t\t\t\t\t\t<div class='uagb-post__image'>\n\t\t\t\t\t\t\t\t\t<a href=\"https:\/\/luxevakantiehuis-dordogne.com\/fr\/decembre-mois-festif-conseils-dordogne\/\" target=\"_self\" rel=\"bookmark noopener noreferrer\" class='uagb-image-ratio-inherit'><img loading=\"lazy\" decoding=\"async\" width=\"1000\" height=\"667\" src=\"https:\/\/luxevakantiehuis-dordogne.com\/wp-content\/uploads\/2024\/12\/kerstblog-luxe-vakantiehuis-dordogne.jpg\" class=\"attachment-large size-large\" alt=\"kerstblog luxe vakantiehuis dordogne\" srcset=\"https:\/\/luxevakantiehuis-dordogne.com\/wp-content\/uploads\/2024\/12\/kerstblog-luxe-vakantiehuis-dordogne.jpg 1000w, https:\/\/luxevakantiehuis-dordogne.com\/wp-content\/uploads\/2024\/12\/kerstblog-luxe-vakantiehuis-dordogne-300x200.jpg 300w, https:\/\/luxevakantiehuis-dordogne.com\/wp-content\/uploads\/2024\/12\/kerstblog-luxe-vakantiehuis-dordogne-768x512.jpg 768w\" sizes=\"auto, (max-width: 1000px) 100vw, 1000px\" \/>\t\t\t\t\t<\/a>\n\t\t\t\t\t\t\t<\/div>\n\t\t\t\t\t\t<h4 class=\"uagb-post__title uagb-post__text\">\n\t\t\t\t<a href=\"https:\/\/luxevakantiehuis-dordogne.com\/fr\/decembre-mois-festif-conseils-dordogne\/\" target=\"_self\" rel=\"bookmark noopener noreferrer\">Occup\u00e9, occup\u00e9, occup\u00e9<\/a>\n\t\t\t<\/h4>\n\t\t\t\t\t\t<div class='uagb-post__text uagb-post-grid-byline'>\n\t\t\t\t\t\t\t<\/div>\n\t\t\t\t\t\t\t<div class='uagb-post__text uagb-post__excerpt'>\n\t\t\t\t\t<p>D\u00e9cembre. Mois de f\u00eates? C&rsquo;est plut\u00f4t le mois le plus charg\u00e9 de l&rsquo;ann\u00e9e. Tout doit \u00eatre fait et rien ne doit \u00eatre oubli\u00e9. Nous comprenons cela parfaitement. C&rsquo;est pourquoi nous avons pr\u00e9par\u00e9 pour vous une newsletter pleine de conseils pratiques&#8230;\t\t\t\t<\/div>\n\t\t\t\t\t\t<div class=\"uagb-post__text uagb-post__cta wp-block-button\">\n\t\t\t\t<a class=\"wp-block-button__link uagb-text-link\" style=\"\" href=\"https:\/\/luxevakantiehuis-dordogne.com\/fr\/decembre-mois-festif-conseils-dordogne\/\" target=\"_self\" rel=\"bookmark noopener noreferrer\">Lire la suite<\/a>\n\t\t\t<\/div>\n\t\t\t\n\t\t\t\t\t\t\t\t\t<\/article>\n\t\t\t\t\t\t\t\t\t\t\t\t\t\t\t\t<article class=\"uagb-post__inner-wrap\">\t\t\t\t\t\t\t\t<div class='uagb-post__image'>\n\t\t\t\t\t\t\t\t\t<a href=\"https:\/\/luxevakantiehuis-dordogne.com\/fr\/randonnees-et-velos-dordogne\/\" target=\"_self\" rel=\"bookmark noopener noreferrer\" class='uagb-image-ratio-inherit'><img loading=\"lazy\" decoding=\"async\" width=\"1000\" height=\"667\" src=\"https:\/\/luxevakantiehuis-dordogne.com\/wp-content\/uploads\/2024\/12\/fietsen-en-wandelen-dordogne-luxe-vakantiehuis-dordogne-1.jpg\" class=\"attachment-large size-large\" alt=\"fietsen en wandelen dordogne luxe vakantiehuis dordogne\" srcset=\"https:\/\/luxevakantiehuis-dordogne.com\/wp-content\/uploads\/2024\/12\/fietsen-en-wandelen-dordogne-luxe-vakantiehuis-dordogne-1.jpg 1000w, https:\/\/luxevakantiehuis-dordogne.com\/wp-content\/uploads\/2024\/12\/fietsen-en-wandelen-dordogne-luxe-vakantiehuis-dordogne-1-300x200.jpg 300w, https:\/\/luxevakantiehuis-dordogne.com\/wp-content\/uploads\/2024\/12\/fietsen-en-wandelen-dordogne-luxe-vakantiehuis-dordogne-1-768x512.jpg 768w\" sizes=\"auto, (max-width: 1000px) 100vw, 1000px\" \/>\t\t\t\t\t<\/a>\n\t\t\t\t\t\t\t<\/div>\n\t\t\t\t\t\t<h4 class=\"uagb-post__title uagb-post__text\">\n\t\t\t\t<a href=\"https:\/\/luxevakantiehuis-dordogne.com\/fr\/randonnees-et-velos-dordogne\/\" target=\"_self\" rel=\"bookmark noopener noreferrer\">D\u00e9couvrez les plus belles randonn\u00e9es et itin\u00e9raires \u00e0 v\u00e9lo en Dordogne<\/a>\n\t\t\t<\/h4>\n\t\t\t\t\t\t<div class='uagb-post__text uagb-post-grid-byline'>\n\t\t\t\t\t\t\t<\/div>\n\t\t\t\t\t\t\t<div class='uagb-post__text uagb-post__excerpt'>\n\t\t\t\t\t<p>La Dordogne offre une nature impressionnante et des villages pittoresques, parfaits pour les randonneurs et les cyclistes en qu\u00eate d\u2019aventure. Que vous pr\u00e9f\u00e9riez une promenade tranquille le long de la rivi\u00e8re ou une balade \u00e0 v\u00e9lo \u00e0 travers les collines&#8230;\t\t\t\t<\/div>\n\t\t\t\t\t\t<div class=\"uagb-post__text uagb-post__cta wp-block-button\">\n\t\t\t\t<a class=\"wp-block-button__link uagb-text-link\" style=\"\" href=\"https:\/\/luxevakantiehuis-dordogne.com\/fr\/randonnees-et-velos-dordogne\/\" target=\"_self\" rel=\"bookmark noopener noreferrer\">Lire la suite<\/a>\n\t\t\t<\/div>\n\t\t\t\n\t\t\t\t\t\t\t\t\t<\/article>\n\t\t\t\t\t\t\t\t\t\t\t\t\t\t\t\t<article class=\"uagb-post__inner-wrap\">\t\t\t\t\t\t\t\t<div class='uagb-post__image'>\n\t\t\t\t\t\t\t\t\t<a href=\"https:\/\/luxevakantiehuis-dordogne.com\/fr\/rent-a-relaxation\/\" target=\"_self\" rel=\"bookmark noopener noreferrer\" class='uagb-image-ratio-inherit'><img loading=\"lazy\" decoding=\"async\" width=\"1024\" height=\"683\" src=\"https:\/\/luxevakantiehuis-dordogne.com\/wp-content\/uploads\/2024\/03\/relaxation-blog-luxe-vakantiehuis-dordogne.jpg\" class=\"attachment-large size-large\" alt=\"\" srcset=\"https:\/\/luxevakantiehuis-dordogne.com\/wp-content\/uploads\/2024\/03\/relaxation-blog-luxe-vakantiehuis-dordogne.jpg 1024w, https:\/\/luxevakantiehuis-dordogne.com\/wp-content\/uploads\/2024\/03\/relaxation-blog-luxe-vakantiehuis-dordogne-300x200.jpg 300w, https:\/\/luxevakantiehuis-dordogne.com\/wp-content\/uploads\/2024\/03\/relaxation-blog-luxe-vakantiehuis-dordogne-768x512.jpg 768w\" sizes=\"auto, (max-width: 1024px) 100vw, 1024px\" \/>\t\t\t\t\t<\/a>\n\t\t\t\t\t\t\t<\/div>\n\t\t\t\t\t\t<h4 class=\"uagb-post__title uagb-post__text\">\n\t\t\t\t<a href=\"https:\/\/luxevakantiehuis-dordogne.com\/fr\/rent-a-relaxation\/\" target=\"_self\" rel=\"bookmark noopener noreferrer\">Rent-a-Relaxation : Interview avec Marie-H\u00e9l\u00e8ne<\/a>\n\t\t\t<\/h4>\n\t\t\t\t\t\t<div class='uagb-post__text uagb-post-grid-byline'>\n\t\t\t\t\t\t\t<\/div>\n\t\t\t\t\t\t\t<div class='uagb-post__text uagb-post__excerpt'>\n\t\t\t\t\t<p>Luxury Rentals Dordogne est fier de vous pr\u00e9senter son nouveau concept : Rent-a-Relaxation (Location-D\u00e9tente). Un nouveau service pour nos locataires. Massage et yoga dans votre propre maison de vacances. Un service aussi bien unique que b\u00e9n\u00e9fique que nous souhaitons vous&#8230;\t\t\t\t<\/div>\n\t\t\t\t\t\t<div class=\"uagb-post__text uagb-post__cta wp-block-button\">\n\t\t\t\t<a class=\"wp-block-button__link uagb-text-link\" style=\"\" href=\"https:\/\/luxevakantiehuis-dordogne.com\/fr\/rent-a-relaxation\/\" target=\"_self\" rel=\"bookmark noopener noreferrer\">Lire la suite<\/a>\n\t\t\t<\/div>\n\t\t\t\n\t\t\t\t\t\t\t\t\t<\/article>\n\t\t\t\t\t\t\t\t\t\t\t\t\t\t\t\t<article class=\"uagb-post__inner-wrap\">\t\t\t\t\t\t\t\t<div class='uagb-post__image'>\n\t\t\t\t\t\t\t\t\t<a href=\"https:\/\/luxevakantiehuis-dordogne.com\/fr\/recette-duo-de-foie-gras\/\" target=\"_self\" rel=\"bookmark noopener noreferrer\" class='uagb-image-ratio-inherit'><img loading=\"lazy\" decoding=\"async\" width=\"1000\" height=\"667\" src=\"https:\/\/luxevakantiehuis-dordogne.com\/wp-content\/uploads\/2024\/03\/duo-de-foie-gras-1.jpg\" class=\"attachment-large size-large\" alt=\"G\u00e2teau de P\u00e2ques chocolade\u2011amandel taart met chocolade-eitjes, feestelijk paasdessert in de Dordogne\" srcset=\"https:\/\/luxevakantiehuis-dordogne.com\/wp-content\/uploads\/2024\/03\/duo-de-foie-gras-1.jpg 1000w, https:\/\/luxevakantiehuis-dordogne.com\/wp-content\/uploads\/2024\/03\/duo-de-foie-gras-1-300x200.jpg 300w, https:\/\/luxevakantiehuis-dordogne.com\/wp-content\/uploads\/2024\/03\/duo-de-foie-gras-1-768x512.jpg 768w\" sizes=\"auto, (max-width: 1000px) 100vw, 1000px\" \/>\t\t\t\t\t<\/a>\n\t\t\t\t\t\t\t<\/div>\n\t\t\t\t\t\t<h4 class=\"uagb-post__title uagb-post__text\">\n\t\t\t\t<a href=\"https:\/\/luxevakantiehuis-dordogne.com\/fr\/recette-duo-de-foie-gras\/\" target=\"_self\" rel=\"bookmark noopener noreferrer\">Recette : Duo de foie gras<\/a>\n\t\t\t<\/h4>\n\t\t\t\t\t\t<div class='uagb-post__text uagb-post-grid-byline'>\n\t\t\t\t\t\t\t<\/div>\n\t\t\t\t\t\t\t<div class='uagb-post__text uagb-post__excerpt'>\n\t\t\t\t\t<p>Une sp\u00e9cialit\u00e9 de la Dordogne est, bien s\u00fbr, le foie gras. Nous vous proposons la recette de notre m\u00e8re : foie gras et pommes caram\u00e9lis\u00e9es flamb\u00e9s au calvados. Un vrai r\u00e9gal ! D\u00e9licieux pour le d\u00e9jeuner avec un verre de&#8230;\t\t\t\t<\/div>\n\t\t\t\t\t\t<div class=\"uagb-post__text uagb-post__cta wp-block-button\">\n\t\t\t\t<a class=\"wp-block-button__link uagb-text-link\" style=\"\" href=\"https:\/\/luxevakantiehuis-dordogne.com\/fr\/recette-duo-de-foie-gras\/\" target=\"_self\" rel=\"bookmark noopener noreferrer\">Lire la suite<\/a>\n\t\t\t<\/div>\n\t\t\t\n\t\t\t\t\t\t\t\t\t<\/article>\n\t\t\t\t\t\t\t\t\t\t\t\t\t\t\t\t<article class=\"uagb-post__inner-wrap\">\t\t\t\t\t\t\t\t<div class='uagb-post__image'>\n\t\t\t\t\t\t\t\t\t<a href=\"https:\/\/luxevakantiehuis-dordogne.com\/fr\/votre-maison-de-vacances-un-restaurant-etoile\/\" target=\"_self\" rel=\"bookmark noopener noreferrer\" class='uagb-image-ratio-inherit'><img loading=\"lazy\" decoding=\"async\" width=\"1000\" height=\"667\" src=\"https:\/\/luxevakantiehuis-dordogne.com\/wp-content\/uploads\/2024\/09\/blog-french-chef-luxe-vakantiehuis-dordogne.jpg\" class=\"attachment-large size-large\" alt=\"blog french chef luxe vakantiehuis dordogne\" srcset=\"https:\/\/luxevakantiehuis-dordogne.com\/wp-content\/uploads\/2024\/09\/blog-french-chef-luxe-vakantiehuis-dordogne.jpg 1000w, https:\/\/luxevakantiehuis-dordogne.com\/wp-content\/uploads\/2024\/09\/blog-french-chef-luxe-vakantiehuis-dordogne-300x200.jpg 300w, https:\/\/luxevakantiehuis-dordogne.com\/wp-content\/uploads\/2024\/09\/blog-french-chef-luxe-vakantiehuis-dordogne-768x512.jpg 768w\" sizes=\"auto, (max-width: 1000px) 100vw, 1000px\" \/>\t\t\t\t\t<\/a>\n\t\t\t\t\t\t\t<\/div>\n\t\t\t\t\t\t<h4 class=\"uagb-post__title uagb-post__text\">\n\t\t\t\t<a href=\"https:\/\/luxevakantiehuis-dordogne.com\/fr\/votre-maison-de-vacances-un-restaurant-etoile\/\" target=\"_self\" rel=\"bookmark noopener noreferrer\">Votre maison de vacances, un restaurant \u00e9toil\u00e9<\/a>\n\t\t\t<\/h4>\n\t\t\t\t\t\t<div class='uagb-post__text uagb-post-grid-byline'>\n\t\t\t\t\t\t\t<\/div>\n\t\t\t\t\t\t\t<div class='uagb-post__text uagb-post__excerpt'>\n\t\t\t\t\t<p>La table de votre cuisine devient la pi\u00e8ce ma\u00eetresse d&rsquo;un restaurant \u00e9toil\u00e9. Vos papilles se lancent dans un cours acc\u00e9l\u00e9r\u00e9 de d\u00e9gustation sans pr\u00e9c\u00e9dent. Pendant une soir\u00e9e, vos yeux s\u2019\u00e9carquillent, votre langue travaille des heures suppl\u00e9mentaires, et votre nez se&#8230;\t\t\t\t<\/div>\n\t\t\t\t\t\t<div class=\"uagb-post__text uagb-post__cta wp-block-button\">\n\t\t\t\t<a class=\"wp-block-button__link uagb-text-link\" style=\"\" href=\"https:\/\/luxevakantiehuis-dordogne.com\/fr\/votre-maison-de-vacances-un-restaurant-etoile\/\" target=\"_self\" rel=\"bookmark noopener noreferrer\">Lire la suite<\/a>\n\t\t\t<\/div>\n\t\t\t\n\t\t\t\t\t\t\t\t\t<\/article>\n\t\t\t\t\t\t\t\t\t\t\t<\/div>\n\t\t\t<\/div><\/div>\n","protected":false},"excerpt":{"rendered":"","protected":false},"author":5,"featured_media":1518,"parent":0,"menu_order":0,"comment_status":"closed","ping_status":"closed","template":"page-full-width-banner.php","meta":{"_acf_changed":false,"_seopress_robots_primary_cat":"","_seopress_titles_title":"Actualit\u00e9s de la Dordogne : Conseils et histoires pour vos vacances","_seopress_titles_desc":"Lisez nos actualit\u00e9s sur la Dordogne ! D\u00e9couvrez des conseils, des histoires et des insights locaux pour enrichir votre s\u00e9jour dans cette magnifique r\u00e9gion.","_seopress_robots_index":"","_uag_custom_page_level_css":"","site-sidebar-layout":"default","site-content-layout":"","ast-site-content-layout":"default","site-content-style":"default","site-sidebar-style":"default","ast-global-header-display":"","ast-banner-title-visibility":"","ast-main-header-display":"","ast-hfb-above-header-display":"","ast-hfb-below-header-display":"","ast-hfb-mobile-header-display":"","site-post-title":"","ast-breadcrumbs-content":"","ast-featured-img":"","footer-sml-layout":"","ast-disable-related-posts":"","theme-transparent-header-meta":"","adv-header-id-meta":"","stick-header-meta":"","header-above-stick-meta":"","header-main-stick-meta":"","header-below-stick-meta":"","astra-migrate-meta-layouts":"set","ast-page-background-enabled":"default","ast-page-background-meta":{"desktop":{"background-color":"var(--ast-global-color-4)","background-image":"","background-repeat":"repeat","background-position":"center center","background-size":"auto","background-attachment":"scroll","background-type":"","background-media":"","overlay-type":"","overlay-color":"","overlay-opacity":"","overlay-gradient":""},"tablet":{"background-color":"","background-image":"","background-repeat":"repeat","background-position":"center center","background-size":"auto","background-attachment":"scroll","background-type":"","background-media":"","overlay-type":"","overlay-color":"","overlay-opacity":"","overlay-gradient":""},"mobile":{"background-color":"","background-image":"","background-repeat":"repeat","background-position":"center center","background-size":"auto","background-attachment":"scroll","background-type":"","background-media":"","overlay-type":"","overlay-color":"","overlay-opacity":"","overlay-gradient":""}},"ast-content-background-meta":{"desktop":{"background-color":"var(--ast-global-color-5)","background-image":"","background-repeat":"repeat","background-position":"center center","background-size":"auto","background-attachment":"scroll","background-type":"","background-media":"","overlay-type":"","overlay-color":"","overlay-opacity":"","overlay-gradient":""},"tablet":{"background-color":"var(--ast-global-color-5)","background-image":"","background-repeat":"repeat","background-position":"center center","background-size":"auto","background-attachment":"scroll","background-type":"","background-media":"","overlay-type":"","overlay-color":"","overlay-opacity":"","overlay-gradient":""},"mobile":{"background-color":"var(--ast-global-color-5)","background-image":"","background-repeat":"repeat","background-position":"center center","background-size":"auto","background-attachment":"scroll","background-type":"","background-media":"","overlay-type":"","overlay-color":"","overlay-opacity":"","overlay-gradient":""}},"footnotes":""},"class_list":["post-5699","page","type-page","status-publish","has-post-thumbnail","hentry"],"acf":[],"uagb_featured_image_src":{"full":["https:\/\/luxevakantiehuis-dordogne.com\/wp-content\/uploads\/2024\/08\/dordognerentals_blog-aspect-ratio-500-333.jpg",900,600,false],"thumbnail":["https:\/\/luxevakantiehuis-dordogne.com\/wp-content\/uploads\/2024\/08\/dordognerentals_blog-aspect-ratio-500-333-150x150.jpg",150,150,true],"medium":["https:\/\/luxevakantiehuis-dordogne.com\/wp-content\/uploads\/2024\/08\/dordognerentals_blog-aspect-ratio-500-333-300x200.jpg",300,200,true],"medium_large":["https:\/\/luxevakantiehuis-dordogne.com\/wp-content\/uploads\/2024\/08\/dordognerentals_blog-aspect-ratio-500-333-768x512.jpg",768,512,true],"large":["https:\/\/luxevakantiehuis-dordogne.com\/wp-content\/uploads\/2024\/08\/dordognerentals_blog-aspect-ratio-500-333.jpg",900,600,false],"1536x1536":["https:\/\/luxevakantiehuis-dordogne.com\/wp-content\/uploads\/2024\/08\/dordognerentals_blog-aspect-ratio-500-333.jpg",900,600,false],"2048x2048":["https:\/\/luxevakantiehuis-dordogne.com\/wp-content\/uploads\/2024\/08\/dordognerentals_blog-aspect-ratio-500-333.jpg",900,600,false],"gform-image-choice-sm":["https:\/\/luxevakantiehuis-dordogne.com\/wp-content\/uploads\/2024\/08\/dordognerentals_blog-aspect-ratio-500-333.jpg",300,200,false],"gform-image-choice-md":["https:\/\/luxevakantiehuis-dordogne.com\/wp-content\/uploads\/2024\/08\/dordognerentals_blog-aspect-ratio-500-333.jpg",400,267,false],"gform-image-choice-lg":["https:\/\/luxevakantiehuis-dordogne.com\/wp-content\/uploads\/2024\/08\/dordognerentals_blog-aspect-ratio-500-333.jpg",600,400,false]},"uagb_author_info":{"display_name":"Boris Hoekmeijer","author_link":"https:\/\/luxevakantiehuis-dordogne.com\/fr\/author\/admbo_lx3v4kan-drdgn\/"},"uagb_comment_info":0,"uagb_excerpt":null,"_links":{"self":[{"href":"https:\/\/luxevakantiehuis-dordogne.com\/fr\/wp-json\/wp\/v2\/pages\/5699","targetHints":{"allow":["GET"]}}],"collection":[{"href":"https:\/\/luxevakantiehuis-dordogne.com\/fr\/wp-json\/wp\/v2\/pages"}],"about":[{"href":"https:\/\/luxevakantiehuis-dordogne.com\/fr\/wp-json\/wp\/v2\/types\/page"}],"author":[{"embeddable":true,"href":"https:\/\/luxevakantiehuis-dordogne.com\/fr\/wp-json\/wp\/v2\/users\/5"}],"replies":[{"embeddable":true,"href":"https:\/\/luxevakantiehuis-dordogne.com\/fr\/wp-json\/wp\/v2\/comments?post=5699"}],"version-history":[{"count":0,"href":"https:\/\/luxevakantiehuis-dordogne.com\/fr\/wp-json\/wp\/v2\/pages\/5699\/revisions"}],"wp:featuredmedia":[{"embeddable":true,"href":"https:\/\/luxevakantiehuis-dordogne.com\/fr\/wp-json\/wp\/v2\/media\/1518"}],"wp:attachment":[{"href":"https:\/\/luxevakantiehuis-dordogne.com\/fr\/wp-json\/wp\/v2\/media?parent=5699"}],"curies":[{"name":"wp","href":"https:\/\/api.w.org\/{rel}","templated":true}]}}