{"id":9328,"date":"2024-08-08T12:05:56","date_gmt":"2024-08-08T10:05:56","guid":{"rendered":"https:\/\/luxe-vakantiehuis-dordogne-wordpress.clweb.nl\/la-dordogne\/"},"modified":"2025-01-18T14:42:37","modified_gmt":"2025-01-18T13:42:37","slug":"la-dordogne","status":"publish","type":"page","link":"https:\/\/luxevakantiehuis-dordogne.com\/fr\/la-dordogne\/","title":{"rendered":"La Dordogne"},"content":{"rendered":"\n<div class=\"wp-block-group grijs is-layout-constrained wp-block-group-is-layout-constrained\"><div class=\"wp-block-group__inner-container\">\n<h2 class=\"wp-block-heading\">D\u00e9couvrez le Charme de La Dordogne !<\/h2>\n\n\n<div id=\"divider-wrapperblock_877ee8180805d6e9dba3b0fd9ee67674\" class=\"divider-wrap narrow\">\r\n        <div class=\"divider red\"><\/div> \r\n    <\/div>\r\n\r\n\n\n\n<p class=\"has-text-align-center\">La <strong>Dordogne<\/strong> est sans aucun doute l\u2019une des r\u00e9gions les plus magnifiques et les plus appr\u00e9ci\u00e9es de France ! C\u2019est la destination id\u00e9ale pour des vacances actives et relaxantes. Vous pouvez opter pour de belles balades \u00e0 pied et \u00e0 v\u00e9lo \u00e0 travers la <strong>nature luxuriante<\/strong> ou pour un tour en cano\u00e9-kayak avec vos enfants sur des <strong>rivi\u00e8res<\/strong> aux eaux cristallines. Laissez- vous surprendre par les <strong>ch\u00e2teaux <\/strong>imposants, les charmantes <strong>villes m\u00e9di\u00e9vales<\/strong> et les villages pittoresques qui vous feront voyager dans le temps. Sans oublier une <strong>gastronomie unique<\/strong> ! Que ce soit des saveurs locales ou des sp\u00e9cialit\u00e9s raffin\u00e9es, la Dordogne est un v\u00e9ritable paradis pour les gourmets !       <\/p>\n<\/div><\/div>\n","protected":false},"excerpt":{"rendered":"<p>D\u00e9couvrez le Charme de La Dordogne ! La Dordogne est sans aucun doute l\u2019une des r\u00e9gions les plus magnifiques et les plus appr\u00e9ci\u00e9es de France ! C\u2019est la destination id\u00e9ale pour des vacances actives et relaxantes. Vous pouvez opter pour de belles balades \u00e0 pied et \u00e0 v\u00e9lo \u00e0 travers la nature luxuriante ou pour [&hellip;]<\/p>\n","protected":false},"author":6,"featured_media":3596,"parent":0,"menu_order":0,"comment_status":"closed","ping_status":"closed","template":"page-dordogne.php","meta":{"_acf_changed":false,"_seopress_robots_primary_cat":"","_seopress_titles_title":"D\u00e9couvrez la Dordogne : Activit\u00e9s et Sites Touristiques en France","_seopress_titles_desc":"Profitez de conseils culinaires, ch\u00e2teaux, activit\u00e9s sportives, aventures pour enfants, jardins historiques, grottes et patrimoine culturel en Dordogne.","_seopress_robots_index":"","_uag_custom_page_level_css":"","site-sidebar-layout":"default","site-content-layout":"","ast-site-content-layout":"default","site-content-style":"default","site-sidebar-style":"default","ast-global-header-display":"","ast-banner-title-visibility":"","ast-main-header-display":"","ast-hfb-above-header-display":"","ast-hfb-below-header-display":"","ast-hfb-mobile-header-display":"","site-post-title":"","ast-breadcrumbs-content":"","ast-featured-img":"","footer-sml-layout":"","ast-disable-related-posts":"","theme-transparent-header-meta":"","adv-header-id-meta":"","stick-header-meta":"","header-above-stick-meta":"","header-main-stick-meta":"","header-below-stick-meta":"","astra-migrate-meta-layouts":"set","ast-page-background-enabled":"default","ast-page-background-meta":{"desktop":{"background-color":"var(--ast-global-color-4)","background-image":"","background-repeat":"repeat","background-position":"center center","background-size":"auto","background-attachment":"scroll","background-type":"","background-media":"","overlay-type":"","overlay-color":"","overlay-opacity":"","overlay-gradient":""},"tablet":{"background-color":"","background-image":"","background-repeat":"repeat","background-position":"center center","background-size":"auto","background-attachment":"scroll","background-type":"","background-media":"","overlay-type":"","overlay-color":"","overlay-opacity":"","overlay-gradient":""},"mobile":{"background-color":"","background-image":"","background-repeat":"repeat","background-position":"center center","background-size":"auto","background-attachment":"scroll","background-type":"","background-media":"","overlay-type":"","overlay-color":"","overlay-opacity":"","overlay-gradient":""}},"ast-content-background-meta":{"desktop":{"background-color":"var(--ast-global-color-5)","background-image":"","background-repeat":"repeat","background-position":"center center","background-size":"auto","background-attachment":"scroll","background-type":"","background-media":"","overlay-type":"","overlay-color":"","overlay-opacity":"","overlay-gradient":""},"tablet":{"background-color":"var(--ast-global-color-5)","background-image":"","background-repeat":"repeat","background-position":"center center","background-size":"auto","background-attachment":"scroll","background-type":"","background-media":"","overlay-type":"","overlay-color":"","overlay-opacity":"","overlay-gradient":""},"mobile":{"background-color":"var(--ast-global-color-5)","background-image":"","background-repeat":"repeat","background-position":"center center","background-size":"auto","background-attachment":"scroll","background-type":"","background-media":"","overlay-type":"","overlay-color":"","overlay-opacity":"","overlay-gradient":""}},"footnotes":""},"class_list":["post-9328","page","type-page","status-publish","has-post-thumbnail","hentry"],"acf":[],"uagb_featured_image_src":{"full":["https:\/\/luxevakantiehuis-dordogne.com\/wp-content\/uploads\/2024\/09\/de-dordogne-uitgelicht-luxuryrentalsdordogne.jpg",500,333,false],"thumbnail":["https:\/\/luxevakantiehuis-dordogne.com\/wp-content\/uploads\/2024\/09\/de-dordogne-uitgelicht-luxuryrentalsdordogne-150x150.jpg",150,150,true],"medium":["https:\/\/luxevakantiehuis-dordogne.com\/wp-content\/uploads\/2024\/09\/de-dordogne-uitgelicht-luxuryrentalsdordogne-300x200.jpg",300,200,true],"medium_large":["https:\/\/luxevakantiehuis-dordogne.com\/wp-content\/uploads\/2024\/09\/de-dordogne-uitgelicht-luxuryrentalsdordogne.jpg",500,333,false],"large":["https:\/\/luxevakantiehuis-dordogne.com\/wp-content\/uploads\/2024\/09\/de-dordogne-uitgelicht-luxuryrentalsdordogne.jpg",500,333,false],"1536x1536":["https:\/\/luxevakantiehuis-dordogne.com\/wp-content\/uploads\/2024\/09\/de-dordogne-uitgelicht-luxuryrentalsdordogne.jpg",500,333,false],"2048x2048":["https:\/\/luxevakantiehuis-dordogne.com\/wp-content\/uploads\/2024\/09\/de-dordogne-uitgelicht-luxuryrentalsdordogne.jpg",500,333,false],"gform-image-choice-sm":["https:\/\/luxevakantiehuis-dordogne.com\/wp-content\/uploads\/2024\/09\/de-dordogne-uitgelicht-luxuryrentalsdordogne.jpg",300,200,false],"gform-image-choice-md":["https:\/\/luxevakantiehuis-dordogne.com\/wp-content\/uploads\/2024\/09\/de-dordogne-uitgelicht-luxuryrentalsdordogne.jpg",400,266,false],"gform-image-choice-lg":["https:\/\/luxevakantiehuis-dordogne.com\/wp-content\/uploads\/2024\/09\/de-dordogne-uitgelicht-luxuryrentalsdordogne.jpg",500,333,false]},"uagb_author_info":{"display_name":"Zsuzsi &amp; Floris","author_link":"https:\/\/luxevakantiehuis-dordogne.com\/fr\/author\/zsuzsi_flor1s-luxevhddgn3\/"},"uagb_comment_info":0,"uagb_excerpt":"D\u00e9couvrez le Charme de La Dordogne ! La Dordogne est sans aucun doute l\u2019une des r\u00e9gions les plus magnifiques et les plus appr\u00e9ci\u00e9es de France ! C\u2019est la destination id\u00e9ale pour des vacances actives et relaxantes. Vous pouvez opter pour de belles balades \u00e0 pied et \u00e0 v\u00e9lo \u00e0 travers la nature luxuriante ou pour\u2026","_links":{"self":[{"href":"https:\/\/luxevakantiehuis-dordogne.com\/fr\/wp-json\/wp\/v2\/pages\/9328","targetHints":{"allow":["GET"]}}],"collection":[{"href":"https:\/\/luxevakantiehuis-dordogne.com\/fr\/wp-json\/wp\/v2\/pages"}],"about":[{"href":"https:\/\/luxevakantiehuis-dordogne.com\/fr\/wp-json\/wp\/v2\/types\/page"}],"author":[{"embeddable":true,"href":"https:\/\/luxevakantiehuis-dordogne.com\/fr\/wp-json\/wp\/v2\/users\/6"}],"replies":[{"embeddable":true,"href":"https:\/\/luxevakantiehuis-dordogne.com\/fr\/wp-json\/wp\/v2\/comments?post=9328"}],"version-history":[{"count":1,"href":"https:\/\/luxevakantiehuis-dordogne.com\/fr\/wp-json\/wp\/v2\/pages\/9328\/revisions"}],"predecessor-version":[{"id":16312,"href":"https:\/\/luxevakantiehuis-dordogne.com\/fr\/wp-json\/wp\/v2\/pages\/9328\/revisions\/16312"}],"wp:featuredmedia":[{"embeddable":true,"href":"https:\/\/luxevakantiehuis-dordogne.com\/fr\/wp-json\/wp\/v2\/media\/3596"}],"wp:attachment":[{"href":"https:\/\/luxevakantiehuis-dordogne.com\/fr\/wp-json\/wp\/v2\/media?parent=9328"}],"curies":[{"name":"wp","href":"https:\/\/api.w.org\/{rel}","templated":true}]}}