{"id":9489,"date":"2020-09-04T13:03:14","date_gmt":"2020-09-04T11:03:14","guid":{"rendered":"https:\/\/luxe-vakantiehuis-dordogne-wordpress.clweb.nl\/acceuil\/"},"modified":"2026-04-07T14:19:09","modified_gmt":"2026-04-07T12:19:09","slug":"acceuil","status":"publish","type":"page","link":"https:\/\/luxevakantiehuis-dordogne.com\/fr\/","title":{"rendered":"Accueil"},"content":{"rendered":"\r\n<div id=\"quote-luxeblock_921bd619523ef92508c27e3852fbfde9\" class=\"quote-luxe\">\r\n\r\n    <h5>CE QUE DISENT NOS CLIENTS<\/h5>\r\n\r\n    <div class=\"divider-wrap narrow red\">\r\n        <div class=\"divider\"><\/div>\r\n    <\/div>\r\n\r\n    \r\n        <div class=\"repeat-block quote\">\r\n        <p><i>98\u202f% de nos clients nous recommande \u00e0 leur famille et amis (bas\u00e9 sur des enqu\u00eates de satisfaction)<\/i><\/p>\r\n                          \r\n    <\/div> \r\n\r\n    \r\n        <div class=\"repeat-block quote\">\r\n        <p><i>\u00ab\u00a0Des vacances inoubliables ! Magnifique maison, service excellent.\u00a0\u00bb &#8211; Sophie &amp; Mark, NL<\/i><\/p>\r\n                          \r\n    <\/div> \r\n\r\n    \r\n        <div class=\"repeat-block quote\">\r\n        <p><i>\u00ab\u00a0S\u00e9jour charmant, luxe et intimit\u00e9 comme promis.\u00a0\u00bb &#8211; Claire &amp; Fran\u00e7ois, FR<\/i><\/p>\r\n                          \r\n    <\/div> \r\n\r\n    \r\n        <div class=\"repeat-block quote\">\r\n        <p><i>\u00ab\u00a0La maison et la vue \u00e9taient \u00e0 couper le souffle, tout parfaitement organis\u00e9.\u00a0\u00bb &#8211; Emily &amp; James, UK<\/i><\/p>\r\n                          \r\n    <\/div> \r\n\r\n    \r\n        <div class=\"repeat-block quote\">\r\n        <p><i>R\u00e9servez votre maison de vacances de luxe en Dordogne en toute confiance !<\/i><\/p>\r\n                          \r\n    <\/div> \r\n\r\n        \r\n\r\n<\/div>","protected":false},"excerpt":{"rendered":"","protected":false},"author":6,"featured_media":879,"parent":0,"menu_order":0,"comment_status":"closed","ping_status":"closed","template":"page-home.php","meta":{"_acf_changed":false,"_seopress_robots_primary_cat":"","_seopress_titles_title":"Maisons de vacances de luxe Dordogne avec piscine priv\u00e9e","_seopress_titles_desc":"D\u00e9couvrez des maisons de vacances de luxe en Dordogne avec piscine priv\u00e9e. Villas, ch\u00e2teaux et retraites romantiques pour un s\u00e9jour inoubliable.","_seopress_robots_index":"","_uag_custom_page_level_css":"","site-sidebar-layout":"default","site-content-layout":"","ast-site-content-layout":"default","site-content-style":"default","site-sidebar-style":"default","ast-global-header-display":"","ast-banner-title-visibility":"","ast-main-header-display":"","ast-hfb-above-header-display":"","ast-hfb-below-header-display":"","ast-hfb-mobile-header-display":"","site-post-title":"disabled","ast-breadcrumbs-content":"","ast-featured-img":"","footer-sml-layout":"","ast-disable-related-posts":"","theme-transparent-header-meta":"default","adv-header-id-meta":"","stick-header-meta":"","header-above-stick-meta":"","header-main-stick-meta":"","header-below-stick-meta":"","astra-migrate-meta-layouts":"set","ast-page-background-enabled":"default","ast-page-background-meta":{"desktop":{"background-color":"var(--ast-global-color-4)","background-image":"","background-repeat":"repeat","background-position":"center center","background-size":"auto","background-attachment":"scroll","background-type":"","background-media":"","overlay-type":"","overlay-color":"","overlay-opacity":"","overlay-gradient":""},"tablet":{"background-color":"","background-image":"","background-repeat":"repeat","background-position":"center center","background-size":"auto","background-attachment":"scroll","background-type":"","background-media":"","overlay-type":"","overlay-color":"","overlay-opacity":"","overlay-gradient":""},"mobile":{"background-color":"","background-image":"","background-repeat":"repeat","background-position":"center center","background-size":"auto","background-attachment":"scroll","background-type":"","background-media":"","overlay-type":"","overlay-color":"","overlay-opacity":"","overlay-gradient":""}},"ast-content-background-meta":{"desktop":{"background-color":"var(--ast-global-color-5)","background-image":"","background-repeat":"repeat","background-position":"center center","background-size":"auto","background-attachment":"scroll","background-type":"","background-media":"","overlay-type":"","overlay-color":"","overlay-opacity":"","overlay-gradient":""},"tablet":{"background-color":"var(--ast-global-color-5)","background-image":"","background-repeat":"repeat","background-position":"center center","background-size":"auto","background-attachment":"scroll","background-type":"","background-media":"","overlay-type":"","overlay-color":"","overlay-opacity":"","overlay-gradient":""},"mobile":{"background-color":"var(--ast-global-color-5)","background-image":"","background-repeat":"repeat","background-position":"center center","background-size":"auto","background-attachment":"scroll","background-type":"","background-media":"","overlay-type":"","overlay-color":"","overlay-opacity":"","overlay-gradient":""}},"footnotes":""},"class_list":["post-9489","page","type-page","status-publish","has-post-thumbnail","hentry"],"acf":[],"uagb_featured_image_src":{"full":["https:\/\/luxevakantiehuis-dordogne.com\/wp-content\/uploads\/2024\/08\/home-luxevakantiehuis-dordogne-aspect-ratio-500-333-1.jpg",1000,666,false],"thumbnail":["https:\/\/luxevakantiehuis-dordogne.com\/wp-content\/uploads\/2024\/08\/home-luxevakantiehuis-dordogne-aspect-ratio-500-333-1-150x150.jpg",150,150,true],"medium":["https:\/\/luxevakantiehuis-dordogne.com\/wp-content\/uploads\/2024\/08\/home-luxevakantiehuis-dordogne-aspect-ratio-500-333-1-300x200.jpg",300,200,true],"medium_large":["https:\/\/luxevakantiehuis-dordogne.com\/wp-content\/uploads\/2024\/08\/home-luxevakantiehuis-dordogne-aspect-ratio-500-333-1-768x511.jpg",768,511,true],"large":["https:\/\/luxevakantiehuis-dordogne.com\/wp-content\/uploads\/2024\/08\/home-luxevakantiehuis-dordogne-aspect-ratio-500-333-1.jpg",1000,666,false],"1536x1536":["https:\/\/luxevakantiehuis-dordogne.com\/wp-content\/uploads\/2024\/08\/home-luxevakantiehuis-dordogne-aspect-ratio-500-333-1.jpg",1000,666,false],"2048x2048":["https:\/\/luxevakantiehuis-dordogne.com\/wp-content\/uploads\/2024\/08\/home-luxevakantiehuis-dordogne-aspect-ratio-500-333-1.jpg",1000,666,false],"gform-image-choice-sm":["https:\/\/luxevakantiehuis-dordogne.com\/wp-content\/uploads\/2024\/08\/home-luxevakantiehuis-dordogne-aspect-ratio-500-333-1.jpg",300,200,false],"gform-image-choice-md":["https:\/\/luxevakantiehuis-dordogne.com\/wp-content\/uploads\/2024\/08\/home-luxevakantiehuis-dordogne-aspect-ratio-500-333-1.jpg",400,266,false],"gform-image-choice-lg":["https:\/\/luxevakantiehuis-dordogne.com\/wp-content\/uploads\/2024\/08\/home-luxevakantiehuis-dordogne-aspect-ratio-500-333-1.jpg",600,400,false]},"uagb_author_info":{"display_name":"Zsuzsi &amp; Floris","author_link":"https:\/\/luxevakantiehuis-dordogne.com\/fr\/author\/zsuzsi_flor1s-luxevhddgn3\/"},"uagb_comment_info":0,"uagb_excerpt":null,"_links":{"self":[{"href":"https:\/\/luxevakantiehuis-dordogne.com\/fr\/wp-json\/wp\/v2\/pages\/9489","targetHints":{"allow":["GET"]}}],"collection":[{"href":"https:\/\/luxevakantiehuis-dordogne.com\/fr\/wp-json\/wp\/v2\/pages"}],"about":[{"href":"https:\/\/luxevakantiehuis-dordogne.com\/fr\/wp-json\/wp\/v2\/types\/page"}],"author":[{"embeddable":true,"href":"https:\/\/luxevakantiehuis-dordogne.com\/fr\/wp-json\/wp\/v2\/users\/6"}],"replies":[{"embeddable":true,"href":"https:\/\/luxevakantiehuis-dordogne.com\/fr\/wp-json\/wp\/v2\/comments?post=9489"}],"version-history":[{"count":4,"href":"https:\/\/luxevakantiehuis-dordogne.com\/fr\/wp-json\/wp\/v2\/pages\/9489\/revisions"}],"predecessor-version":[{"id":19514,"href":"https:\/\/luxevakantiehuis-dordogne.com\/fr\/wp-json\/wp\/v2\/pages\/9489\/revisions\/19514"}],"wp:featuredmedia":[{"embeddable":true,"href":"https:\/\/luxevakantiehuis-dordogne.com\/fr\/wp-json\/wp\/v2\/media\/879"}],"wp:attachment":[{"href":"https:\/\/luxevakantiehuis-dordogne.com\/fr\/wp-json\/wp\/v2\/media?parent=9489"}],"curies":[{"name":"wp","href":"https:\/\/api.w.org\/{rel}","templated":true}]}}