{"id":9550,"date":"2024-09-05T16:26:01","date_gmt":"2024-09-05T14:26:01","guid":{"rendered":"https:\/\/luxe-vakantiehuis-dordogne-wordpress.clweb.nl\/rent-a-chef\/"},"modified":"2024-12-13T13:24:17","modified_gmt":"2024-12-13T12:24:17","slug":"rent-a-chef","status":"publish","type":"page","link":"https:\/\/luxevakantiehuis-dordogne.com\/fr\/rent-a-chef\/","title":{"rendered":"Rent-a-Chef"},"content":{"rendered":"\n<div class=\"wp-block-media-text has-media-on-the-right is-stacked-on-mobile is-vertically-aligned-top\"><div class=\"wp-block-media-text__content\">\n<h5 class=\"wp-block-heading has-text-align-center\">IL EST GRAND TEMPS DE VOUS FAIRE PLAISIR<\/h5>\n\n\n\n<h2 class=\"wp-block-heading has-text-align-center\">Rent-a-Chef<\/h2>\n\n\n<div id=\"divider-wrapperblock_0fb91218b6e43681d3644e9c37c5867d\" class=\"divider-wrap narrow\">\r\n        <div class=\"divider red\"><\/div> \r\n    <\/div>\r\n\r\n\n\n\n<p class=\"has-text-align-left\">Luxury Rentals Dordogne est fi\u00e8re de pr\u00e9senter son service culinaire \u00ab Rent-a-Chef \u00bb. Nous travaillons en collaboration avec <a href=\"https:\/\/www.dineindulge.co.uk\/?ref_code=LUXURY-RENTALS-DORDOGNE\" target=\"_blank\" rel=\"noreferrer noopener\">Dineindulge<\/a>, une organisation internationale avec de vrais chefs, qui pr\u00e9parent et servent un repas \u00e9toil\u00e9 chez vous en respectant des normes de qualit\u00e9 tr\u00e8s \u00e9lev\u00e9es. Vous pouvez choisir un menu \u00e0 l&rsquo;avance et un chef vous pr\u00e9parera un excellent d\u00eener dans votre maison de vacances. De l&rsquo;amuse-bouche au dessert, tout est pr\u00e9vu dans les moindres d\u00e9tails. Tous les ingr\u00e9dients sont fournis et tout est nettoy\u00e9 afin que vous retrouviez une cuisine impeccable.    <\/p>\n<\/div><figure class=\"wp-block-media-text__media\"><img loading=\"lazy\" decoding=\"async\" width=\"600\" height=\"400\" src=\"https:\/\/luxevakantiehuis-dordogne.com\/wp-content\/uploads\/2024\/09\/promo-rent-a-chef-luxevakantiehuis-dordogne.jpg\" alt=\"promo rent a chef luxury rentals dordogne\" class=\"wp-image-1767 size-full\" srcset=\"https:\/\/luxevakantiehuis-dordogne.com\/wp-content\/uploads\/2024\/09\/promo-rent-a-chef-luxevakantiehuis-dordogne.jpg 600w, https:\/\/luxevakantiehuis-dordogne.com\/wp-content\/uploads\/2024\/09\/promo-rent-a-chef-luxevakantiehuis-dordogne-300x200.jpg 300w\" sizes=\"auto, (max-width: 600px) 100vw, 600px\" \/><\/figure><\/div>\n\n\n\n<div class=\"wp-block-group is-layout-constrained wp-block-group-is-layout-constrained\"><div class=\"wp-block-group__inner-container\">\r\n<div id=\"triple-block_78daedfaf61a438c49f198b037f6f42a\" class=\"triple\">\r\n\r\n\r\n\r\n    <div class=\"reusable-block triple\">\r\n        <div class=\"left\">\r\n            <img decoding=\"async\" src=\"https:\/\/luxevakantiehuis-dordogne.com\/wp-content\/uploads\/2024\/09\/prive-chef-luxevakantiehuis-dordogne-aspect-ratio-400-300.jpg\" alt=\"\" \/>\r\n        <\/div>\r\n        <div class=\"center\">\r\n                <h5>Une exp\u00e9rience culinaire unique<\/h5>\r\n                <h2>Rent-a-Chef<\/h2>\r\n\r\n                                <a class=\"button reuse\" href=\"https:\/\/www.dineindulge.co.uk\/?ref_code=LUXURY-RENTALS-DORDOGNE\" target=\"_blank\">\r\n                    <span class=\"title\">\r\n                        R\u00e9server                    <\/span>\r\n                    <span class=\"icon\">\r\n                        <i class=\"fa-solid fa-chevron-right\"><\/i>\r\n                    <\/span>\r\n                <\/a>   \r\n                        <\/div>\r\n        <div class=\"right\">\r\n            <img decoding=\"async\" src=\"https:\/\/luxevakantiehuis-dordogne.com\/wp-content\/uploads\/2024\/09\/prive-chef-luxe-vakantiehuis-dordogne-aspect-ratio-400-300.jpg\" alt=\"\" \/>\r\n        <\/div>\r\n\r\n    <\/div> \r\n\r\n\r\n\r\n<\/div><\/div><\/div>\n\n\n\n<div class=\"wp-block-media-text is-stacked-on-mobile is-vertically-aligned-top\"><figure class=\"wp-block-media-text__media\"><img loading=\"lazy\" decoding=\"async\" width=\"600\" height=\"400\" src=\"https:\/\/luxevakantiehuis-dordogne.com\/wp-content\/uploads\/2024\/09\/prive-kok-luxevakantiehuis-dordogne.jpg\" alt=\"chef priv\u00e9 maison de vacances de luxe en dordogne\" class=\"wp-image-1773 size-full\" srcset=\"https:\/\/luxevakantiehuis-dordogne.com\/wp-content\/uploads\/2024\/09\/prive-kok-luxevakantiehuis-dordogne.jpg 600w, https:\/\/luxevakantiehuis-dordogne.com\/wp-content\/uploads\/2024\/09\/prive-kok-luxevakantiehuis-dordogne-300x200.jpg 300w\" sizes=\"auto, (max-width: 600px) 100vw, 600px\" \/><\/figure><div class=\"wp-block-media-text__content\">\n<h5 class=\"wp-block-heading has-text-align-center\">Se faire dorloter ne conna\u00eet pas de limites<\/h5>\n\n\n\n<h2 class=\"wp-block-heading has-text-align-center\">Les avantages de cette option culinaire<\/h2>\n\n\n<div id=\"divider-wrapperblock_0fb91218b6e43681d3644e9c37c5867d\" class=\"divider-wrap narrow\">\r\n        <div class=\"divider red\"><\/div> \r\n    <\/div>\r\n\r\n\n\n\n<div class=\"wp-block-uagb-icon-list uagb-block-31bd6335\"><div class=\"uagb-icon-list__wrap\">\n<div class=\"wp-block-uagb-icon-list-child uagb-block-c6f7f7ae\"><span class=\"uagb-icon-list__source-wrap\"><svg xmlns=\"https:\/\/www.w3.org\/2000\/svg\" viewBox=\"0 0 512 512\"><path d=\"M0 256C0 114.6 114.6 0 256 0C397.4 0 512 114.6 512 256C512 397.4 397.4 512 256 512C114.6 512 0 397.4 0 256zM371.8 211.8C382.7 200.9 382.7 183.1 371.8 172.2C360.9 161.3 343.1 161.3 332.2 172.2L224 280.4L179.8 236.2C168.9 225.3 151.1 225.3 140.2 236.2C129.3 247.1 129.3 264.9 140.2 275.8L204.2 339.8C215.1 350.7 232.9 350.7 243.8 339.8L371.8 211.8z\"><\/path><\/svg><\/span><span class=\"uagb-icon-list__label\">Keuze uit diverse (gangen)menu\u2019s en keukens. Ook tastings en barbecues.<\/span><\/div>\n\n\n\n<div class=\"wp-block-uagb-icon-list-child uagb-block-43395521\"><span class=\"uagb-icon-list__source-wrap\"><svg xmlns=\"https:\/\/www.w3.org\/2000\/svg\" viewBox=\"0 0 512 512\"><path d=\"M0 256C0 114.6 114.6 0 256 0C397.4 0 512 114.6 512 256C512 397.4 397.4 512 256 512C114.6 512 0 397.4 0 256zM371.8 211.8C382.7 200.9 382.7 183.1 371.8 172.2C360.9 161.3 343.1 161.3 332.2 172.2L224 280.4L179.8 236.2C168.9 225.3 151.1 225.3 140.2 236.2C129.3 247.1 129.3 264.9 140.2 275.8L204.2 339.8C215.1 350.7 232.9 350.7 243.8 339.8L371.8 211.8z\"><\/path><\/svg><\/span><span class=\"uagb-icon-list__label\">De prijzen vari\u00ebren van \u20ac 30 \u2013 \u20ac 100 per persoon (exclusief wijn).<\/span><\/div>\n\n\n\n<div class=\"wp-block-uagb-icon-list-child uagb-block-399e4c23\"><span class=\"uagb-icon-list__source-wrap\"><svg xmlns=\"https:\/\/www.w3.org\/2000\/svg\" viewBox=\"0 0 512 512\"><path d=\"M0 256C0 114.6 114.6 0 256 0C397.4 0 512 114.6 512 256C512 397.4 397.4 512 256 512C114.6 512 0 397.4 0 256zM371.8 211.8C382.7 200.9 382.7 183.1 371.8 172.2C360.9 161.3 343.1 161.3 332.2 172.2L224 280.4L179.8 236.2C168.9 225.3 151.1 225.3 140.2 236.2C129.3 247.1 129.3 264.9 140.2 275.8L204.2 339.8C215.1 350.7 232.9 350.7 243.8 339.8L371.8 211.8z\"><\/path><\/svg><\/span><span class=\"uagb-icon-list__label\">Reserveer tijdig (min. 14 dagen vooraf). U kunt al vanaf huis reserveren.<\/span><\/div>\n<\/div><\/div>\n\n\n\n<p class=\"has-text-align-left\"><em>Le chef arrive environ 2 heures \u00e0 l&rsquo;avance et apporte tous les ingr\u00e9dients n\u00e9cessaire pour cuisiner sur place. Il vous sert ensuite chaque plat (et se fera un plaisir de vous donner quelques conseils si vous souhaitez perfectionner vos comp\u00e9tences culinaires). Avant de repartir, le chef s&rsquo;assure que la cuisine est enti\u00e8rement nettoy\u00e9e. <\/em><\/p>\n<\/div><\/div>\n\n\n\r\n<div id=\"attention-luxeblock_52b1cc8840198941ce094a1af25300ac\" class=\"attention-luxe\">\r\n\r\n    <h5>Bien s\u00fbr, nous l&rsquo;avons essay\u00e9 nous-m\u00eames<\/h5>\r\n\r\n    <div class=\"divider-wrap narrow red\">\r\n        <div class=\"divider\"><\/div>\r\n    <\/div>\r\n\r\n        <div class=\"repeat-block atttention\">\r\n        <p class=\"att\">Votre maison de vacances, un restaurant \u00e9toil\u00e9<\/p>\r\n                <a class=\"button\" href=\"https:\/\/luxevakantiehuis-dordogne.com\/fr\/votre-maison-de-vacances-un-restaurant-etoile\/\">Lisez ici nos exp\u00e9riences<\/a>\r\n                                  \r\n    <\/div> \r\n\r\n<\/div>\n\n\n<div class=\"wp-block-group is-layout-constrained wp-block-group-is-layout-constrained\"><div class=\"wp-block-group__inner-container\">\n<figure class=\"wp-block-image aligncenter size-full\"><a href=\"https:\/\/luxevakantiehuis-dordogne.com\/fr\/votre-maison-de-vacances-un-restaurant-etoile\/\"><img loading=\"lazy\" decoding=\"async\" width=\"1000\" height=\"500\" src=\"https:\/\/luxevakantiehuis-dordogne.com\/wp-content\/uploads\/2024\/09\/rent-a-chef-experience-luxe-vakantiehuis-dordogne.jpg\" alt=\"rent a chef experience luxury rentals dordogne\" class=\"wp-image-1818\" srcset=\"https:\/\/luxevakantiehuis-dordogne.com\/wp-content\/uploads\/2024\/09\/rent-a-chef-experience-luxe-vakantiehuis-dordogne.jpg 1000w, https:\/\/luxevakantiehuis-dordogne.com\/wp-content\/uploads\/2024\/09\/rent-a-chef-experience-luxe-vakantiehuis-dordogne-300x150.jpg 300w, https:\/\/luxevakantiehuis-dordogne.com\/wp-content\/uploads\/2024\/09\/rent-a-chef-experience-luxe-vakantiehuis-dordogne-768x384.jpg 768w\" sizes=\"auto, (max-width: 1000px) 100vw, 1000px\" \/><\/a><figcaption class=\"wp-element-caption\">Notre exp\u00e9rience Rent-a-Chef le 3 juillet 2020 \u00e0 Chalais avec le chef Chati de Bordeaux.<\/figcaption><\/figure>\n<\/div><\/div>\n","protected":false},"excerpt":{"rendered":"","protected":false},"author":5,"featured_media":4097,"parent":0,"menu_order":0,"comment_status":"closed","ping_status":"closed","template":"page-full-width-banner.php","meta":{"_acf_changed":false,"_seopress_robots_primary_cat":"","_seopress_titles_title":"Offrez-vous un Chef Priv\u00e9 dans Votre Maison de Vacances de Luxe","_seopress_titles_desc":"Savourez un repas \u00e9toil\u00e9 pr\u00e9par\u00e9 par un chef priv\u00e9 dans votre maison de vacances. Choisissez parmi une vari\u00e9t\u00e9 de menus et de cuisines pour une exp\u00e9rience culinaire unique en Dordogne.","_seopress_robots_index":"","_uag_custom_page_level_css":"","site-sidebar-layout":"default","site-content-layout":"","ast-site-content-layout":"default","site-content-style":"default","site-sidebar-style":"default","ast-global-header-display":"","ast-banner-title-visibility":"","ast-main-header-display":"","ast-hfb-above-header-display":"","ast-hfb-below-header-display":"","ast-hfb-mobile-header-display":"","site-post-title":"disabled","ast-breadcrumbs-content":"","ast-featured-img":"","footer-sml-layout":"","ast-disable-related-posts":"","theme-transparent-header-meta":"","adv-header-id-meta":"","stick-header-meta":"","header-above-stick-meta":"","header-main-stick-meta":"","header-below-stick-meta":"","astra-migrate-meta-layouts":"set","ast-page-background-enabled":"default","ast-page-background-meta":{"desktop":{"background-color":"var(--ast-global-color-4)","background-image":"","background-repeat":"repeat","background-position":"center center","background-size":"auto","background-attachment":"scroll","background-type":"","background-media":"","overlay-type":"","overlay-color":"","overlay-opacity":"","overlay-gradient":""},"tablet":{"background-color":"","background-image":"","background-repeat":"repeat","background-position":"center center","background-size":"auto","background-attachment":"scroll","background-type":"","background-media":"","overlay-type":"","overlay-color":"","overlay-opacity":"","overlay-gradient":""},"mobile":{"background-color":"","background-image":"","background-repeat":"repeat","background-position":"center center","background-size":"auto","background-attachment":"scroll","background-type":"","background-media":"","overlay-type":"","overlay-color":"","overlay-opacity":"","overlay-gradient":""}},"ast-content-background-meta":{"desktop":{"background-color":"var(--ast-global-color-5)","background-image":"","background-repeat":"repeat","background-position":"center center","background-size":"auto","background-attachment":"scroll","background-type":"","background-media":"","overlay-type":"","overlay-color":"","overlay-opacity":"","overlay-gradient":""},"tablet":{"background-color":"var(--ast-global-color-5)","background-image":"","background-repeat":"repeat","background-position":"center center","background-size":"auto","background-attachment":"scroll","background-type":"","background-media":"","overlay-type":"","overlay-color":"","overlay-opacity":"","overlay-gradient":""},"mobile":{"background-color":"var(--ast-global-color-5)","background-image":"","background-repeat":"repeat","background-position":"center center","background-size":"auto","background-attachment":"scroll","background-type":"","background-media":"","overlay-type":"","overlay-color":"","overlay-opacity":"","overlay-gradient":""}},"footnotes":""},"class_list":["post-9550","page","type-page","status-publish","has-post-thumbnail","hentry"],"acf":[],"uagb_featured_image_src":{"full":["https:\/\/luxevakantiehuis-dordogne.com\/wp-content\/uploads\/2024\/09\/rent-a-chef-sl-luxury-rentals-dordogne-aspect-ratio-500-333.jpg",986,657,false],"thumbnail":["https:\/\/luxevakantiehuis-dordogne.com\/wp-content\/uploads\/2024\/09\/rent-a-chef-sl-luxury-rentals-dordogne-aspect-ratio-500-333-150x150.jpg",150,150,true],"medium":["https:\/\/luxevakantiehuis-dordogne.com\/wp-content\/uploads\/2024\/09\/rent-a-chef-sl-luxury-rentals-dordogne-aspect-ratio-500-333-300x200.jpg",300,200,true],"medium_large":["https:\/\/luxevakantiehuis-dordogne.com\/wp-content\/uploads\/2024\/09\/rent-a-chef-sl-luxury-rentals-dordogne-aspect-ratio-500-333-768x512.jpg",768,512,true],"large":["https:\/\/luxevakantiehuis-dordogne.com\/wp-content\/uploads\/2024\/09\/rent-a-chef-sl-luxury-rentals-dordogne-aspect-ratio-500-333.jpg",986,657,false],"1536x1536":["https:\/\/luxevakantiehuis-dordogne.com\/wp-content\/uploads\/2024\/09\/rent-a-chef-sl-luxury-rentals-dordogne-aspect-ratio-500-333.jpg",986,657,false],"2048x2048":["https:\/\/luxevakantiehuis-dordogne.com\/wp-content\/uploads\/2024\/09\/rent-a-chef-sl-luxury-rentals-dordogne-aspect-ratio-500-333.jpg",986,657,false],"gform-image-choice-sm":["https:\/\/luxevakantiehuis-dordogne.com\/wp-content\/uploads\/2024\/09\/rent-a-chef-sl-luxury-rentals-dordogne-aspect-ratio-500-333.jpg",300,200,false],"gform-image-choice-md":["https:\/\/luxevakantiehuis-dordogne.com\/wp-content\/uploads\/2024\/09\/rent-a-chef-sl-luxury-rentals-dordogne-aspect-ratio-500-333.jpg",400,267,false],"gform-image-choice-lg":["https:\/\/luxevakantiehuis-dordogne.com\/wp-content\/uploads\/2024\/09\/rent-a-chef-sl-luxury-rentals-dordogne-aspect-ratio-500-333.jpg",600,400,false]},"uagb_author_info":{"display_name":"Boris Hoekmeijer","author_link":"https:\/\/luxevakantiehuis-dordogne.com\/fr\/author\/admbo_lx3v4kan-drdgn\/"},"uagb_comment_info":0,"uagb_excerpt":null,"_links":{"self":[{"href":"https:\/\/luxevakantiehuis-dordogne.com\/fr\/wp-json\/wp\/v2\/pages\/9550","targetHints":{"allow":["GET"]}}],"collection":[{"href":"https:\/\/luxevakantiehuis-dordogne.com\/fr\/wp-json\/wp\/v2\/pages"}],"about":[{"href":"https:\/\/luxevakantiehuis-dordogne.com\/fr\/wp-json\/wp\/v2\/types\/page"}],"author":[{"embeddable":true,"href":"https:\/\/luxevakantiehuis-dordogne.com\/fr\/wp-json\/wp\/v2\/users\/5"}],"replies":[{"embeddable":true,"href":"https:\/\/luxevakantiehuis-dordogne.com\/fr\/wp-json\/wp\/v2\/comments?post=9550"}],"version-history":[{"count":0,"href":"https:\/\/luxevakantiehuis-dordogne.com\/fr\/wp-json\/wp\/v2\/pages\/9550\/revisions"}],"wp:featuredmedia":[{"embeddable":true,"href":"https:\/\/luxevakantiehuis-dordogne.com\/fr\/wp-json\/wp\/v2\/media\/4097"}],"wp:attachment":[{"href":"https:\/\/luxevakantiehuis-dordogne.com\/fr\/wp-json\/wp\/v2\/media?parent=9550"}],"curies":[{"name":"wp","href":"https:\/\/api.w.org\/{rel}","templated":true}]}}