{"id":9613,"date":"2024-08-20T13:17:53","date_gmt":"2024-08-20T11:17:53","guid":{"rendered":"https:\/\/luxe-vakantiehuis-dordogne-wordpress.clweb.nl\/nos-conseils-perigord-blanc\/"},"modified":"2024-10-31T09:05:22","modified_gmt":"2024-10-31T08:05:22","slug":"nos-conseils-perigord-blanc","status":"publish","type":"page","link":"https:\/\/luxevakantiehuis-dordogne.com\/fr\/nos-conseils-perigord-blanc\/","title":{"rendered":"Nos conseils : P\u00e9rigord Blanc"},"content":{"rendered":"\n<div class=\"wp-block-media-text has-media-on-the-right is-stacked-on-mobile is-vertically-aligned-top left\" style=\"grid-template-columns:auto 66%\"><div class=\"wp-block-media-text__content\">\n<h4 class=\"wp-block-heading\">Nos conseils \u00e0 proximit\u00e9<\/h4>\n\n\n\n<h2 class=\"wp-block-heading\">P\u00e9rigord Blanc<\/h2>\n\n\n<div id=\"divider-wrapperblock_eb47ff1573257c92762ec5482474e8f2\" class=\"divider-wrap narrow\">\r\n        <div class=\"divider red\"><\/div> \r\n    <\/div>\r\n\r\n\n\n\n<ul class=\"wp-block-list\">\n<li>Cath\u00e9drale de Perigueux<\/li>\n\n\n\n<li>Les pittoresques Neuvic et Saint-Astier<\/li>\n\n\n\n<li>Sorges, la ville de la truffe<\/li>\n<\/ul>\n\n\n\n<p>D\u00e9couvrez l\u2019enchantement du P\u00e9rigord Blanc situ\u00e9 au c\u0153ur de la Dordogne o\u00f9 le calcaire blanc donne une nuance particuli\u00e8re au paysage.  <\/p>\n\n\n\n<p>Visitez <strong><a href=\"https:\/\/luxevakantiehuis-dordogne.com\/fr\/nos-conseils\/guide-de-voyage-de-perigueux\/\" data-type=\"onze-tips\" data-id=\"4928\">P\u00e9rigueux<\/a><\/strong>, une ville pleine de charme avec son imposante cath\u00e9drale et ses rues m\u00e9di\u00e9vales pittoresques. A l&rsquo;ouest, <strong>Neuvic<\/strong> et <strong>Saint-Astier <\/strong>vous feront d\u00e9couvrir l&rsquo;histoire et de la culture locale. Partez ensuite vers l&rsquo;Est et explorez <strong><a href=\"https:\/\/luxevakantiehuis-dordogne.com\/fr\/nos-conseils\/sorges-capitale-de-la-truffe\/\" data-type=\"onze-tips\" data-id=\"4594\">Sorges, la capitale de la truffe<\/a><\/strong>. Vous y d\u00e9couvrirez les secrets culinaires des c\u00e9l\u00e8bres truffes noires.   <\/p>\n\n\n\n<p>Le P\u00e9rigord Blanc est moins touristique, ce qui en fait un paradis pour les amateurs de randonn\u00e9e et de v\u00e9lo !<span style=\"font-family: Arial, Helvetica, sans-serif; white-space-collapse: collapse; font-size: 14px;\"><\/span><\/p>\n\n\n\n<p>Cliquez ici pour obtenir <a href=\"https:\/\/www.google.com\/maps\/d\/u\/0\/viewer?mid=1OzFr5EYrCY2ycun5BVS4pnkK6Nc&amp;femb=1&amp;ll=45.14256420588107%2C0.5145730000000182&amp;z=10\" target=\"_blank\" rel=\"noreferrer noopener\">la carte de pr\u00e9paration<\/a> et <a href=\"https:\/\/luxevakantiehuis-dordogne.com\/fr\/conseils-de-vacances\/\" data-type=\"page\" data-id=\"3983\">demandez \u00e0 Wendy<\/a> un devis VIP personnalis\u00e9.<\/p>\n<\/div><figure class=\"wp-block-media-text__media\"><img loading=\"lazy\" decoding=\"async\" width=\"1024\" height=\"841\" src=\"https:\/\/luxevakantiehuis-dordogne.com\/wp-content\/uploads\/2024\/08\/kaart-perigord-blanc-luxe-vakantiehuis-dordogne-1024x841.jpg\" alt=\"Carte du P\u00e9rigord Blanc | Luxury Rentals Dordogne\" class=\"wp-image-1184 size-full\" srcset=\"https:\/\/luxevakantiehuis-dordogne.com\/wp-content\/uploads\/2024\/08\/kaart-perigord-blanc-luxe-vakantiehuis-dordogne-1024x841.jpg 1024w, https:\/\/luxevakantiehuis-dordogne.com\/wp-content\/uploads\/2024\/08\/kaart-perigord-blanc-luxe-vakantiehuis-dordogne-300x247.jpg 300w, https:\/\/luxevakantiehuis-dordogne.com\/wp-content\/uploads\/2024\/08\/kaart-perigord-blanc-luxe-vakantiehuis-dordogne-768x631.jpg 768w, https:\/\/luxevakantiehuis-dordogne.com\/wp-content\/uploads\/2024\/08\/kaart-perigord-blanc-luxe-vakantiehuis-dordogne.jpg 1200w\" sizes=\"auto, (max-width: 1024px) 100vw, 1024px\" \/><\/figure><\/div>\n\n<div class=\"wp-block-group margin-bottom-small is-layout-constrained wp-block-group-is-layout-constrained\"><div class=\"wp-block-group__inner-container\">\n<div class=\"wp-block-buttons is-content-justification-space-between is-layout-flex wp-container-core-buttons-is-layout-b2891da8 wp-block-buttons-is-layout-flex\">\n<div class=\"wp-block-button\"><a class=\"wp-block-button__link has-ast-global-color-5-color has-text-color has-link-color wp-element-button\" href=\"https:\/\/luxevakantiehuis-dordogne.com\/fr\/nos-conseils-charente\/\">Charente<\/a><\/div>\n\n\n\n<div class=\"wp-block-button\"><a class=\"wp-block-button__link has-ast-global-color-5-color has-text-color has-link-color wp-element-button\" href=\"https:\/\/luxevakantiehuis-dordogne.com\/fr\/nos-conseils-lot-et-garonne\/\">Lot-et-Garonne<\/a><\/div>\n\n\n\n<div class=\"wp-block-button\"><a class=\"wp-block-button__link has-ast-global-color-5-color has-text-color has-link-color wp-element-button\" href=\"https:\/\/luxevakantiehuis-dordogne.com\/category\/nos-conseils-perigord-noir\/\">P\u00e9rigord Noir<\/a><\/div>\n\n\n\n<div class=\"wp-block-button\"><a class=\"wp-block-button__link has-ast-global-color-5-color has-text-color has-link-color wp-element-button\" href=\"https:\/\/luxevakantiehuis-dordogne.com\/fr\/nos-conseils-perigord-pourpre\/\">P\u00e9rigord Pourpre<\/a><\/div>\n\n\n\n<div class=\"wp-block-button\"><a class=\"wp-block-button__link has-ast-global-color-5-color has-text-color has-link-color wp-element-button\" href=\"https:\/\/luxevakantiehuis-dordogne.com\/fr\/nos-conseils-perigord-vert\/\">P\u00e9rigord Vert<\/a><\/div>\n<\/div>\n<\/div><\/div>\n\n<div class=\"wp-block-group is-layout-constrained wp-block-group-is-layout-constrained\"><div class=\"wp-block-group__inner-container\">\n\t\t\t<div class=\"wp-block-uagb-post-grid uagb-post-grid  uagb-post__image-position-top uagb-post__image-enabled uagb-block-a06b10ca     uagb-post__items uagb-post__columns-3 is-grid uagb-post__columns-tablet-2 uagb-post__columns-mobile-1 uagb-post__equal-height\" data-total=\"1\" style=\"\">\n\n\t\t\t\t\t\t\t\t\t\t\t\t<article class=\"uagb-post__inner-wrap\">\t\t\t\t\t\t\t\t<div class='uagb-post__image'>\n\t\t\t\t\t\t\t\t\t<a href=\"https:\/\/luxevakantiehuis-dordogne.com\/fr\/nos-conseils\/lessentiel-smaak-van-de-perigord\/\" target=\"_self\" rel=\"bookmark noopener noreferrer\" class='uagb-image-ratio-inherit'><img loading=\"lazy\" decoding=\"async\" width=\"1024\" height=\"670\" src=\"https:\/\/luxevakantiehuis-dordogne.com\/wp-content\/uploads\/2024\/10\/essentiel-restaurant-perigueux-luxuryrentalsdordogne-1024x670.jpg\" class=\"attachment-large size-large\" alt=\"Culinaire creaties bij L\u2019Essentiel in P\u00e9rigueux, waar lokale smaken en moderne gerechten samenkomen.\" srcset=\"https:\/\/luxevakantiehuis-dordogne.com\/wp-content\/uploads\/2024\/10\/essentiel-restaurant-perigueux-luxuryrentalsdordogne-1024x670.jpg 1024w, https:\/\/luxevakantiehuis-dordogne.com\/wp-content\/uploads\/2024\/10\/essentiel-restaurant-perigueux-luxuryrentalsdordogne-300x196.jpg 300w, https:\/\/luxevakantiehuis-dordogne.com\/wp-content\/uploads\/2024\/10\/essentiel-restaurant-perigueux-luxuryrentalsdordogne-768x503.jpg 768w, https:\/\/luxevakantiehuis-dordogne.com\/wp-content\/uploads\/2024\/10\/essentiel-restaurant-perigueux-luxuryrentalsdordogne.jpg 1100w\" sizes=\"auto, (max-width: 1024px) 100vw, 1024px\" \/>\t\t\t\t\t<\/a>\n\t\t\t\t\t\t\t<\/div>\n\t\t\t\t\t\t<h4 class=\"uagb-post__title uagb-post__text\">\n\t\t\t\t<a href=\"https:\/\/luxevakantiehuis-dordogne.com\/fr\/nos-conseils\/lessentiel-smaak-van-de-perigord\/\" target=\"_self\" rel=\"bookmark noopener noreferrer\">L&rsquo;Essentiel: de smaak van de P\u00e9rigord<\/a>\n\t\t\t<\/h4>\n\t\t\t\t\t\t<div class='uagb-post__text uagb-post-grid-byline'>\n\t\t\t\t\t\t\t<\/div>\n\t\t\t\t\t\t\t<div class='uagb-post__text uagb-post__excerpt'>\n\t\t\t\t\t<p>Envie de d\u00e9couvrir le P\u00e9rigord sous son meilleur jour ? \u00c0 L&rsquo;Essentiel, \u00e0 P\u00e9rigueux, vous trouverez des plats modernes qui&#8230;\t\t\t\t<\/div>\n\t\t\t\t\t\t<div class=\"uagb-post__text uagb-post__cta wp-block-button\">\n\t\t\t\t<a class=\"wp-block-button__link uagb-text-link\" style=\"\" href=\"https:\/\/luxevakantiehuis-dordogne.com\/fr\/nos-conseils\/lessentiel-smaak-van-de-perigord\/\" target=\"_self\" rel=\"bookmark noopener noreferrer\">Lire la suite<\/a>\n\t\t\t<\/div>\n\t\t\t\n\t\t\t\t\t\t\t\t\t<\/article>\n\t\t\t\t\t\t\t\t\t\t\t\t\t\t\t\t<article class=\"uagb-post__inner-wrap\">\t\t\t\t\t\t\t\t<div class='uagb-post__image'>\n\t\t\t\t\t\t\t\t\t<a href=\"https:\/\/luxevakantiehuis-dordogne.com\/fr\/nos-conseils\/sorges-capitale-truffe\/\" target=\"_self\" rel=\"bookmark noopener noreferrer\" class='uagb-image-ratio-inherit'><img loading=\"lazy\" decoding=\"async\" width=\"1024\" height=\"670\" src=\"https:\/\/luxevakantiehuis-dordogne.com\/wp-content\/uploads\/2024\/10\/perigord-vert-sorges-truffel-luxevakantiehuisdordogne-1024x670.jpg\" class=\"attachment-large size-large\" alt=\"Sorges, de hoofdstad van de truffel - Luxe Vakantiehuis Dordogne\" srcset=\"https:\/\/luxevakantiehuis-dordogne.com\/wp-content\/uploads\/2024\/10\/perigord-vert-sorges-truffel-luxevakantiehuisdordogne-1024x670.jpg 1024w, https:\/\/luxevakantiehuis-dordogne.com\/wp-content\/uploads\/2024\/10\/perigord-vert-sorges-truffel-luxevakantiehuisdordogne-300x196.jpg 300w, https:\/\/luxevakantiehuis-dordogne.com\/wp-content\/uploads\/2024\/10\/perigord-vert-sorges-truffel-luxevakantiehuisdordogne-768x503.jpg 768w, https:\/\/luxevakantiehuis-dordogne.com\/wp-content\/uploads\/2024\/10\/perigord-vert-sorges-truffel-luxevakantiehuisdordogne.jpg 1100w\" sizes=\"auto, (max-width: 1024px) 100vw, 1024px\" \/>\t\t\t\t\t<\/a>\n\t\t\t\t\t\t\t<\/div>\n\t\t\t\t\t\t<h4 class=\"uagb-post__title uagb-post__text\">\n\t\t\t\t<a href=\"https:\/\/luxevakantiehuis-dordogne.com\/fr\/nos-conseils\/sorges-capitale-truffe\/\" target=\"_self\" rel=\"bookmark noopener noreferrer\">Sorges : capitale de la truffe<\/a>\n\t\t\t<\/h4>\n\t\t\t\t\t\t<div class='uagb-post__text uagb-post-grid-byline'>\n\t\t\t\t\t\t\t<\/div>\n\t\t\t\t\t\t\t<div class='uagb-post__text uagb-post__excerpt'>\n\t\t\t\t\t<p>Connu comme le \u00ab centre truffier \u00bb de la France, ce charmant village est le fier gardien d&rsquo;une tradition s\u00e9culaire&#8230;\t\t\t\t<\/div>\n\t\t\t\t\t\t<div class=\"uagb-post__text uagb-post__cta wp-block-button\">\n\t\t\t\t<a class=\"wp-block-button__link uagb-text-link\" style=\"\" href=\"https:\/\/luxevakantiehuis-dordogne.com\/fr\/nos-conseils\/sorges-capitale-truffe\/\" target=\"_self\" rel=\"bookmark noopener noreferrer\">Lire la suite<\/a>\n\t\t\t<\/div>\n\t\t\t\n\t\t\t\t\t\t\t\t\t<\/article>\n\t\t\t\t\t\t\t\t\t\t\t\t\t\t\t\t<article class=\"uagb-post__inner-wrap\">\t\t\t\t\t\t\t\t<div class='uagb-post__image'>\n\t\t\t\t\t\t\t\t\t<a href=\"https:\/\/luxevakantiehuis-dordogne.com\/fr\/nos-conseils\/guide-voyage-perigueux\/\" target=\"_self\" rel=\"bookmark noopener noreferrer\" class='uagb-image-ratio-inherit'><img loading=\"lazy\" decoding=\"async\" width=\"1024\" height=\"670\" src=\"https:\/\/luxevakantiehuis-dordogne.com\/wp-content\/uploads\/2024\/10\/perigueux-luxe-vakantiehuis-dordogne-1024x670.jpg\" class=\"attachment-large size-large\" alt=\"perigueux luxe vakantiehuis dordogne\" srcset=\"https:\/\/luxevakantiehuis-dordogne.com\/wp-content\/uploads\/2024\/10\/perigueux-luxe-vakantiehuis-dordogne-1024x670.jpg 1024w, https:\/\/luxevakantiehuis-dordogne.com\/wp-content\/uploads\/2024\/10\/perigueux-luxe-vakantiehuis-dordogne-300x196.jpg 300w, https:\/\/luxevakantiehuis-dordogne.com\/wp-content\/uploads\/2024\/10\/perigueux-luxe-vakantiehuis-dordogne-768x503.jpg 768w, https:\/\/luxevakantiehuis-dordogne.com\/wp-content\/uploads\/2024\/10\/perigueux-luxe-vakantiehuis-dordogne.jpg 1100w\" sizes=\"auto, (max-width: 1024px) 100vw, 1024px\" \/>\t\t\t\t\t<\/a>\n\t\t\t\t\t\t\t<\/div>\n\t\t\t\t\t\t<h4 class=\"uagb-post__title uagb-post__text\">\n\t\t\t\t<a href=\"https:\/\/luxevakantiehuis-dordogne.com\/fr\/nos-conseils\/guide-voyage-perigueux\/\" target=\"_self\" rel=\"bookmark noopener noreferrer\">Guide de voyage de P\u00e9rigueux<\/a>\n\t\t\t<\/h4>\n\t\t\t\t\t\t<div class='uagb-post__text uagb-post-grid-byline'>\n\t\t\t\t\t\t\t<\/div>\n\t\t\t\t\t\t\t<div class='uagb-post__text uagb-post__excerpt'>\n\t\t\t\t\t<p>P\u00e9rigueux est la capitale du P\u00e9rigord Blanc. Situ\u00e9e \u00e0 66 kilom\u00e8tres au nord-ouest de Sarlat, cette ville historique offre un&#8230;\t\t\t\t<\/div>\n\t\t\t\t\t\t<div class=\"uagb-post__text uagb-post__cta wp-block-button\">\n\t\t\t\t<a class=\"wp-block-button__link uagb-text-link\" style=\"\" href=\"https:\/\/luxevakantiehuis-dordogne.com\/fr\/nos-conseils\/guide-voyage-perigueux\/\" target=\"_self\" rel=\"bookmark noopener noreferrer\">Lire la suite<\/a>\n\t\t\t<\/div>\n\t\t\t\n\t\t\t\t\t\t\t\t\t<\/article>\n\t\t\t\t\t\t\t\t\t\t\t\t\t\t\t\t<article class=\"uagb-post__inner-wrap\">\t\t\t\t\t\t\t\t<div class='uagb-post__image'>\n\t\t\t\t\t\t\t\t\t<a href=\"https:\/\/luxevakantiehuis-dordogne.com\/fr\/nos-conseils\/degustation-caviar-perigord-blanc\/\" target=\"_self\" rel=\"bookmark noopener noreferrer\" class='uagb-image-ratio-inherit'><img loading=\"lazy\" decoding=\"async\" width=\"1024\" height=\"670\" src=\"https:\/\/luxevakantiehuis-dordogne.com\/wp-content\/uploads\/2024\/10\/caviar-neuvic-4-1024x670.jpg\" class=\"attachment-large size-large\" alt=\"caviar neuvic\" srcset=\"https:\/\/luxevakantiehuis-dordogne.com\/wp-content\/uploads\/2024\/10\/caviar-neuvic-4-1024x670.jpg 1024w, https:\/\/luxevakantiehuis-dordogne.com\/wp-content\/uploads\/2024\/10\/caviar-neuvic-4-300x196.jpg 300w, https:\/\/luxevakantiehuis-dordogne.com\/wp-content\/uploads\/2024\/10\/caviar-neuvic-4-768x503.jpg 768w, https:\/\/luxevakantiehuis-dordogne.com\/wp-content\/uploads\/2024\/10\/caviar-neuvic-4.jpg 1100w\" sizes=\"auto, (max-width: 1024px) 100vw, 1024px\" \/>\t\t\t\t\t<\/a>\n\t\t\t\t\t\t\t<\/div>\n\t\t\t\t\t\t<h4 class=\"uagb-post__title uagb-post__text\">\n\t\t\t\t<a href=\"https:\/\/luxevakantiehuis-dordogne.com\/fr\/nos-conseils\/degustation-caviar-perigord-blanc\/\" target=\"_self\" rel=\"bookmark noopener noreferrer\">D\u00e9gustation de caviar en P\u00e9rigord Blanc<\/a>\n\t\t\t<\/h4>\n\t\t\t\t\t\t<div class='uagb-post__text uagb-post-grid-byline'>\n\t\t\t\t\t\t\t<\/div>\n\t\t\t\t\t\t\t<div class='uagb-post__text uagb-post__excerpt'>\n\t\t\t\t\t<p>Visitez la ferme d&rsquo;esturgeons \u00ab Caviar de Neuvic \u00bb et d\u00e9couvrez l&rsquo;envers du d\u00e9cor. Un guide vous fera visiter les&#8230;\t\t\t\t<\/div>\n\t\t\t\t\t\t<div class=\"uagb-post__text uagb-post__cta wp-block-button\">\n\t\t\t\t<a class=\"wp-block-button__link uagb-text-link\" style=\"\" href=\"https:\/\/luxevakantiehuis-dordogne.com\/fr\/nos-conseils\/degustation-caviar-perigord-blanc\/\" target=\"_self\" rel=\"bookmark noopener noreferrer\">Lire la suite<\/a>\n\t\t\t<\/div>\n\t\t\t\n\t\t\t\t\t\t\t\t\t<\/article>\n\t\t\t\t\t\t\t\t\t\t\t\t\t\t\t\t<article class=\"uagb-post__inner-wrap\">\t\t\t\t\t\t\t\t<div class='uagb-post__image'>\n\t\t\t\t\t\t\t\t\t<a href=\"https:\/\/luxevakantiehuis-dordogne.com\/fr\/nos-conseils\/location-velos-pres-de-perigueux\/\" target=\"_self\" rel=\"bookmark noopener noreferrer\" class='uagb-image-ratio-inherit'><img loading=\"lazy\" decoding=\"async\" width=\"1024\" height=\"670\" src=\"https:\/\/luxevakantiehuis-dordogne.com\/wp-content\/uploads\/2024\/10\/3a-bikes-trelissac-1024x670.jpg\" class=\"attachment-large size-large\" alt=\"Fietsen langs de Voie Vert in P\u00e9rigueux, ideaal voor een ontspannen ontdekkingstocht.\" srcset=\"https:\/\/luxevakantiehuis-dordogne.com\/wp-content\/uploads\/2024\/10\/3a-bikes-trelissac-1024x670.jpg 1024w, https:\/\/luxevakantiehuis-dordogne.com\/wp-content\/uploads\/2024\/10\/3a-bikes-trelissac-300x196.jpg 300w, https:\/\/luxevakantiehuis-dordogne.com\/wp-content\/uploads\/2024\/10\/3a-bikes-trelissac-768x503.jpg 768w, https:\/\/luxevakantiehuis-dordogne.com\/wp-content\/uploads\/2024\/10\/3a-bikes-trelissac.jpg 1100w\" sizes=\"auto, (max-width: 1024px) 100vw, 1024px\" \/>\t\t\t\t\t<\/a>\n\t\t\t\t\t\t\t<\/div>\n\t\t\t\t\t\t<h4 class=\"uagb-post__title uagb-post__text\">\n\t\t\t\t<a href=\"https:\/\/luxevakantiehuis-dordogne.com\/fr\/nos-conseils\/location-velos-pres-de-perigueux\/\" target=\"_self\" rel=\"bookmark noopener noreferrer\">Location de v\u00e9los pr\u00e8s de P\u00e9rigueux<\/a>\n\t\t\t<\/h4>\n\t\t\t\t\t\t<div class='uagb-post__text uagb-post-grid-byline'>\n\t\t\t\t\t\t\t<\/div>\n\t\t\t\t\t\t\t<div class='uagb-post__text uagb-post__excerpt'>\n\t\t\t\t\t<p>3A Bikes loue des v\u00e9los pr\u00e8s de P\u00e9rigueux. C&rsquo;est un vrai plaisir de d\u00e9couvrir la ville \u00e0 son rythme. De&#8230;\t\t\t\t<\/div>\n\t\t\t\t\t\t<div class=\"uagb-post__text uagb-post__cta wp-block-button\">\n\t\t\t\t<a class=\"wp-block-button__link uagb-text-link\" style=\"\" href=\"https:\/\/luxevakantiehuis-dordogne.com\/fr\/nos-conseils\/location-velos-pres-de-perigueux\/\" target=\"_self\" rel=\"bookmark noopener noreferrer\">Lire la suite<\/a>\n\t\t\t<\/div>\n\t\t\t\n\t\t\t\t\t\t\t\t\t<\/article>\n\t\t\t\t\t\t\t\t\t\t\t<\/div>\n\t\t\t<\/div><\/div>\n\n<div class=\"wp-block-group left is-layout-constrained wp-block-group-is-layout-constrained\"><div class=\"wp-block-group__inner-container\">\n<h4 class=\"wp-block-heading\">Encore plus de conseils de notre part et de nos propri\u00e9taires<\/h4>\n\n\n\n<h2 class=\"wp-block-heading\">Carte de Pr\u00e9paration<\/h2>\n\n\n<div id=\"divider-wrapperblock_eb47ff1573257c92762ec5482474e8f2\" class=\"divider-wrap narrow\">\r\n        <div class=\"divider red\"><\/div> \r\n    <\/div>\r\n\r\n\n\n\n<p><strong>Explication de la carte<\/strong><br\/>1. Ouvrez la carte dans un nouvel onglet en cliquant sur l&rsquo;ic\u00f4ne en forme de carr\u00e9 en haut \u00e0 droite.<br\/>2. Zoomez avant ou arri\u00e8re.<br\/>3. Utilisez la barre de recherche pour trouver votre maison et explorer les environs.<br\/>Vous pouvez \u00e9galement rechercher une activit\u00e9 ou un lieu.<\/p>\n\n\n\n<iframe loading=\"lazy\" src=\"https:\/\/www.google.com\/maps\/d\/embed?mid=1OzFr5EYrCY2ycun5BVS4pnkK6Nc&#038;ehbc=2E312F\" width=\"100%\" height=\"554\"><\/iframe>\n<\/div><\/div>\n","protected":false},"excerpt":{"rendered":"<p>Encore plus de conseils de notre part et de nos propri\u00e9taires Carte de Pr\u00e9paration Explication de la carte1. Ouvrez la carte dans un nouvel onglet en cliquant sur l&rsquo;ic\u00f4ne en forme de carr\u00e9 en haut \u00e0 droite.2. Zoomez avant ou arri\u00e8re.3. Utilisez la barre de recherche pour trouver votre maison et explorer les environs.Vous pouvez [&hellip;]<\/p>\n","protected":false},"author":5,"featured_media":4474,"parent":0,"menu_order":0,"comment_status":"closed","ping_status":"closed","template":"page-tips.php","meta":{"_acf_changed":false,"_seopress_robots_primary_cat":"","_seopress_titles_title":"D\u00e9couvrez le P\u00e9rigord Blanc : Conseils de Luxury Rentals Dordogne","_seopress_titles_desc":"Explorez le P\u00e9rigord Blanc avec des conseils pour P\u00e9rigueux, les truffes et bien plus. Profitez d'une maison de vacances de luxe dans la magnifique Dordogne ! ","_seopress_robots_index":"","_uag_custom_page_level_css":"","site-sidebar-layout":"default","site-content-layout":"","ast-site-content-layout":"default","site-content-style":"default","site-sidebar-style":"default","ast-global-header-display":"","ast-banner-title-visibility":"","ast-main-header-display":"","ast-hfb-above-header-display":"","ast-hfb-below-header-display":"","ast-hfb-mobile-header-display":"","site-post-title":"","ast-breadcrumbs-content":"","ast-featured-img":"","footer-sml-layout":"","ast-disable-related-posts":"","theme-transparent-header-meta":"","adv-header-id-meta":"","stick-header-meta":"","header-above-stick-meta":"","header-main-stick-meta":"","header-below-stick-meta":"","astra-migrate-meta-layouts":"default","ast-page-background-enabled":"default","ast-page-background-meta":{"desktop":{"background-color":"var(--ast-global-color-4)","background-image":"","background-repeat":"repeat","background-position":"center center","background-size":"auto","background-attachment":"scroll","background-type":"","background-media":"","overlay-type":"","overlay-color":"","overlay-opacity":"","overlay-gradient":""},"tablet":{"background-color":"","background-image":"","background-repeat":"repeat","background-position":"center center","background-size":"auto","background-attachment":"scroll","background-type":"","background-media":"","overlay-type":"","overlay-color":"","overlay-opacity":"","overlay-gradient":""},"mobile":{"background-color":"","background-image":"","background-repeat":"repeat","background-position":"center center","background-size":"auto","background-attachment":"scroll","background-type":"","background-media":"","overlay-type":"","overlay-color":"","overlay-opacity":"","overlay-gradient":""}},"ast-content-background-meta":{"desktop":{"background-color":"var(--ast-global-color-5)","background-image":"","background-repeat":"repeat","background-position":"center center","background-size":"auto","background-attachment":"scroll","background-type":"","background-media":"","overlay-type":"","overlay-color":"","overlay-opacity":"","overlay-gradient":""},"tablet":{"background-color":"var(--ast-global-color-5)","background-image":"","background-repeat":"repeat","background-position":"center center","background-size":"auto","background-attachment":"scroll","background-type":"","background-media":"","overlay-type":"","overlay-color":"","overlay-opacity":"","overlay-gradient":""},"mobile":{"background-color":"var(--ast-global-color-5)","background-image":"","background-repeat":"repeat","background-position":"center center","background-size":"auto","background-attachment":"scroll","background-type":"","background-media":"","overlay-type":"","overlay-color":"","overlay-opacity":"","overlay-gradient":""}},"footnotes":""},"class_list":["post-9613","page","type-page","status-publish","has-post-thumbnail","hentry"],"acf":[],"uagb_featured_image_src":{"full":["https:\/\/luxevakantiehuis-dordogne.com\/wp-content\/uploads\/2024\/10\/perigord-blanc-perigueux2-luxevakantiehuisdordogne-aspect-ratio-500-333.jpg",1130,753,false],"thumbnail":["https:\/\/luxevakantiehuis-dordogne.com\/wp-content\/uploads\/2024\/10\/perigord-blanc-perigueux2-luxevakantiehuisdordogne-aspect-ratio-500-333-150x150.jpg",150,150,true],"medium":["https:\/\/luxevakantiehuis-dordogne.com\/wp-content\/uploads\/2024\/10\/perigord-blanc-perigueux2-luxevakantiehuisdordogne-aspect-ratio-500-333-300x200.jpg",300,200,true],"medium_large":["https:\/\/luxevakantiehuis-dordogne.com\/wp-content\/uploads\/2024\/10\/perigord-blanc-perigueux2-luxevakantiehuisdordogne-aspect-ratio-500-333-768x512.jpg",768,512,true],"large":["https:\/\/luxevakantiehuis-dordogne.com\/wp-content\/uploads\/2024\/10\/perigord-blanc-perigueux2-luxevakantiehuisdordogne-aspect-ratio-500-333-1024x682.jpg",1024,682,true],"1536x1536":["https:\/\/luxevakantiehuis-dordogne.com\/wp-content\/uploads\/2024\/10\/perigord-blanc-perigueux2-luxevakantiehuisdordogne-aspect-ratio-500-333.jpg",1130,753,false],"2048x2048":["https:\/\/luxevakantiehuis-dordogne.com\/wp-content\/uploads\/2024\/10\/perigord-blanc-perigueux2-luxevakantiehuisdordogne-aspect-ratio-500-333.jpg",1130,753,false],"gform-image-choice-sm":["https:\/\/luxevakantiehuis-dordogne.com\/wp-content\/uploads\/2024\/10\/perigord-blanc-perigueux2-luxevakantiehuisdordogne-aspect-ratio-500-333.jpg",300,200,false],"gform-image-choice-md":["https:\/\/luxevakantiehuis-dordogne.com\/wp-content\/uploads\/2024\/10\/perigord-blanc-perigueux2-luxevakantiehuisdordogne-aspect-ratio-500-333.jpg",400,267,false],"gform-image-choice-lg":["https:\/\/luxevakantiehuis-dordogne.com\/wp-content\/uploads\/2024\/10\/perigord-blanc-perigueux2-luxevakantiehuisdordogne-aspect-ratio-500-333.jpg",600,400,false]},"uagb_author_info":{"display_name":"Boris Hoekmeijer","author_link":"https:\/\/luxevakantiehuis-dordogne.com\/fr\/author\/admbo_lx3v4kan-drdgn\/"},"uagb_comment_info":0,"uagb_excerpt":"Encore plus de conseils de notre part et de nos propri\u00e9taires Carte de Pr\u00e9paration Explication de la carte1. Ouvrez la carte dans un nouvel onglet en cliquant sur l&rsquo;ic\u00f4ne en forme de carr\u00e9 en haut \u00e0 droite.2. Zoomez avant ou arri\u00e8re.3. Utilisez la barre de recherche pour trouver votre maison et explorer les environs.Vous pouvez\u2026","_links":{"self":[{"href":"https:\/\/luxevakantiehuis-dordogne.com\/fr\/wp-json\/wp\/v2\/pages\/9613","targetHints":{"allow":["GET"]}}],"collection":[{"href":"https:\/\/luxevakantiehuis-dordogne.com\/fr\/wp-json\/wp\/v2\/pages"}],"about":[{"href":"https:\/\/luxevakantiehuis-dordogne.com\/fr\/wp-json\/wp\/v2\/types\/page"}],"author":[{"embeddable":true,"href":"https:\/\/luxevakantiehuis-dordogne.com\/fr\/wp-json\/wp\/v2\/users\/5"}],"replies":[{"embeddable":true,"href":"https:\/\/luxevakantiehuis-dordogne.com\/fr\/wp-json\/wp\/v2\/comments?post=9613"}],"version-history":[{"count":0,"href":"https:\/\/luxevakantiehuis-dordogne.com\/fr\/wp-json\/wp\/v2\/pages\/9613\/revisions"}],"wp:featuredmedia":[{"embeddable":true,"href":"https:\/\/luxevakantiehuis-dordogne.com\/fr\/wp-json\/wp\/v2\/media\/4474"}],"wp:attachment":[{"href":"https:\/\/luxevakantiehuis-dordogne.com\/fr\/wp-json\/wp\/v2\/media?parent=9613"}],"curies":[{"name":"wp","href":"https:\/\/api.w.org\/{rel}","templated":true}]}}